{"id":5448,"date":"2022-01-10T17:30:53","date_gmt":"2022-01-10T16:30:53","guid":{"rendered":"https:\/\/alfred-scheerer.de\/shop\/?post_type=product&#038;p=5448"},"modified":"2025-05-27T16:14:26","modified_gmt":"2025-05-27T14:14:26","slug":"installations-kit-safety-s-bis-400-m%c2%b2-100-m-kabel-100-naegel-5-verbinder","status":"publish","type":"product","link":"https:\/\/www.alfred-scheerer.de\/shop\/product\/installations-kit-safety-s-bis-400-m%c2%b2-100-m-kabel-100-naegel-5-verbinder\/","title":{"rendered":"Installations-Kit Safety S bis 400 m\u00b2, 100 m Kabel, 100 N\u00e4gel, 5 Verbinder"},"content":{"rendered":"<h2>Installations-Kit Safety S \u2013 F\u00fcr sichere M\u00e4hfl\u00e4cheninstallation<\/h2>\n<h2><\/h2>\n<p data-start=\"238\" data-end=\"570\">Das <strong data-start=\"242\" data-end=\"276\">Installations-Kit Safety S<\/strong>\u00a0ist die ideale L\u00f6sung f\u00fcr alle, die bei der Installation ihres M\u00e4hroboters auf maximale Sicherheit und Qualit\u00e4t setzen. Dank des verst\u00e4rkten Sicherheits-Begrenzungskabels mit 1,35 mm\u00b2 Querschnitt eignet sich das Kit perfekt f\u00fcr einfache Rasenfl\u00e4chen bis 400 m\u00b2 oder komplexe G\u00e4rten bis 250 m\u00b2.<\/p>\n<p><strong>ausreichend f\u00fcr:<\/strong><br \/>\neinfache Rasenfl\u00e4chen bis 400 m\u00b2<br \/>\nkomplexe Rasenfl\u00e4chen bis 250 m\u00b2<\/p>\n<p><strong>Lieferumfang:<\/strong><br \/>\n100 m Sicherheits-Begrenzungskabel 1,35 mm\u00b2<br \/>\n100 St\u00fcck N\u00e4gel<br \/>\n5 St\u00fcck Gel-Verbinder 3M 314<\/p>\n","protected":false},"excerpt":{"rendered":"<p><strong>Installations-Kit Safety S M\u00e4hroboter<\/strong>\u00a0mit extra stabilem Begrenzungskabel f\u00fcr Rasenfl\u00e4chen bis 400 m\u00b2. Ideal f\u00fcr sichere, langlebige M\u00e4hroboter-Installationen.<\/p>\n<p><strong>ausreichend f\u00fcr:<\/strong><br \/>\neinfache Rasenfl\u00e4chen bis 400 m\u00b2<br \/>\nkomplexe Rasenfl\u00e4chen bis 250 m\u00b2<\/p>\n","protected":false},"featured_media":11622,"template":"","meta":[],"product_brand":[],"product_cat":[308,876],"product_tag":[889,890,891,892,899,900,880,901,881,902,882,883,888],"class_list":{"0":"post-5448","1":"product","2":"type-product","3":"status-publish","4":"has-post-thumbnail","6":"product_cat-installation-kits","7":"product_cat-installations-kits","8":"product_tag-perimeterkabel","9":"product_tag-maehroboter-kabel","10":"product_tag-rasenroboter-kabel","11":"product_tag-randkabel","12":"product_tag-maehroboter-installation","13":"product_tag-rasenroboter-installation","14":"product_tag-kabel-nagel","15":"product_tag-maehroboter-installieren","16":"product_tag-rasennagel","17":"product_tag-rasenroboter-installieren","18":"product_tag-kunststoffnagel","19":"product_tag-nagel-begrenzungskabel","20":"product_tag-begrenzungskabel","22":"first","23":"instock","24":"sale","25":"taxable","26":"shipping-taxable","27":"purchasable","28":"product-type-woosb"},"yoast_head":"<!-- This site is optimized with the Yoast SEO plugin v27.4 - https:\/\/yoast.com\/product\/yoast-seo-wordpress\/ -->\n<title>Installations-Kit Safety S M\u00e4hroboter - 400 m\u00b2 Rasenfl\u00e4che<\/title>\n<meta name=\"description\" content=\"Installations-Kit Safety S M\u00e4hroboter f\u00fcr Rasenfl\u00e4chen bis 400 m\u00b2 \u2013 mit verst\u00e4rktem Sicherheitskabel, N\u00e4geln &amp; 3M-Verbindern. F\u00fcr eine langlebige Installation.\" \/>\n<meta name=\"robots\" content=\"index, follow, max-snippet:-1, max-image-preview:large, max-video-preview:-1\" \/>\n<link rel=\"canonical\" href=\"https:\/\/www.alfred-scheerer.de\/shop\/product\/installations-kit-safety-s-bis-400-m\u00b2-100-m-kabel-100-naegel-5-verbinder\/\" \/>\n<meta property=\"og:locale\" content=\"de_DE\" \/>\n<meta property=\"og:type\" content=\"article\" \/>\n<meta property=\"og:title\" content=\"Installations-Kit Safety S M\u00e4hroboter - 400 m\u00b2 Rasenfl\u00e4che\" \/>\n<meta property=\"og:description\" content=\"Installations-Kit Safety S M\u00e4hroboter f\u00fcr Rasenfl\u00e4chen bis 400 m\u00b2 \u2013 mit verst\u00e4rktem Sicherheitskabel, N\u00e4geln &amp; 3M-Verbindern. F\u00fcr eine langlebige Installation.\" \/>\n<meta property=\"og:url\" content=\"https:\/\/www.alfred-scheerer.de\/shop\/product\/installations-kit-safety-s-bis-400-m\u00b2-100-m-kabel-100-naegel-5-verbinder\/\" \/>\n<meta property=\"og:site_name\" content=\"Gartentechnik Scheerer\" \/>\n<meta property=\"article:modified_time\" content=\"2025-05-27T14:14:26+00:00\" \/>\n<meta property=\"og:image\" content=\"https:\/\/www.alfred-scheerer.de\/shop\/wp-content\/uploads\/2020\/04\/Installations_kit_Safety.jpg\" \/>\n\t<meta property=\"og:image:width\" content=\"800\" \/>\n\t<meta property=\"og:image:height\" content=\"800\" \/>\n\t<meta property=\"og:image:type\" content=\"image\/jpeg\" \/>\n<meta name=\"twitter:card\" content=\"summary_large_image\" \/>\n<script type=\"application\/ld+json\" class=\"yoast-schema-graph\">{\"@context\":\"https:\\\/\\\/schema.org\",\"@graph\":[{\"@type\":\"WebPage\",\"@id\":\"https:\\\/\\\/www.alfred-scheerer.de\\\/shop\\\/product\\\/installations-kit-safety-s-bis-400-m%c2%b2-100-m-kabel-100-naegel-5-verbinder\\\/\",\"url\":\"https:\\\/\\\/www.alfred-scheerer.de\\\/shop\\\/product\\\/installations-kit-safety-s-bis-400-m%c2%b2-100-m-kabel-100-naegel-5-verbinder\\\/\",\"name\":\"Installations-Kit Safety S M\u00e4hroboter - 400 m\u00b2 Rasenfl\u00e4che\",\"isPartOf\":{\"@id\":\"https:\\\/\\\/www.alfred-scheerer.de\\\/shop\\\/#website\"},\"primaryImageOfPage\":{\"@id\":\"https:\\\/\\\/www.alfred-scheerer.de\\\/shop\\\/product\\\/installations-kit-safety-s-bis-400-m%c2%b2-100-m-kabel-100-naegel-5-verbinder\\\/#primaryimage\"},\"image\":{\"@id\":\"https:\\\/\\\/www.alfred-scheerer.de\\\/shop\\\/product\\\/installations-kit-safety-s-bis-400-m%c2%b2-100-m-kabel-100-naegel-5-verbinder\\\/#primaryimage\"},\"thumbnailUrl\":\"https:\\\/\\\/www.alfred-scheerer.de\\\/shop\\\/wp-content\\\/uploads\\\/2020\\\/04\\\/Installations_kit_Safety.jpg\",\"datePublished\":\"2022-01-10T16:30:53+00:00\",\"dateModified\":\"2025-05-27T14:14:26+00:00\",\"description\":\"Installations-Kit Safety S M\u00e4hroboter f\u00fcr Rasenfl\u00e4chen bis 400 m\u00b2 \u2013 mit verst\u00e4rktem Sicherheitskabel, N\u00e4geln & 3M-Verbindern. F\u00fcr eine langlebige Installation.\",\"breadcrumb\":{\"@id\":\"https:\\\/\\\/www.alfred-scheerer.de\\\/shop\\\/product\\\/installations-kit-safety-s-bis-400-m%c2%b2-100-m-kabel-100-naegel-5-verbinder\\\/#breadcrumb\"},\"inLanguage\":\"de\",\"potentialAction\":[{\"@type\":\"ReadAction\",\"target\":[\"https:\\\/\\\/www.alfred-scheerer.de\\\/shop\\\/product\\\/installations-kit-safety-s-bis-400-m%c2%b2-100-m-kabel-100-naegel-5-verbinder\\\/\"]}]},{\"@type\":\"ImageObject\",\"inLanguage\":\"de\",\"@id\":\"https:\\\/\\\/www.alfred-scheerer.de\\\/shop\\\/product\\\/installations-kit-safety-s-bis-400-m%c2%b2-100-m-kabel-100-naegel-5-verbinder\\\/#primaryimage\",\"url\":\"https:\\\/\\\/www.alfred-scheerer.de\\\/shop\\\/wp-content\\\/uploads\\\/2020\\\/04\\\/Installations_kit_Safety.jpg\",\"contentUrl\":\"https:\\\/\\\/www.alfred-scheerer.de\\\/shop\\\/wp-content\\\/uploads\\\/2020\\\/04\\\/Installations_kit_Safety.jpg\",\"width\":800,\"height\":800},{\"@type\":\"BreadcrumbList\",\"@id\":\"https:\\\/\\\/www.alfred-scheerer.de\\\/shop\\\/product\\\/installations-kit-safety-s-bis-400-m%c2%b2-100-m-kabel-100-naegel-5-verbinder\\\/#breadcrumb\",\"itemListElement\":[{\"@type\":\"ListItem\",\"position\":1,\"name\":\"Startseite\",\"item\":\"https:\\\/\\\/www.alfred-scheerer.de\\\/shop\\\/\"},{\"@type\":\"ListItem\",\"position\":2,\"name\":\"Gartentechnik Scheerer &#8211; Der Online Shop f\u00fcr M\u00e4hroboter und Zubeh\u00f6r\",\"item\":\"https:\\\/\\\/www.alfred-scheerer.de\\\/shop\\\/\"},{\"@type\":\"ListItem\",\"position\":3,\"name\":\"Installations-Kit Safety S bis 400 m\u00b2, 100 m Kabel, 100 N\u00e4gel, 5 Verbinder\"}]},{\"@type\":\"WebSite\",\"@id\":\"https:\\\/\\\/www.alfred-scheerer.de\\\/shop\\\/#website\",\"url\":\"https:\\\/\\\/www.alfred-scheerer.de\\\/shop\\\/\",\"name\":\"Scheerer GmbH (ehem. Alfred Scheerer e.K.)\",\"description\":\"Der Online Shop aus Wermelskirchen f\u00fcr M\u00e4hroboter, Akku Gartenger\u00e4te, Ersatzteile und Zubeh\u00f6r\",\"publisher\":{\"@id\":\"https:\\\/\\\/www.alfred-scheerer.de\\\/shop\\\/#organization\"},\"potentialAction\":[{\"@type\":\"SearchAction\",\"target\":{\"@type\":\"EntryPoint\",\"urlTemplate\":\"https:\\\/\\\/www.alfred-scheerer.de\\\/shop\\\/?s={search_term_string}\"},\"query-input\":{\"@type\":\"PropertyValueSpecification\",\"valueRequired\":true,\"valueName\":\"search_term_string\"}}],\"inLanguage\":\"de\"},{\"@type\":\"Organization\",\"@id\":\"https:\\\/\\\/www.alfred-scheerer.de\\\/shop\\\/#organization\",\"name\":\"Scheerer GmbH\",\"url\":\"https:\\\/\\\/www.alfred-scheerer.de\\\/shop\\\/\",\"logo\":{\"@type\":\"ImageObject\",\"inLanguage\":\"de\",\"@id\":\"https:\\\/\\\/www.alfred-scheerer.de\\\/shop\\\/#\\\/schema\\\/logo\\\/image\\\/\",\"url\":\"https:\\\/\\\/alfred-scheerer.de\\\/shop\\\/wp-content\\\/uploads\\\/2024\\\/05\\\/baum.jpg\",\"contentUrl\":\"https:\\\/\\\/alfred-scheerer.de\\\/shop\\\/wp-content\\\/uploads\\\/2024\\\/05\\\/baum.jpg\",\"width\":512,\"height\":512,\"caption\":\"Scheerer GmbH\"},\"image\":{\"@id\":\"https:\\\/\\\/www.alfred-scheerer.de\\\/shop\\\/#\\\/schema\\\/logo\\\/image\\\/\"},\"sameAs\":[\"https:\\\/\\\/www.instagram.com\\\/alfredscheerer\\\/\"]}]}<\/script>\n<!-- \/ Yoast SEO plugin. -->","yoast_head_json":{"title":"Installations-Kit Safety S M\u00e4hroboter - 400 m\u00b2 Rasenfl\u00e4che","description":"Installations-Kit Safety S M\u00e4hroboter f\u00fcr Rasenfl\u00e4chen bis 400 m\u00b2 \u2013 mit verst\u00e4rktem Sicherheitskabel, N\u00e4geln & 3M-Verbindern. F\u00fcr eine langlebige Installation.","robots":{"index":"index","follow":"follow","max-snippet":"max-snippet:-1","max-image-preview":"max-image-preview:large","max-video-preview":"max-video-preview:-1"},"canonical":"https:\/\/www.alfred-scheerer.de\/shop\/product\/installations-kit-safety-s-bis-400-m\u00b2-100-m-kabel-100-naegel-5-verbinder\/","og_locale":"de_DE","og_type":"article","og_title":"Installations-Kit Safety S M\u00e4hroboter - 400 m\u00b2 Rasenfl\u00e4che","og_description":"Installations-Kit Safety S M\u00e4hroboter f\u00fcr Rasenfl\u00e4chen bis 400 m\u00b2 \u2013 mit verst\u00e4rktem Sicherheitskabel, N\u00e4geln & 3M-Verbindern. F\u00fcr eine langlebige Installation.","og_url":"https:\/\/www.alfred-scheerer.de\/shop\/product\/installations-kit-safety-s-bis-400-m\u00b2-100-m-kabel-100-naegel-5-verbinder\/","og_site_name":"Gartentechnik Scheerer","article_modified_time":"2025-05-27T14:14:26+00:00","og_image":[{"width":800,"height":800,"url":"https:\/\/www.alfred-scheerer.de\/shop\/wp-content\/uploads\/2020\/04\/Installations_kit_Safety.jpg","type":"image\/jpeg"}],"twitter_card":"summary_large_image","schema":{"@context":"https:\/\/schema.org","@graph":[{"@type":"WebPage","@id":"https:\/\/www.alfred-scheerer.de\/shop\/product\/installations-kit-safety-s-bis-400-m%c2%b2-100-m-kabel-100-naegel-5-verbinder\/","url":"https:\/\/www.alfred-scheerer.de\/shop\/product\/installations-kit-safety-s-bis-400-m%c2%b2-100-m-kabel-100-naegel-5-verbinder\/","name":"Installations-Kit Safety S M\u00e4hroboter - 400 m\u00b2 Rasenfl\u00e4che","isPartOf":{"@id":"https:\/\/www.alfred-scheerer.de\/shop\/#website"},"primaryImageOfPage":{"@id":"https:\/\/www.alfred-scheerer.de\/shop\/product\/installations-kit-safety-s-bis-400-m%c2%b2-100-m-kabel-100-naegel-5-verbinder\/#primaryimage"},"image":{"@id":"https:\/\/www.alfred-scheerer.de\/shop\/product\/installations-kit-safety-s-bis-400-m%c2%b2-100-m-kabel-100-naegel-5-verbinder\/#primaryimage"},"thumbnailUrl":"https:\/\/www.alfred-scheerer.de\/shop\/wp-content\/uploads\/2020\/04\/Installations_kit_Safety.jpg","datePublished":"2022-01-10T16:30:53+00:00","dateModified":"2025-05-27T14:14:26+00:00","description":"Installations-Kit Safety S M\u00e4hroboter f\u00fcr Rasenfl\u00e4chen bis 400 m\u00b2 \u2013 mit verst\u00e4rktem Sicherheitskabel, N\u00e4geln & 3M-Verbindern. F\u00fcr eine langlebige Installation.","breadcrumb":{"@id":"https:\/\/www.alfred-scheerer.de\/shop\/product\/installations-kit-safety-s-bis-400-m%c2%b2-100-m-kabel-100-naegel-5-verbinder\/#breadcrumb"},"inLanguage":"de","potentialAction":[{"@type":"ReadAction","target":["https:\/\/www.alfred-scheerer.de\/shop\/product\/installations-kit-safety-s-bis-400-m%c2%b2-100-m-kabel-100-naegel-5-verbinder\/"]}]},{"@type":"ImageObject","inLanguage":"de","@id":"https:\/\/www.alfred-scheerer.de\/shop\/product\/installations-kit-safety-s-bis-400-m%c2%b2-100-m-kabel-100-naegel-5-verbinder\/#primaryimage","url":"https:\/\/www.alfred-scheerer.de\/shop\/wp-content\/uploads\/2020\/04\/Installations_kit_Safety.jpg","contentUrl":"https:\/\/www.alfred-scheerer.de\/shop\/wp-content\/uploads\/2020\/04\/Installations_kit_Safety.jpg","width":800,"height":800},{"@type":"BreadcrumbList","@id":"https:\/\/www.alfred-scheerer.de\/shop\/product\/installations-kit-safety-s-bis-400-m%c2%b2-100-m-kabel-100-naegel-5-verbinder\/#breadcrumb","itemListElement":[{"@type":"ListItem","position":1,"name":"Startseite","item":"https:\/\/www.alfred-scheerer.de\/shop\/"},{"@type":"ListItem","position":2,"name":"Gartentechnik Scheerer &#8211; Der Online Shop f\u00fcr M\u00e4hroboter und Zubeh\u00f6r","item":"https:\/\/www.alfred-scheerer.de\/shop\/"},{"@type":"ListItem","position":3,"name":"Installations-Kit Safety S bis 400 m\u00b2, 100 m Kabel, 100 N\u00e4gel, 5 Verbinder"}]},{"@type":"WebSite","@id":"https:\/\/www.alfred-scheerer.de\/shop\/#website","url":"https:\/\/www.alfred-scheerer.de\/shop\/","name":"Scheerer GmbH (ehem. Alfred Scheerer e.K.)","description":"Der Online Shop aus Wermelskirchen f\u00fcr M\u00e4hroboter, Akku Gartenger\u00e4te, Ersatzteile und Zubeh\u00f6r","publisher":{"@id":"https:\/\/www.alfred-scheerer.de\/shop\/#organization"},"potentialAction":[{"@type":"SearchAction","target":{"@type":"EntryPoint","urlTemplate":"https:\/\/www.alfred-scheerer.de\/shop\/?s={search_term_string}"},"query-input":{"@type":"PropertyValueSpecification","valueRequired":true,"valueName":"search_term_string"}}],"inLanguage":"de"},{"@type":"Organization","@id":"https:\/\/www.alfred-scheerer.de\/shop\/#organization","name":"Scheerer GmbH","url":"https:\/\/www.alfred-scheerer.de\/shop\/","logo":{"@type":"ImageObject","inLanguage":"de","@id":"https:\/\/www.alfred-scheerer.de\/shop\/#\/schema\/logo\/image\/","url":"https:\/\/alfred-scheerer.de\/shop\/wp-content\/uploads\/2024\/05\/baum.jpg","contentUrl":"https:\/\/alfred-scheerer.de\/shop\/wp-content\/uploads\/2024\/05\/baum.jpg","width":512,"height":512,"caption":"Scheerer GmbH"},"image":{"@id":"https:\/\/www.alfred-scheerer.de\/shop\/#\/schema\/logo\/image\/"},"sameAs":["https:\/\/www.instagram.com\/alfredscheerer\/"]}]}},"_links":{"self":[{"href":"https:\/\/www.alfred-scheerer.de\/shop\/wp-json\/wp\/v2\/product\/5448","targetHints":{"allow":["GET"]}}],"collection":[{"href":"https:\/\/www.alfred-scheerer.de\/shop\/wp-json\/wp\/v2\/product"}],"about":[{"href":"https:\/\/www.alfred-scheerer.de\/shop\/wp-json\/wp\/v2\/types\/product"}],"wp:featuredmedia":[{"embeddable":true,"href":"https:\/\/www.alfred-scheerer.de\/shop\/wp-json\/wp\/v2\/media\/11622"}],"wp:attachment":[{"href":"https:\/\/www.alfred-scheerer.de\/shop\/wp-json\/wp\/v2\/media?parent=5448"}],"wp:term":[{"taxonomy":"product_brand","embeddable":true,"href":"https:\/\/www.alfred-scheerer.de\/shop\/wp-json\/wp\/v2\/product_brand?post=5448"},{"taxonomy":"product_cat","embeddable":true,"href":"https:\/\/www.alfred-scheerer.de\/shop\/wp-json\/wp\/v2\/product_cat?post=5448"},{"taxonomy":"product_tag","embeddable":true,"href":"https:\/\/www.alfred-scheerer.de\/shop\/wp-json\/wp\/v2\/product_tag?post=5448"}],"curies":[{"name":"wp","href":"https:\/\/api.w.org\/{rel}","templated":true}]}}