{"id":5531,"date":"2022-02-24T12:40:41","date_gmt":"2022-02-24T11:40:41","guid":{"rendered":"https:\/\/alfred-scheerer.de\/shop\/?post_type=product&#038;p=5531"},"modified":"2026-03-11T13:50:39","modified_gmt":"2026-03-11T12:50:39","slug":"lager-buchse-fuer-vorderrad-radarm-l15-l20-twenty-c02253","status":"publish","type":"product","link":"https:\/\/www.alfred-scheerer.de\/shop\/product\/lager-buchse-fuer-vorderrad-radarm-l15-l20-twenty-c02253\/","title":{"rendered":"Lager Buchse Gleitlager f\u00fcr Vorderrad L15 L20 Twenty C02253"},"content":{"rendered":"<p>Gleitlager Buchse Lager f\u00fcr Vorderrad.<br \/>\nPro Rad werden 2 St\u00fcck Gleitlager ben\u00f6tigt!<\/p>\n<p>Lieferumfang:<br \/>\n1 St\u00fcck Gleitlager (Nr. 8)<\/p>\n<p>passend f\u00fcr:<br \/>\nAmbrogio: L15, L20, Twenty<br \/>\nTechline: L X2, D X2<br \/>\nWiper: i70, i100S, i130S<\/p>\n","protected":false},"excerpt":{"rendered":"<p>Gleitlager Buchse Lager f\u00fcr Vorderrad.<br \/>\nPro Rad werden 2 St\u00fcck Gleitlager ben\u00f6tigt!<\/p>\n<p>Lieferumfang:<br \/>\n1 St\u00fcck Gleitlager (Nr. 8)<\/p>\n<p>passend f\u00fcr:<br \/>\nAmbrogio: L15, L20, Twenty<br \/>\nTechline: L X2, D X2<br \/>\nWiper: i70, i100S, i130S<\/p>\n","protected":false},"featured_media":5220,"template":"","meta":[],"product_brand":[],"product_cat":[1431,175,304],"product_tag":[1401,1391,1402,1392,1403,1393,1404,1394,1405,1395,1406,1396,1397,1398,1399,1400],"class_list":{"0":"post-5531","1":"product","2":"type-product","3":"status-publish","4":"has-post-thumbnail","6":"product_cat-twenty-zr","7":"product_cat-l15","8":"product_cat-l20-twenty","9":"product_tag-buchse-techline","10":"product_tag-lager-twenty-l20","11":"product_tag-lager-techline","12":"product_tag-buchse-l20-twenty","13":"product_tag-c02253","14":"product_tag-buchse-l15","15":"product_tag-lager-vorderrad-ambrogio","16":"product_tag-gleitlager-twenty","17":"product_tag-lager-vorderrad-wiper","18":"product_tag-gleitlager-l15","19":"product_tag-lager-vorderrad-techline","20":"product_tag-gleitlager-l20","21":"product_tag-lager-wiper","22":"product_tag-buchse-wiper","23":"product_tag-gleitlager-wiper","24":"product_tag-gleitlager-techline","26":"first","27":"instock","28":"sale","29":"taxable","30":"shipping-taxable","31":"purchasable","32":"product-type-simple"},"yoast_head":"<!-- This site is optimized with the Yoast SEO plugin v27.4 - https:\/\/yoast.com\/product\/yoast-seo-wordpress\/ -->\n<title>Lager Buchse Gleitlager f\u00fcr Vorderrad L15 L20 Twenty C02253 - Gartentechnik Scheerer<\/title>\n<meta name=\"robots\" content=\"index, follow, max-snippet:-1, max-image-preview:large, max-video-preview:-1\" \/>\n<link rel=\"canonical\" href=\"https:\/\/www.alfred-scheerer.de\/shop\/product\/lager-buchse-fuer-vorderrad-radarm-l15-l20-twenty-c02253\/\" \/>\n<meta property=\"og:locale\" content=\"de_DE\" \/>\n<meta property=\"og:type\" content=\"article\" \/>\n<meta property=\"og:title\" content=\"Lager Buchse Gleitlager f\u00fcr Vorderrad L15 L20 Twenty C02253 - Gartentechnik Scheerer\" \/>\n<meta property=\"og:description\" content=\"Gleitlager Buchse Lager f\u00fcr Vorderrad. Pro Rad werden 2 St\u00fcck Gleitlager ben\u00f6tigt!  Lieferumfang: 1 St\u00fcck Gleitlager (Nr. 8)  passend f\u00fcr: Ambrogio: L15, L20, Twenty Techline: L X2, D X2 Wiper: i70, i100S, i130S\" \/>\n<meta property=\"og:url\" content=\"https:\/\/www.alfred-scheerer.de\/shop\/product\/lager-buchse-fuer-vorderrad-radarm-l15-l20-twenty-c02253\/\" \/>\n<meta property=\"og:site_name\" content=\"Gartentechnik Scheerer\" \/>\n<meta property=\"article:modified_time\" content=\"2026-03-11T12:50:39+00:00\" \/>\n<meta property=\"og:image\" content=\"https:\/\/www.alfred-scheerer.de\/shop\/wp-content\/uploads\/2021\/08\/Gleitlager-C02163.png\" \/>\n\t<meta property=\"og:image:width\" content=\"1076\" \/>\n\t<meta property=\"og:image:height\" content=\"1076\" \/>\n\t<meta property=\"og:image:type\" content=\"image\/png\" \/>\n<meta name=\"twitter:card\" content=\"summary_large_image\" \/>\n<script type=\"application\/ld+json\" class=\"yoast-schema-graph\">{\"@context\":\"https:\\\/\\\/schema.org\",\"@graph\":[{\"@type\":\"WebPage\",\"@id\":\"https:\\\/\\\/www.alfred-scheerer.de\\\/shop\\\/product\\\/lager-buchse-fuer-vorderrad-radarm-l15-l20-twenty-c02253\\\/\",\"url\":\"https:\\\/\\\/www.alfred-scheerer.de\\\/shop\\\/product\\\/lager-buchse-fuer-vorderrad-radarm-l15-l20-twenty-c02253\\\/\",\"name\":\"Lager Buchse Gleitlager f\u00fcr Vorderrad L15 L20 Twenty C02253 - Gartentechnik Scheerer\",\"isPartOf\":{\"@id\":\"https:\\\/\\\/www.alfred-scheerer.de\\\/shop\\\/#website\"},\"primaryImageOfPage\":{\"@id\":\"https:\\\/\\\/www.alfred-scheerer.de\\\/shop\\\/product\\\/lager-buchse-fuer-vorderrad-radarm-l15-l20-twenty-c02253\\\/#primaryimage\"},\"image\":{\"@id\":\"https:\\\/\\\/www.alfred-scheerer.de\\\/shop\\\/product\\\/lager-buchse-fuer-vorderrad-radarm-l15-l20-twenty-c02253\\\/#primaryimage\"},\"thumbnailUrl\":\"https:\\\/\\\/www.alfred-scheerer.de\\\/shop\\\/wp-content\\\/uploads\\\/2021\\\/08\\\/Gleitlager-C02163.png\",\"datePublished\":\"2022-02-24T11:40:41+00:00\",\"dateModified\":\"2026-03-11T12:50:39+00:00\",\"breadcrumb\":{\"@id\":\"https:\\\/\\\/www.alfred-scheerer.de\\\/shop\\\/product\\\/lager-buchse-fuer-vorderrad-radarm-l15-l20-twenty-c02253\\\/#breadcrumb\"},\"inLanguage\":\"de\",\"potentialAction\":[{\"@type\":\"ReadAction\",\"target\":[\"https:\\\/\\\/www.alfred-scheerer.de\\\/shop\\\/product\\\/lager-buchse-fuer-vorderrad-radarm-l15-l20-twenty-c02253\\\/\"]}]},{\"@type\":\"ImageObject\",\"inLanguage\":\"de\",\"@id\":\"https:\\\/\\\/www.alfred-scheerer.de\\\/shop\\\/product\\\/lager-buchse-fuer-vorderrad-radarm-l15-l20-twenty-c02253\\\/#primaryimage\",\"url\":\"https:\\\/\\\/www.alfred-scheerer.de\\\/shop\\\/wp-content\\\/uploads\\\/2021\\\/08\\\/Gleitlager-C02163.png\",\"contentUrl\":\"https:\\\/\\\/www.alfred-scheerer.de\\\/shop\\\/wp-content\\\/uploads\\\/2021\\\/08\\\/Gleitlager-C02163.png\",\"width\":1076,\"height\":1076},{\"@type\":\"BreadcrumbList\",\"@id\":\"https:\\\/\\\/www.alfred-scheerer.de\\\/shop\\\/product\\\/lager-buchse-fuer-vorderrad-radarm-l15-l20-twenty-c02253\\\/#breadcrumb\",\"itemListElement\":[{\"@type\":\"ListItem\",\"position\":1,\"name\":\"Startseite\",\"item\":\"https:\\\/\\\/www.alfred-scheerer.de\\\/shop\\\/\"},{\"@type\":\"ListItem\",\"position\":2,\"name\":\"Gartentechnik Scheerer &#8211; Der Online Shop f\u00fcr M\u00e4hroboter und Zubeh\u00f6r\",\"item\":\"https:\\\/\\\/www.alfred-scheerer.de\\\/shop\\\/\"},{\"@type\":\"ListItem\",\"position\":3,\"name\":\"Lager Buchse Gleitlager f\u00fcr Vorderrad L15 L20 Twenty C02253\"}]},{\"@type\":\"WebSite\",\"@id\":\"https:\\\/\\\/www.alfred-scheerer.de\\\/shop\\\/#website\",\"url\":\"https:\\\/\\\/www.alfred-scheerer.de\\\/shop\\\/\",\"name\":\"Scheerer GmbH (ehem. Alfred Scheerer e.K.)\",\"description\":\"Der Online Shop aus Wermelskirchen f\u00fcr M\u00e4hroboter, Akku Gartenger\u00e4te, Ersatzteile und Zubeh\u00f6r\",\"publisher\":{\"@id\":\"https:\\\/\\\/www.alfred-scheerer.de\\\/shop\\\/#organization\"},\"potentialAction\":[{\"@type\":\"SearchAction\",\"target\":{\"@type\":\"EntryPoint\",\"urlTemplate\":\"https:\\\/\\\/www.alfred-scheerer.de\\\/shop\\\/?s={search_term_string}\"},\"query-input\":{\"@type\":\"PropertyValueSpecification\",\"valueRequired\":true,\"valueName\":\"search_term_string\"}}],\"inLanguage\":\"de\"},{\"@type\":\"Organization\",\"@id\":\"https:\\\/\\\/www.alfred-scheerer.de\\\/shop\\\/#organization\",\"name\":\"Scheerer GmbH\",\"url\":\"https:\\\/\\\/www.alfred-scheerer.de\\\/shop\\\/\",\"logo\":{\"@type\":\"ImageObject\",\"inLanguage\":\"de\",\"@id\":\"https:\\\/\\\/www.alfred-scheerer.de\\\/shop\\\/#\\\/schema\\\/logo\\\/image\\\/\",\"url\":\"https:\\\/\\\/alfred-scheerer.de\\\/shop\\\/wp-content\\\/uploads\\\/2024\\\/05\\\/baum.jpg\",\"contentUrl\":\"https:\\\/\\\/alfred-scheerer.de\\\/shop\\\/wp-content\\\/uploads\\\/2024\\\/05\\\/baum.jpg\",\"width\":512,\"height\":512,\"caption\":\"Scheerer GmbH\"},\"image\":{\"@id\":\"https:\\\/\\\/www.alfred-scheerer.de\\\/shop\\\/#\\\/schema\\\/logo\\\/image\\\/\"},\"sameAs\":[\"https:\\\/\\\/www.instagram.com\\\/alfredscheerer\\\/\"]}]}<\/script>\n<!-- \/ Yoast SEO plugin. -->","yoast_head_json":{"title":"Lager Buchse Gleitlager f\u00fcr Vorderrad L15 L20 Twenty C02253 - Gartentechnik Scheerer","robots":{"index":"index","follow":"follow","max-snippet":"max-snippet:-1","max-image-preview":"max-image-preview:large","max-video-preview":"max-video-preview:-1"},"canonical":"https:\/\/www.alfred-scheerer.de\/shop\/product\/lager-buchse-fuer-vorderrad-radarm-l15-l20-twenty-c02253\/","og_locale":"de_DE","og_type":"article","og_title":"Lager Buchse Gleitlager f\u00fcr Vorderrad L15 L20 Twenty C02253 - Gartentechnik Scheerer","og_description":"Gleitlager Buchse Lager f\u00fcr Vorderrad. Pro Rad werden 2 St\u00fcck Gleitlager ben\u00f6tigt!  Lieferumfang: 1 St\u00fcck Gleitlager (Nr. 8)  passend f\u00fcr: Ambrogio: L15, L20, Twenty Techline: L X2, D X2 Wiper: i70, i100S, i130S","og_url":"https:\/\/www.alfred-scheerer.de\/shop\/product\/lager-buchse-fuer-vorderrad-radarm-l15-l20-twenty-c02253\/","og_site_name":"Gartentechnik Scheerer","article_modified_time":"2026-03-11T12:50:39+00:00","og_image":[{"width":1076,"height":1076,"url":"https:\/\/www.alfred-scheerer.de\/shop\/wp-content\/uploads\/2021\/08\/Gleitlager-C02163.png","type":"image\/png"}],"twitter_card":"summary_large_image","schema":{"@context":"https:\/\/schema.org","@graph":[{"@type":"WebPage","@id":"https:\/\/www.alfred-scheerer.de\/shop\/product\/lager-buchse-fuer-vorderrad-radarm-l15-l20-twenty-c02253\/","url":"https:\/\/www.alfred-scheerer.de\/shop\/product\/lager-buchse-fuer-vorderrad-radarm-l15-l20-twenty-c02253\/","name":"Lager Buchse Gleitlager f\u00fcr Vorderrad L15 L20 Twenty C02253 - Gartentechnik Scheerer","isPartOf":{"@id":"https:\/\/www.alfred-scheerer.de\/shop\/#website"},"primaryImageOfPage":{"@id":"https:\/\/www.alfred-scheerer.de\/shop\/product\/lager-buchse-fuer-vorderrad-radarm-l15-l20-twenty-c02253\/#primaryimage"},"image":{"@id":"https:\/\/www.alfred-scheerer.de\/shop\/product\/lager-buchse-fuer-vorderrad-radarm-l15-l20-twenty-c02253\/#primaryimage"},"thumbnailUrl":"https:\/\/www.alfred-scheerer.de\/shop\/wp-content\/uploads\/2021\/08\/Gleitlager-C02163.png","datePublished":"2022-02-24T11:40:41+00:00","dateModified":"2026-03-11T12:50:39+00:00","breadcrumb":{"@id":"https:\/\/www.alfred-scheerer.de\/shop\/product\/lager-buchse-fuer-vorderrad-radarm-l15-l20-twenty-c02253\/#breadcrumb"},"inLanguage":"de","potentialAction":[{"@type":"ReadAction","target":["https:\/\/www.alfred-scheerer.de\/shop\/product\/lager-buchse-fuer-vorderrad-radarm-l15-l20-twenty-c02253\/"]}]},{"@type":"ImageObject","inLanguage":"de","@id":"https:\/\/www.alfred-scheerer.de\/shop\/product\/lager-buchse-fuer-vorderrad-radarm-l15-l20-twenty-c02253\/#primaryimage","url":"https:\/\/www.alfred-scheerer.de\/shop\/wp-content\/uploads\/2021\/08\/Gleitlager-C02163.png","contentUrl":"https:\/\/www.alfred-scheerer.de\/shop\/wp-content\/uploads\/2021\/08\/Gleitlager-C02163.png","width":1076,"height":1076},{"@type":"BreadcrumbList","@id":"https:\/\/www.alfred-scheerer.de\/shop\/product\/lager-buchse-fuer-vorderrad-radarm-l15-l20-twenty-c02253\/#breadcrumb","itemListElement":[{"@type":"ListItem","position":1,"name":"Startseite","item":"https:\/\/www.alfred-scheerer.de\/shop\/"},{"@type":"ListItem","position":2,"name":"Gartentechnik Scheerer &#8211; Der Online Shop f\u00fcr M\u00e4hroboter und Zubeh\u00f6r","item":"https:\/\/www.alfred-scheerer.de\/shop\/"},{"@type":"ListItem","position":3,"name":"Lager Buchse Gleitlager f\u00fcr Vorderrad L15 L20 Twenty C02253"}]},{"@type":"WebSite","@id":"https:\/\/www.alfred-scheerer.de\/shop\/#website","url":"https:\/\/www.alfred-scheerer.de\/shop\/","name":"Scheerer GmbH (ehem. Alfred Scheerer e.K.)","description":"Der Online Shop aus Wermelskirchen f\u00fcr M\u00e4hroboter, Akku Gartenger\u00e4te, Ersatzteile und Zubeh\u00f6r","publisher":{"@id":"https:\/\/www.alfred-scheerer.de\/shop\/#organization"},"potentialAction":[{"@type":"SearchAction","target":{"@type":"EntryPoint","urlTemplate":"https:\/\/www.alfred-scheerer.de\/shop\/?s={search_term_string}"},"query-input":{"@type":"PropertyValueSpecification","valueRequired":true,"valueName":"search_term_string"}}],"inLanguage":"de"},{"@type":"Organization","@id":"https:\/\/www.alfred-scheerer.de\/shop\/#organization","name":"Scheerer GmbH","url":"https:\/\/www.alfred-scheerer.de\/shop\/","logo":{"@type":"ImageObject","inLanguage":"de","@id":"https:\/\/www.alfred-scheerer.de\/shop\/#\/schema\/logo\/image\/","url":"https:\/\/alfred-scheerer.de\/shop\/wp-content\/uploads\/2024\/05\/baum.jpg","contentUrl":"https:\/\/alfred-scheerer.de\/shop\/wp-content\/uploads\/2024\/05\/baum.jpg","width":512,"height":512,"caption":"Scheerer GmbH"},"image":{"@id":"https:\/\/www.alfred-scheerer.de\/shop\/#\/schema\/logo\/image\/"},"sameAs":["https:\/\/www.instagram.com\/alfredscheerer\/"]}]}},"_links":{"self":[{"href":"https:\/\/www.alfred-scheerer.de\/shop\/wp-json\/wp\/v2\/product\/5531","targetHints":{"allow":["GET"]}}],"collection":[{"href":"https:\/\/www.alfred-scheerer.de\/shop\/wp-json\/wp\/v2\/product"}],"about":[{"href":"https:\/\/www.alfred-scheerer.de\/shop\/wp-json\/wp\/v2\/types\/product"}],"wp:featuredmedia":[{"embeddable":true,"href":"https:\/\/www.alfred-scheerer.de\/shop\/wp-json\/wp\/v2\/media\/5220"}],"wp:attachment":[{"href":"https:\/\/www.alfred-scheerer.de\/shop\/wp-json\/wp\/v2\/media?parent=5531"}],"wp:term":[{"taxonomy":"product_brand","embeddable":true,"href":"https:\/\/www.alfred-scheerer.de\/shop\/wp-json\/wp\/v2\/product_brand?post=5531"},{"taxonomy":"product_cat","embeddable":true,"href":"https:\/\/www.alfred-scheerer.de\/shop\/wp-json\/wp\/v2\/product_cat?post=5531"},{"taxonomy":"product_tag","embeddable":true,"href":"https:\/\/www.alfred-scheerer.de\/shop\/wp-json\/wp\/v2\/product_tag?post=5531"}],"curies":[{"name":"wp","href":"https:\/\/api.w.org\/{rel}","templated":true}]}}