{"id":5534,"date":"2022-02-24T13:11:28","date_gmt":"2022-02-24T12:11:28","guid":{"rendered":"https:\/\/alfred-scheerer.de\/shop\/?post_type=product&#038;p=5534"},"modified":"2026-04-16T15:31:43","modified_gmt":"2026-04-16T13:31:43","slug":"akku-259-v-52-ah-075z60900a","status":"publish","type":"product","link":"https:\/\/www.alfred-scheerer.de\/shop\/product\/akku-259-v-52-ah-075z60900a\/","title":{"rendered":"Akku 25,9 V 5,0 5,2 Ah Ambrogio Wiper Techline 075Z60900A"},"content":{"rendered":"<p>Akku 25,9 V &#8211; 5200 mAh (5,2 Ah) &#8211;\u00a0 134,68 Wh<br \/>\nNachbauteil in hochwertiger Qualit\u00e4t<br \/>\nVerwendbar als Ersatz f\u00fcr den 2,5 Ah Akku 015E00600A oder 5,0 Ah Akku 075Z60900A, 050Z38600A<\/p>\n<p>passend f\u00fcr:<br \/>\nAmbrogio: L60, Twenty, Quad, Cube und baugleiche Modelle<br \/>\nWiper: i Serie, Climber, Q350<br \/>\nTechline: D1, DX2, LX2, SX2<\/p>\n<p>Referenznummer:<br \/>\nAmbrogio Techline Wiper ZCS: 075Z60900A, 050Z38600A<\/p>\n<p>Weitere Ersatzteile findest du hier: <strong><a href=\"https:\/\/alfred-scheerer.de\/shop\/product-category\/installation-ersatzteile-u-zubehoer\/\">M\u00e4hroboter Ersatzteile u. Zubeh\u00f6r\u00a0<\/a><\/strong><\/p>\n","protected":false},"excerpt":{"rendered":"<p>Akku 25,9 V &#8211; 5200 mAh (5,2 Ah) &#8211;\u00a0 134,68 Wh<br \/>\nNachbauteil in hochwertiger Qualit\u00e4t<br \/>\nVerwendbar als Ersatz f\u00fcr den 2,5 Ah Akku 015E00600A oder 5,0 Ah Akku 075Z60900A, 050Z38600A<\/p>\n<p>Referenznummer:<br \/>\nAmbrogio, Techline, Wiper, ZCS: 075Z60900A, 050Z38600A<\/p>\n<p>Weitere Ersatzteile findest du hier: <strong><a href=\"https:\/\/alfred-scheerer.de\/shop\/product-category\/installation-ersatzteile-u-zubehoer\/\">M\u00e4hroboter Ersatzteile u. Zubeh\u00f6r\u00a0<\/a><\/strong><\/p>\n","protected":false},"featured_media":9713,"template":"","meta":[],"product_brand":[],"product_cat":[1431,1566,1567,175,304,312,523],"product_tag":[1063,1065,1067,1068,1070,1604,1071,1072,1073,1407,1408,1409],"class_list":{"0":"post-5534","1":"product","2":"type-product","3":"status-publish","4":"has-post-thumbnail","6":"product_cat-twenty-zr","7":"product_cat-l25-twenty-25","8":"product_cat-twenty-29","9":"product_cat-l15","10":"product_cat-l20-twenty","11":"product_cat-wiper-ersatzteile-zubehoer","12":"product_cat-quad","13":"product_tag-akku-twenty","14":"product_tag-ambrogio-akku","15":"product_tag-batterie-twenty","16":"product_tag-ambrogio-batterie","17":"product_tag-wiper-akku","18":"product_tag-050z38600a","19":"product_tag-wiper-batterie","20":"product_tag-techline-akku","21":"product_tag-techline-batterie","22":"product_tag-akku-wiper","23":"product_tag-akku-techline","24":"product_tag-075z60900a","26":"first","27":"instock","28":"taxable","29":"shipping-taxable","30":"purchasable","31":"product-type-simple"},"yoast_head":"<!-- This site is optimized with the Yoast SEO plugin v27.4 - https:\/\/yoast.com\/product\/yoast-seo-wordpress\/ -->\n<title>Akku 25,9 V 5,0 5,2 Ah Ambrogio Wiper Techline 075Z60900A - Gartentechnik Scheerer<\/title>\n<meta name=\"description\" content=\"Akku 25,9V 5,0 Ah, 5000 mAh 075Z60900A, Batterie, Ambrogio Twenty, Quad, Cube, Wiper i, Q350, Techline LX2, DX2, SX2, D1, L60, Ersatzteile\" \/>\n<meta name=\"robots\" content=\"index, follow, max-snippet:-1, max-image-preview:large, max-video-preview:-1\" \/>\n<link rel=\"canonical\" href=\"https:\/\/www.alfred-scheerer.de\/shop\/product\/akku-259-v-52-ah-075z60900a\/\" \/>\n<meta property=\"og:locale\" content=\"de_DE\" \/>\n<meta property=\"og:type\" content=\"article\" \/>\n<meta property=\"og:title\" content=\"Akku 25,9 V 5,0 5,2 Ah Ambrogio Wiper Techline 075Z60900A - Gartentechnik Scheerer\" \/>\n<meta property=\"og:description\" content=\"Akku 25,9V 5,0 Ah, 5000 mAh 075Z60900A, Batterie, Ambrogio Twenty, Quad, Cube, Wiper i, Q350, Techline LX2, DX2, SX2, D1, L60, Ersatzteile\" \/>\n<meta property=\"og:url\" content=\"https:\/\/www.alfred-scheerer.de\/shop\/product\/akku-259-v-52-ah-075z60900a\/\" \/>\n<meta property=\"og:site_name\" content=\"Gartentechnik Scheerer\" \/>\n<meta property=\"article:modified_time\" content=\"2026-04-16T13:31:43+00:00\" \/>\n<meta property=\"og:image\" content=\"https:\/\/www.alfred-scheerer.de\/shop\/wp-content\/uploads\/2022\/02\/CS-ABL600VX.png\" \/>\n\t<meta property=\"og:image:width\" content=\"1049\" \/>\n\t<meta property=\"og:image:height\" content=\"1049\" \/>\n\t<meta property=\"og:image:type\" content=\"image\/png\" \/>\n<meta name=\"twitter:card\" content=\"summary_large_image\" \/>\n<meta name=\"twitter:label1\" content=\"Gesch\u00e4tzte Lesezeit\" \/>\n\t<meta name=\"twitter:data1\" content=\"1\u00a0Minute\" \/>\n<script type=\"application\/ld+json\" class=\"yoast-schema-graph\">{\"@context\":\"https:\\\/\\\/schema.org\",\"@graph\":[{\"@type\":\"WebPage\",\"@id\":\"https:\\\/\\\/www.alfred-scheerer.de\\\/shop\\\/product\\\/akku-259-v-52-ah-075z60900a\\\/\",\"url\":\"https:\\\/\\\/www.alfred-scheerer.de\\\/shop\\\/product\\\/akku-259-v-52-ah-075z60900a\\\/\",\"name\":\"Akku 25,9 V 5,0 5,2 Ah Ambrogio Wiper Techline 075Z60900A - Gartentechnik Scheerer\",\"isPartOf\":{\"@id\":\"https:\\\/\\\/www.alfred-scheerer.de\\\/shop\\\/#website\"},\"primaryImageOfPage\":{\"@id\":\"https:\\\/\\\/www.alfred-scheerer.de\\\/shop\\\/product\\\/akku-259-v-52-ah-075z60900a\\\/#primaryimage\"},\"image\":{\"@id\":\"https:\\\/\\\/www.alfred-scheerer.de\\\/shop\\\/product\\\/akku-259-v-52-ah-075z60900a\\\/#primaryimage\"},\"thumbnailUrl\":\"https:\\\/\\\/www.alfred-scheerer.de\\\/shop\\\/wp-content\\\/uploads\\\/2022\\\/02\\\/CS-ABL600VX.png\",\"datePublished\":\"2022-02-24T12:11:28+00:00\",\"dateModified\":\"2026-04-16T13:31:43+00:00\",\"description\":\"Akku 25,9V 5,0 Ah, 5000 mAh 075Z60900A, Batterie, Ambrogio Twenty, Quad, Cube, Wiper i, Q350, Techline LX2, DX2, SX2, D1, L60, Ersatzteile\",\"breadcrumb\":{\"@id\":\"https:\\\/\\\/www.alfred-scheerer.de\\\/shop\\\/product\\\/akku-259-v-52-ah-075z60900a\\\/#breadcrumb\"},\"inLanguage\":\"de\",\"potentialAction\":[{\"@type\":\"ReadAction\",\"target\":[\"https:\\\/\\\/www.alfred-scheerer.de\\\/shop\\\/product\\\/akku-259-v-52-ah-075z60900a\\\/\"]}]},{\"@type\":\"ImageObject\",\"inLanguage\":\"de\",\"@id\":\"https:\\\/\\\/www.alfred-scheerer.de\\\/shop\\\/product\\\/akku-259-v-52-ah-075z60900a\\\/#primaryimage\",\"url\":\"https:\\\/\\\/www.alfred-scheerer.de\\\/shop\\\/wp-content\\\/uploads\\\/2022\\\/02\\\/CS-ABL600VX.png\",\"contentUrl\":\"https:\\\/\\\/www.alfred-scheerer.de\\\/shop\\\/wp-content\\\/uploads\\\/2022\\\/02\\\/CS-ABL600VX.png\",\"width\":1049,\"height\":1049,\"caption\":\"Akku 5,0 Ah\"},{\"@type\":\"BreadcrumbList\",\"@id\":\"https:\\\/\\\/www.alfred-scheerer.de\\\/shop\\\/product\\\/akku-259-v-52-ah-075z60900a\\\/#breadcrumb\",\"itemListElement\":[{\"@type\":\"ListItem\",\"position\":1,\"name\":\"Startseite\",\"item\":\"https:\\\/\\\/www.alfred-scheerer.de\\\/shop\\\/\"},{\"@type\":\"ListItem\",\"position\":2,\"name\":\"Gartentechnik Scheerer &#8211; Der Online Shop f\u00fcr M\u00e4hroboter und Zubeh\u00f6r\",\"item\":\"https:\\\/\\\/www.alfred-scheerer.de\\\/shop\\\/\"},{\"@type\":\"ListItem\",\"position\":3,\"name\":\"Akku 25,9 V 5,0 5,2 Ah Ambrogio Wiper Techline 075Z60900A\"}]},{\"@type\":\"WebSite\",\"@id\":\"https:\\\/\\\/www.alfred-scheerer.de\\\/shop\\\/#website\",\"url\":\"https:\\\/\\\/www.alfred-scheerer.de\\\/shop\\\/\",\"name\":\"Scheerer GmbH (ehem. Alfred Scheerer e.K.)\",\"description\":\"Der Online Shop aus Wermelskirchen f\u00fcr M\u00e4hroboter, Akku Gartenger\u00e4te, Ersatzteile und Zubeh\u00f6r\",\"publisher\":{\"@id\":\"https:\\\/\\\/www.alfred-scheerer.de\\\/shop\\\/#organization\"},\"potentialAction\":[{\"@type\":\"SearchAction\",\"target\":{\"@type\":\"EntryPoint\",\"urlTemplate\":\"https:\\\/\\\/www.alfred-scheerer.de\\\/shop\\\/?s={search_term_string}\"},\"query-input\":{\"@type\":\"PropertyValueSpecification\",\"valueRequired\":true,\"valueName\":\"search_term_string\"}}],\"inLanguage\":\"de\"},{\"@type\":\"Organization\",\"@id\":\"https:\\\/\\\/www.alfred-scheerer.de\\\/shop\\\/#organization\",\"name\":\"Scheerer GmbH\",\"url\":\"https:\\\/\\\/www.alfred-scheerer.de\\\/shop\\\/\",\"logo\":{\"@type\":\"ImageObject\",\"inLanguage\":\"de\",\"@id\":\"https:\\\/\\\/www.alfred-scheerer.de\\\/shop\\\/#\\\/schema\\\/logo\\\/image\\\/\",\"url\":\"https:\\\/\\\/alfred-scheerer.de\\\/shop\\\/wp-content\\\/uploads\\\/2024\\\/05\\\/baum.jpg\",\"contentUrl\":\"https:\\\/\\\/alfred-scheerer.de\\\/shop\\\/wp-content\\\/uploads\\\/2024\\\/05\\\/baum.jpg\",\"width\":512,\"height\":512,\"caption\":\"Scheerer GmbH\"},\"image\":{\"@id\":\"https:\\\/\\\/www.alfred-scheerer.de\\\/shop\\\/#\\\/schema\\\/logo\\\/image\\\/\"},\"sameAs\":[\"https:\\\/\\\/www.instagram.com\\\/alfredscheerer\\\/\"]}]}<\/script>\n<!-- \/ Yoast SEO plugin. -->","yoast_head_json":{"title":"Akku 25,9 V 5,0 5,2 Ah Ambrogio Wiper Techline 075Z60900A - Gartentechnik Scheerer","description":"Akku 25,9V 5,0 Ah, 5000 mAh 075Z60900A, Batterie, Ambrogio Twenty, Quad, Cube, Wiper i, Q350, Techline LX2, DX2, SX2, D1, L60, Ersatzteile","robots":{"index":"index","follow":"follow","max-snippet":"max-snippet:-1","max-image-preview":"max-image-preview:large","max-video-preview":"max-video-preview:-1"},"canonical":"https:\/\/www.alfred-scheerer.de\/shop\/product\/akku-259-v-52-ah-075z60900a\/","og_locale":"de_DE","og_type":"article","og_title":"Akku 25,9 V 5,0 5,2 Ah Ambrogio Wiper Techline 075Z60900A - Gartentechnik Scheerer","og_description":"Akku 25,9V 5,0 Ah, 5000 mAh 075Z60900A, Batterie, Ambrogio Twenty, Quad, Cube, Wiper i, Q350, Techline LX2, DX2, SX2, D1, L60, Ersatzteile","og_url":"https:\/\/www.alfred-scheerer.de\/shop\/product\/akku-259-v-52-ah-075z60900a\/","og_site_name":"Gartentechnik Scheerer","article_modified_time":"2026-04-16T13:31:43+00:00","og_image":[{"width":1049,"height":1049,"url":"https:\/\/www.alfred-scheerer.de\/shop\/wp-content\/uploads\/2022\/02\/CS-ABL600VX.png","type":"image\/png"}],"twitter_card":"summary_large_image","twitter_misc":{"Gesch\u00e4tzte Lesezeit":"1\u00a0Minute"},"schema":{"@context":"https:\/\/schema.org","@graph":[{"@type":"WebPage","@id":"https:\/\/www.alfred-scheerer.de\/shop\/product\/akku-259-v-52-ah-075z60900a\/","url":"https:\/\/www.alfred-scheerer.de\/shop\/product\/akku-259-v-52-ah-075z60900a\/","name":"Akku 25,9 V 5,0 5,2 Ah Ambrogio Wiper Techline 075Z60900A - Gartentechnik Scheerer","isPartOf":{"@id":"https:\/\/www.alfred-scheerer.de\/shop\/#website"},"primaryImageOfPage":{"@id":"https:\/\/www.alfred-scheerer.de\/shop\/product\/akku-259-v-52-ah-075z60900a\/#primaryimage"},"image":{"@id":"https:\/\/www.alfred-scheerer.de\/shop\/product\/akku-259-v-52-ah-075z60900a\/#primaryimage"},"thumbnailUrl":"https:\/\/www.alfred-scheerer.de\/shop\/wp-content\/uploads\/2022\/02\/CS-ABL600VX.png","datePublished":"2022-02-24T12:11:28+00:00","dateModified":"2026-04-16T13:31:43+00:00","description":"Akku 25,9V 5,0 Ah, 5000 mAh 075Z60900A, Batterie, Ambrogio Twenty, Quad, Cube, Wiper i, Q350, Techline LX2, DX2, SX2, D1, L60, Ersatzteile","breadcrumb":{"@id":"https:\/\/www.alfred-scheerer.de\/shop\/product\/akku-259-v-52-ah-075z60900a\/#breadcrumb"},"inLanguage":"de","potentialAction":[{"@type":"ReadAction","target":["https:\/\/www.alfred-scheerer.de\/shop\/product\/akku-259-v-52-ah-075z60900a\/"]}]},{"@type":"ImageObject","inLanguage":"de","@id":"https:\/\/www.alfred-scheerer.de\/shop\/product\/akku-259-v-52-ah-075z60900a\/#primaryimage","url":"https:\/\/www.alfred-scheerer.de\/shop\/wp-content\/uploads\/2022\/02\/CS-ABL600VX.png","contentUrl":"https:\/\/www.alfred-scheerer.de\/shop\/wp-content\/uploads\/2022\/02\/CS-ABL600VX.png","width":1049,"height":1049,"caption":"Akku 5,0 Ah"},{"@type":"BreadcrumbList","@id":"https:\/\/www.alfred-scheerer.de\/shop\/product\/akku-259-v-52-ah-075z60900a\/#breadcrumb","itemListElement":[{"@type":"ListItem","position":1,"name":"Startseite","item":"https:\/\/www.alfred-scheerer.de\/shop\/"},{"@type":"ListItem","position":2,"name":"Gartentechnik Scheerer &#8211; Der Online Shop f\u00fcr M\u00e4hroboter und Zubeh\u00f6r","item":"https:\/\/www.alfred-scheerer.de\/shop\/"},{"@type":"ListItem","position":3,"name":"Akku 25,9 V 5,0 5,2 Ah Ambrogio Wiper Techline 075Z60900A"}]},{"@type":"WebSite","@id":"https:\/\/www.alfred-scheerer.de\/shop\/#website","url":"https:\/\/www.alfred-scheerer.de\/shop\/","name":"Scheerer GmbH (ehem. Alfred Scheerer e.K.)","description":"Der Online Shop aus Wermelskirchen f\u00fcr M\u00e4hroboter, Akku Gartenger\u00e4te, Ersatzteile und Zubeh\u00f6r","publisher":{"@id":"https:\/\/www.alfred-scheerer.de\/shop\/#organization"},"potentialAction":[{"@type":"SearchAction","target":{"@type":"EntryPoint","urlTemplate":"https:\/\/www.alfred-scheerer.de\/shop\/?s={search_term_string}"},"query-input":{"@type":"PropertyValueSpecification","valueRequired":true,"valueName":"search_term_string"}}],"inLanguage":"de"},{"@type":"Organization","@id":"https:\/\/www.alfred-scheerer.de\/shop\/#organization","name":"Scheerer GmbH","url":"https:\/\/www.alfred-scheerer.de\/shop\/","logo":{"@type":"ImageObject","inLanguage":"de","@id":"https:\/\/www.alfred-scheerer.de\/shop\/#\/schema\/logo\/image\/","url":"https:\/\/alfred-scheerer.de\/shop\/wp-content\/uploads\/2024\/05\/baum.jpg","contentUrl":"https:\/\/alfred-scheerer.de\/shop\/wp-content\/uploads\/2024\/05\/baum.jpg","width":512,"height":512,"caption":"Scheerer GmbH"},"image":{"@id":"https:\/\/www.alfred-scheerer.de\/shop\/#\/schema\/logo\/image\/"},"sameAs":["https:\/\/www.instagram.com\/alfredscheerer\/"]}]}},"_links":{"self":[{"href":"https:\/\/www.alfred-scheerer.de\/shop\/wp-json\/wp\/v2\/product\/5534","targetHints":{"allow":["GET"]}}],"collection":[{"href":"https:\/\/www.alfred-scheerer.de\/shop\/wp-json\/wp\/v2\/product"}],"about":[{"href":"https:\/\/www.alfred-scheerer.de\/shop\/wp-json\/wp\/v2\/types\/product"}],"wp:featuredmedia":[{"embeddable":true,"href":"https:\/\/www.alfred-scheerer.de\/shop\/wp-json\/wp\/v2\/media\/9713"}],"wp:attachment":[{"href":"https:\/\/www.alfred-scheerer.de\/shop\/wp-json\/wp\/v2\/media?parent=5534"}],"wp:term":[{"taxonomy":"product_brand","embeddable":true,"href":"https:\/\/www.alfred-scheerer.de\/shop\/wp-json\/wp\/v2\/product_brand?post=5534"},{"taxonomy":"product_cat","embeddable":true,"href":"https:\/\/www.alfred-scheerer.de\/shop\/wp-json\/wp\/v2\/product_cat?post=5534"},{"taxonomy":"product_tag","embeddable":true,"href":"https:\/\/www.alfred-scheerer.de\/shop\/wp-json\/wp\/v2\/product_tag?post=5534"}],"curies":[{"name":"wp","href":"https:\/\/api.w.org\/{rel}","templated":true}]}}