{"id":5598,"date":"2022-03-15T13:29:47","date_gmt":"2022-03-15T12:29:47","guid":{"rendered":"https:\/\/alfred-scheerer.de\/shop\/?post_type=product&#038;p=5598"},"modified":"2026-01-08T12:10:50","modified_gmt":"2026-01-08T11:10:50","slug":"kress-worx-longlife-klingen-ersatzmesser-ersatzklingen-9-stueck-nachbauteil-ka0002","status":"publish","type":"product","link":"https:\/\/www.alfred-scheerer.de\/shop\/product\/kress-worx-longlife-klingen-ersatzmesser-ersatzklingen-9-stueck-nachbauteil-ka0002\/","title":{"rendered":"Kress Worx Longlife Klingen Ersatzmesser Ersatzklingen (9 St\u00fcck) Nachbauteil KA0002"},"content":{"rendered":"<p>Hochwertige Longlife Ersatzklingen aus Spezial Stahl passend f\u00fcr alle Kress und Worx M\u00e4hroboter.<br \/>\nDurch die Doppellochung kann die Klinge einfach umgedreht werden und Sie haben wieder scharfe Messer auf Ihrem Roboter.<\/p>\n<p>L\u00e4nge: 36 mm<br \/>\nBreite: 18 mm<br \/>\nSt\u00e4rke 1mm<\/p>\n<p>Lieferumfang:<br \/>\n9 St\u00fcck Messerklingen<br \/>\n9 St\u00fcck Schrauben<\/p>\n<p>passend f\u00fcr:<br \/>\nKress: Mission alle Modelle<br \/>\nWorx: Landroid alle Modelle<\/p>\n<p>Referenznummer:<br \/>\nKress: KA0001, KA0002<br \/>\nWorx: WA0190, WA0176<\/p>\n","protected":false},"excerpt":{"rendered":"<p>Hochwertige Longlife langlebige Ersatzklingen aus Spezial Stahl passend f\u00fcr alle Kress und Worx M\u00e4hroboter.<br \/>\nDurch die Doppellochung kann die Klinge einfach umgedreht werden und Sie haben wieder scharfe Messer auf Ihrem Roboter.<\/p>\n<p>L\u00e4nge: 36 mm<br \/>\nBreite: 18 mm<br \/>\nSt\u00e4rke 1mm<\/p>\n<p>Lieferumfang:<br \/>\n9 St\u00fcck Messerklingen<br \/>\n9 St\u00fcck Schrauben<\/p>\n<p>passend f\u00fcr:<br \/>\nKress: Mission alle Modelle<br \/>\nWorx: Landroid alle Modelle<\/p>\n<p>Referenznummer:<br \/>\nKress: KA0001, KA0002<br \/>\nWorx: WA0190, WA0176<\/p>\n","protected":false},"featured_media":5599,"template":"","meta":[],"product_brand":[],"product_cat":[314],"product_tag":[396,646,659,397,647,660,398,648,914,399,649,400,650,401,651,405,653,421,654,584,655,394,586,656,395,645,658],"class_list":{"0":"post-5598","1":"product","2":"type-product","3":"status-publish","4":"has-post-thumbnail","6":"product_cat-kress-ersatzteile-zubehoer","7":"product_tag-ersatzmesser","8":"product_tag-worx-ersatzmesser","9":"product_tag-landroid-wa0190","10":"product_tag-kress","11":"product_tag-kress-klingen","12":"product_tag-wa0176","13":"product_tag-langlebige","14":"product_tag-kress-ersatzmesser","15":"product_tag-worx-messer","16":"product_tag-ersatzklingen","17":"product_tag-landroid-messer","18":"product_tag-ka0002","19":"product_tag-landroid-ersatzklingen","20":"product_tag-ka0001","21":"product_tag-landroid-klingen","22":"product_tag-worx","23":"product_tag-maehroboter-klingen","24":"product_tag-messer","25":"product_tag-kress-ka0001","26":"product_tag-maehroboter-messer","27":"product_tag-kress-ka0002","28":"product_tag-kress-messer","29":"product_tag-maehroboter-ersatzmesser","30":"product_tag-landroid-ersatzmesser","31":"product_tag-klingen","32":"product_tag-worx-klingen","33":"product_tag-worx-wa0190","35":"first","36":"instock","37":"taxable","38":"shipping-taxable","39":"purchasable","40":"product-type-simple"},"yoast_head":"<!-- This site is optimized with the Yoast SEO plugin v27.4 - https:\/\/yoast.com\/product\/yoast-seo-wordpress\/ -->\n<title>Kress Worx Longlife Klingen Ersatzmesser Ersatzklingen (9 St\u00fcck) Nachbauteil KA0002 - Gartentechnik Scheerer<\/title>\n<meta name=\"robots\" content=\"index, follow, max-snippet:-1, max-image-preview:large, max-video-preview:-1\" \/>\n<link rel=\"canonical\" href=\"https:\/\/www.alfred-scheerer.de\/shop\/product\/kress-worx-longlife-klingen-ersatzmesser-ersatzklingen-9-stueck-nachbauteil-ka0002\/\" \/>\n<meta property=\"og:locale\" content=\"de_DE\" \/>\n<meta property=\"og:type\" content=\"article\" \/>\n<meta property=\"og:title\" content=\"Kress Worx Longlife Klingen Ersatzmesser Ersatzklingen (9 St\u00fcck) Nachbauteil KA0002 - Gartentechnik Scheerer\" \/>\n<meta property=\"og:description\" content=\"Hochwertige Longlife langlebige Ersatzklingen aus Spezial Stahl passend f\u00fcr alle Kress und Worx M\u00e4hroboter. Durch die Doppellochung kann die Klinge einfach umgedreht werden und Sie haben wieder scharfe Messer auf Ihrem Roboter.  L\u00e4nge: 36 mm Breite: 18 mm St\u00e4rke 1mm  Lieferumfang: 9 St\u00fcck Messerklingen 9 St\u00fcck Schrauben  passend f\u00fcr: Kress: Mission alle Modelle Worx: Landroid alle Modelle  Referenznummer: Kress: KA0001, KA0002 Worx: WA0190, WA0176\" \/>\n<meta property=\"og:url\" content=\"https:\/\/www.alfred-scheerer.de\/shop\/product\/kress-worx-longlife-klingen-ersatzmesser-ersatzklingen-9-stueck-nachbauteil-ka0002\/\" \/>\n<meta property=\"og:site_name\" content=\"Gartentechnik Scheerer\" \/>\n<meta property=\"article:modified_time\" content=\"2026-01-08T11:10:50+00:00\" \/>\n<meta property=\"og:image\" content=\"https:\/\/www.alfred-scheerer.de\/shop\/wp-content\/uploads\/2022\/03\/Kress-Messer-KA0001-KA0002-Ersatzmesser-Klingen.jpg\" \/>\n\t<meta property=\"og:image:width\" content=\"800\" \/>\n\t<meta property=\"og:image:height\" content=\"800\" \/>\n\t<meta property=\"og:image:type\" content=\"image\/jpeg\" \/>\n<meta name=\"twitter:card\" content=\"summary_large_image\" \/>\n<script type=\"application\/ld+json\" class=\"yoast-schema-graph\">{\"@context\":\"https:\\\/\\\/schema.org\",\"@graph\":[{\"@type\":\"WebPage\",\"@id\":\"https:\\\/\\\/www.alfred-scheerer.de\\\/shop\\\/product\\\/kress-worx-longlife-klingen-ersatzmesser-ersatzklingen-9-stueck-nachbauteil-ka0002\\\/\",\"url\":\"https:\\\/\\\/www.alfred-scheerer.de\\\/shop\\\/product\\\/kress-worx-longlife-klingen-ersatzmesser-ersatzklingen-9-stueck-nachbauteil-ka0002\\\/\",\"name\":\"Kress Worx Longlife Klingen Ersatzmesser Ersatzklingen (9 St\u00fcck) Nachbauteil KA0002 - Gartentechnik Scheerer\",\"isPartOf\":{\"@id\":\"https:\\\/\\\/www.alfred-scheerer.de\\\/shop\\\/#website\"},\"primaryImageOfPage\":{\"@id\":\"https:\\\/\\\/www.alfred-scheerer.de\\\/shop\\\/product\\\/kress-worx-longlife-klingen-ersatzmesser-ersatzklingen-9-stueck-nachbauteil-ka0002\\\/#primaryimage\"},\"image\":{\"@id\":\"https:\\\/\\\/www.alfred-scheerer.de\\\/shop\\\/product\\\/kress-worx-longlife-klingen-ersatzmesser-ersatzklingen-9-stueck-nachbauteil-ka0002\\\/#primaryimage\"},\"thumbnailUrl\":\"https:\\\/\\\/www.alfred-scheerer.de\\\/shop\\\/wp-content\\\/uploads\\\/2022\\\/03\\\/Kress-Messer-KA0001-KA0002-Ersatzmesser-Klingen.jpg\",\"datePublished\":\"2022-03-15T12:29:47+00:00\",\"dateModified\":\"2026-01-08T11:10:50+00:00\",\"breadcrumb\":{\"@id\":\"https:\\\/\\\/www.alfred-scheerer.de\\\/shop\\\/product\\\/kress-worx-longlife-klingen-ersatzmesser-ersatzklingen-9-stueck-nachbauteil-ka0002\\\/#breadcrumb\"},\"inLanguage\":\"de\",\"potentialAction\":[{\"@type\":\"ReadAction\",\"target\":[\"https:\\\/\\\/www.alfred-scheerer.de\\\/shop\\\/product\\\/kress-worx-longlife-klingen-ersatzmesser-ersatzklingen-9-stueck-nachbauteil-ka0002\\\/\"]}]},{\"@type\":\"ImageObject\",\"inLanguage\":\"de\",\"@id\":\"https:\\\/\\\/www.alfred-scheerer.de\\\/shop\\\/product\\\/kress-worx-longlife-klingen-ersatzmesser-ersatzklingen-9-stueck-nachbauteil-ka0002\\\/#primaryimage\",\"url\":\"https:\\\/\\\/www.alfred-scheerer.de\\\/shop\\\/wp-content\\\/uploads\\\/2022\\\/03\\\/Kress-Messer-KA0001-KA0002-Ersatzmesser-Klingen.jpg\",\"contentUrl\":\"https:\\\/\\\/www.alfred-scheerer.de\\\/shop\\\/wp-content\\\/uploads\\\/2022\\\/03\\\/Kress-Messer-KA0001-KA0002-Ersatzmesser-Klingen.jpg\",\"width\":800,\"height\":800},{\"@type\":\"BreadcrumbList\",\"@id\":\"https:\\\/\\\/www.alfred-scheerer.de\\\/shop\\\/product\\\/kress-worx-longlife-klingen-ersatzmesser-ersatzklingen-9-stueck-nachbauteil-ka0002\\\/#breadcrumb\",\"itemListElement\":[{\"@type\":\"ListItem\",\"position\":1,\"name\":\"Startseite\",\"item\":\"https:\\\/\\\/www.alfred-scheerer.de\\\/shop\\\/\"},{\"@type\":\"ListItem\",\"position\":2,\"name\":\"Gartentechnik Scheerer &#8211; Der Online Shop f\u00fcr M\u00e4hroboter und Zubeh\u00f6r\",\"item\":\"https:\\\/\\\/www.alfred-scheerer.de\\\/shop\\\/\"},{\"@type\":\"ListItem\",\"position\":3,\"name\":\"Kress Worx Longlife Klingen Ersatzmesser Ersatzklingen (9 St\u00fcck) Nachbauteil KA0002\"}]},{\"@type\":\"WebSite\",\"@id\":\"https:\\\/\\\/www.alfred-scheerer.de\\\/shop\\\/#website\",\"url\":\"https:\\\/\\\/www.alfred-scheerer.de\\\/shop\\\/\",\"name\":\"Scheerer GmbH (ehem. Alfred Scheerer e.K.)\",\"description\":\"Der Online Shop aus Wermelskirchen f\u00fcr M\u00e4hroboter, Akku Gartenger\u00e4te, Ersatzteile und Zubeh\u00f6r\",\"publisher\":{\"@id\":\"https:\\\/\\\/www.alfred-scheerer.de\\\/shop\\\/#organization\"},\"potentialAction\":[{\"@type\":\"SearchAction\",\"target\":{\"@type\":\"EntryPoint\",\"urlTemplate\":\"https:\\\/\\\/www.alfred-scheerer.de\\\/shop\\\/?s={search_term_string}\"},\"query-input\":{\"@type\":\"PropertyValueSpecification\",\"valueRequired\":true,\"valueName\":\"search_term_string\"}}],\"inLanguage\":\"de\"},{\"@type\":\"Organization\",\"@id\":\"https:\\\/\\\/www.alfred-scheerer.de\\\/shop\\\/#organization\",\"name\":\"Scheerer GmbH\",\"url\":\"https:\\\/\\\/www.alfred-scheerer.de\\\/shop\\\/\",\"logo\":{\"@type\":\"ImageObject\",\"inLanguage\":\"de\",\"@id\":\"https:\\\/\\\/www.alfred-scheerer.de\\\/shop\\\/#\\\/schema\\\/logo\\\/image\\\/\",\"url\":\"https:\\\/\\\/alfred-scheerer.de\\\/shop\\\/wp-content\\\/uploads\\\/2024\\\/05\\\/baum.jpg\",\"contentUrl\":\"https:\\\/\\\/alfred-scheerer.de\\\/shop\\\/wp-content\\\/uploads\\\/2024\\\/05\\\/baum.jpg\",\"width\":512,\"height\":512,\"caption\":\"Scheerer GmbH\"},\"image\":{\"@id\":\"https:\\\/\\\/www.alfred-scheerer.de\\\/shop\\\/#\\\/schema\\\/logo\\\/image\\\/\"},\"sameAs\":[\"https:\\\/\\\/www.instagram.com\\\/alfredscheerer\\\/\"]}]}<\/script>\n<!-- \/ Yoast SEO plugin. -->","yoast_head_json":{"title":"Kress Worx Longlife Klingen Ersatzmesser Ersatzklingen (9 St\u00fcck) Nachbauteil KA0002 - Gartentechnik Scheerer","robots":{"index":"index","follow":"follow","max-snippet":"max-snippet:-1","max-image-preview":"max-image-preview:large","max-video-preview":"max-video-preview:-1"},"canonical":"https:\/\/www.alfred-scheerer.de\/shop\/product\/kress-worx-longlife-klingen-ersatzmesser-ersatzklingen-9-stueck-nachbauteil-ka0002\/","og_locale":"de_DE","og_type":"article","og_title":"Kress Worx Longlife Klingen Ersatzmesser Ersatzklingen (9 St\u00fcck) Nachbauteil KA0002 - Gartentechnik Scheerer","og_description":"Hochwertige Longlife langlebige Ersatzklingen aus Spezial Stahl passend f\u00fcr alle Kress und Worx M\u00e4hroboter. Durch die Doppellochung kann die Klinge einfach umgedreht werden und Sie haben wieder scharfe Messer auf Ihrem Roboter.  L\u00e4nge: 36 mm Breite: 18 mm St\u00e4rke 1mm  Lieferumfang: 9 St\u00fcck Messerklingen 9 St\u00fcck Schrauben  passend f\u00fcr: Kress: Mission alle Modelle Worx: Landroid alle Modelle  Referenznummer: Kress: KA0001, KA0002 Worx: WA0190, WA0176","og_url":"https:\/\/www.alfred-scheerer.de\/shop\/product\/kress-worx-longlife-klingen-ersatzmesser-ersatzklingen-9-stueck-nachbauteil-ka0002\/","og_site_name":"Gartentechnik Scheerer","article_modified_time":"2026-01-08T11:10:50+00:00","og_image":[{"width":800,"height":800,"url":"https:\/\/www.alfred-scheerer.de\/shop\/wp-content\/uploads\/2022\/03\/Kress-Messer-KA0001-KA0002-Ersatzmesser-Klingen.jpg","type":"image\/jpeg"}],"twitter_card":"summary_large_image","schema":{"@context":"https:\/\/schema.org","@graph":[{"@type":"WebPage","@id":"https:\/\/www.alfred-scheerer.de\/shop\/product\/kress-worx-longlife-klingen-ersatzmesser-ersatzklingen-9-stueck-nachbauteil-ka0002\/","url":"https:\/\/www.alfred-scheerer.de\/shop\/product\/kress-worx-longlife-klingen-ersatzmesser-ersatzklingen-9-stueck-nachbauteil-ka0002\/","name":"Kress Worx Longlife Klingen Ersatzmesser Ersatzklingen (9 St\u00fcck) Nachbauteil KA0002 - Gartentechnik Scheerer","isPartOf":{"@id":"https:\/\/www.alfred-scheerer.de\/shop\/#website"},"primaryImageOfPage":{"@id":"https:\/\/www.alfred-scheerer.de\/shop\/product\/kress-worx-longlife-klingen-ersatzmesser-ersatzklingen-9-stueck-nachbauteil-ka0002\/#primaryimage"},"image":{"@id":"https:\/\/www.alfred-scheerer.de\/shop\/product\/kress-worx-longlife-klingen-ersatzmesser-ersatzklingen-9-stueck-nachbauteil-ka0002\/#primaryimage"},"thumbnailUrl":"https:\/\/www.alfred-scheerer.de\/shop\/wp-content\/uploads\/2022\/03\/Kress-Messer-KA0001-KA0002-Ersatzmesser-Klingen.jpg","datePublished":"2022-03-15T12:29:47+00:00","dateModified":"2026-01-08T11:10:50+00:00","breadcrumb":{"@id":"https:\/\/www.alfred-scheerer.de\/shop\/product\/kress-worx-longlife-klingen-ersatzmesser-ersatzklingen-9-stueck-nachbauteil-ka0002\/#breadcrumb"},"inLanguage":"de","potentialAction":[{"@type":"ReadAction","target":["https:\/\/www.alfred-scheerer.de\/shop\/product\/kress-worx-longlife-klingen-ersatzmesser-ersatzklingen-9-stueck-nachbauteil-ka0002\/"]}]},{"@type":"ImageObject","inLanguage":"de","@id":"https:\/\/www.alfred-scheerer.de\/shop\/product\/kress-worx-longlife-klingen-ersatzmesser-ersatzklingen-9-stueck-nachbauteil-ka0002\/#primaryimage","url":"https:\/\/www.alfred-scheerer.de\/shop\/wp-content\/uploads\/2022\/03\/Kress-Messer-KA0001-KA0002-Ersatzmesser-Klingen.jpg","contentUrl":"https:\/\/www.alfred-scheerer.de\/shop\/wp-content\/uploads\/2022\/03\/Kress-Messer-KA0001-KA0002-Ersatzmesser-Klingen.jpg","width":800,"height":800},{"@type":"BreadcrumbList","@id":"https:\/\/www.alfred-scheerer.de\/shop\/product\/kress-worx-longlife-klingen-ersatzmesser-ersatzklingen-9-stueck-nachbauteil-ka0002\/#breadcrumb","itemListElement":[{"@type":"ListItem","position":1,"name":"Startseite","item":"https:\/\/www.alfred-scheerer.de\/shop\/"},{"@type":"ListItem","position":2,"name":"Gartentechnik Scheerer &#8211; Der Online Shop f\u00fcr M\u00e4hroboter und Zubeh\u00f6r","item":"https:\/\/www.alfred-scheerer.de\/shop\/"},{"@type":"ListItem","position":3,"name":"Kress Worx Longlife Klingen Ersatzmesser Ersatzklingen (9 St\u00fcck) Nachbauteil KA0002"}]},{"@type":"WebSite","@id":"https:\/\/www.alfred-scheerer.de\/shop\/#website","url":"https:\/\/www.alfred-scheerer.de\/shop\/","name":"Scheerer GmbH (ehem. Alfred Scheerer e.K.)","description":"Der Online Shop aus Wermelskirchen f\u00fcr M\u00e4hroboter, Akku Gartenger\u00e4te, Ersatzteile und Zubeh\u00f6r","publisher":{"@id":"https:\/\/www.alfred-scheerer.de\/shop\/#organization"},"potentialAction":[{"@type":"SearchAction","target":{"@type":"EntryPoint","urlTemplate":"https:\/\/www.alfred-scheerer.de\/shop\/?s={search_term_string}"},"query-input":{"@type":"PropertyValueSpecification","valueRequired":true,"valueName":"search_term_string"}}],"inLanguage":"de"},{"@type":"Organization","@id":"https:\/\/www.alfred-scheerer.de\/shop\/#organization","name":"Scheerer GmbH","url":"https:\/\/www.alfred-scheerer.de\/shop\/","logo":{"@type":"ImageObject","inLanguage":"de","@id":"https:\/\/www.alfred-scheerer.de\/shop\/#\/schema\/logo\/image\/","url":"https:\/\/alfred-scheerer.de\/shop\/wp-content\/uploads\/2024\/05\/baum.jpg","contentUrl":"https:\/\/alfred-scheerer.de\/shop\/wp-content\/uploads\/2024\/05\/baum.jpg","width":512,"height":512,"caption":"Scheerer GmbH"},"image":{"@id":"https:\/\/www.alfred-scheerer.de\/shop\/#\/schema\/logo\/image\/"},"sameAs":["https:\/\/www.instagram.com\/alfredscheerer\/"]}]}},"_links":{"self":[{"href":"https:\/\/www.alfred-scheerer.de\/shop\/wp-json\/wp\/v2\/product\/5598","targetHints":{"allow":["GET"]}}],"collection":[{"href":"https:\/\/www.alfred-scheerer.de\/shop\/wp-json\/wp\/v2\/product"}],"about":[{"href":"https:\/\/www.alfred-scheerer.de\/shop\/wp-json\/wp\/v2\/types\/product"}],"wp:featuredmedia":[{"embeddable":true,"href":"https:\/\/www.alfred-scheerer.de\/shop\/wp-json\/wp\/v2\/media\/5599"}],"wp:attachment":[{"href":"https:\/\/www.alfred-scheerer.de\/shop\/wp-json\/wp\/v2\/media?parent=5598"}],"wp:term":[{"taxonomy":"product_brand","embeddable":true,"href":"https:\/\/www.alfred-scheerer.de\/shop\/wp-json\/wp\/v2\/product_brand?post=5598"},{"taxonomy":"product_cat","embeddable":true,"href":"https:\/\/www.alfred-scheerer.de\/shop\/wp-json\/wp\/v2\/product_cat?post=5598"},{"taxonomy":"product_tag","embeddable":true,"href":"https:\/\/www.alfred-scheerer.de\/shop\/wp-json\/wp\/v2\/product_tag?post=5598"}],"curies":[{"name":"wp","href":"https:\/\/api.w.org\/{rel}","templated":true}]}}