{"id":5699,"date":"2022-04-03T16:56:36","date_gmt":"2022-04-03T14:56:36","guid":{"rendered":"https:\/\/alfred-scheerer.de\/shop\/?post_type=product&#038;p=5699"},"modified":"2024-06-03T05:18:49","modified_gmt":"2024-06-03T03:18:49","slug":"connect-modul-ambrogio-wiper-techline-nachruestung-upgrade-kit-4g-gsm-gps","status":"publish","type":"product","link":"https:\/\/www.alfred-scheerer.de\/shop\/product\/connect-modul-ambrogio-wiper-techline-nachruestung-upgrade-kit-4g-gsm-gps\/","title":{"rendered":"Connect Modul Ambrogio Wiper Techline Nachr\u00fcstung Upgrade Kit 4G GSM GPS"},"content":{"rendered":"<p>Ambrogio Wiper ZCS 4G Connect GPS\/GSM Modul zur Nachr\u00fcstung.<br \/>\nDurch den nachtr\u00e4glichen Einbau kannst Du den Roboter aus der Ferne per App \u00fcberwachen, fernbedienen und erh\u00e4ltst zus\u00e4tzlich noch die Geofence Funktion (Diebstahlschutz).<\/p>\n<p>In Zusammenhang mit einem neu gekauften Roboter, bauen wir das Modul direkt in den Roboter ein.<\/p>\n<p>Bei Einbau in einen gebrauchten Roboter, schickst Du uns deinen Roboter zu. Wir bauen das Modul f\u00fcr Dich ein und senden dir den Roboter wieder zur\u00fcck. Bitte lege die Bestellbest\u00e4tigung mit ins Paket, damit wir den Roboter zuordnen k\u00f6nnen.<\/p>\n<p>Das Modul ist bereits f\u00fcr 2 Jahre aktiviert. Ab dem 3. Jahr fallen pro Jahr Geb\u00fchren an. Die Verl\u00e4ngerung erfolgt \u00fcber die Remote App.<\/p>\n<p>Lieferumfang:<br \/>\nOriginal ZCS Connect Modul inkl. GPS- u. GSM-Antenne<br \/>\nEinbauanleitung bei Selbsteinbau<\/p>\n<p>passend f\u00fcr:<br \/>\nAmbrogio: L60 ab Bj. 2020, L15, Twenty Deluxe, Twenty ZR, Twenty 25\/29 Deluxe, L32, L35 Basic, L250 Deluxe, 4.0 Basic<br \/>\nWiper: Blitz XH4 ab Bj. 2020, iKE, i70, i100R, C80, C120, F28, Premium K- Serie<\/p>\n<p>Referenznummer:<br \/>\nAmbrogio, Wiper, ZCS: 015A05000A_R, 015E01300A_R, 042Z25000A_R, 110A00070A_R, 042Z23000A, 042Z25000A, 110A00080A, 110A00060A<\/p>\n<p><strong>Hinweis: Wurde das Modul bereits aktiviert und Sie m\u00f6chten das Widerrufsrecht in Anspruch nehmen, werden die zwei Jahre Datentarif (54,90 EUR) vom R\u00fcckerstattungsbetrag abgezogen!<\/strong><\/p>\n","protected":false},"excerpt":{"rendered":"<p>Ambrogio Wiper ZCS 4G Connect GPS\/GSM Modul zur Nachr\u00fcstung.<br \/>\nWahlweise zum Selbsteinbau oder inkl. Einbau durch uns.<br \/>\nDas Modul ist bereits f\u00fcr 2 Jahre aktiviert. Ab dem 3. Jahr fallen pro Jahr Geb\u00fchren an. Die Verl\u00e4ngerung erfolgt \u00fcber die Remote App.<\/p>\n<p>Lieferumfang:<br \/>\nOriginal ZCS Connect Modul inkl. GPS- u. GSM-Antenne<br \/>\nEinbauanleitung (pdf) bei Selbsteinbau<\/p>\n<p><strong>Hinweis: Wurde das Modul bereits aktiviert und Sie m\u00f6chten das Widerrufsrecht in Anspruch nehmen, werden die zwei Jahre Datentarif (54,90 EUR) vom R\u00fcckerstattungsbetrag abgezogen!<\/strong><\/p>\n","protected":false},"featured_media":4093,"template":"","meta":[],"product_brand":[],"product_cat":[1431,312,1566,1567,94,97,100,175,179,304,305,306],"product_tag":[553,554,555,1208,1426,1427,1428,1429,1430],"class_list":{"0":"post-5699","1":"product","2":"type-product","3":"status-publish","4":"has-post-thumbnail","6":"product_cat-twenty-zr","7":"product_cat-wiper-ersatzteile-zubehoer","8":"product_cat-l25-twenty-25","9":"product_cat-twenty-29","10":"product_cat-ambrogio-ersatzteile-zubehoer","11":"product_cat-l50-l60","12":"product_cat-l250-l250i","13":"product_cat-l15","14":"product_cat-l35","15":"product_cat-l20-twenty","16":"product_cat-4-0-basic","17":"product_cat-l32","18":"product_tag-connect-modul-ambrogio","19":"product_tag-connect-modul-wiper","20":"product_tag-connect-modul","21":"product_tag-connect-modul-nachruesten","22":"product_tag-015e01300a_r","23":"product_tag-015a05000a_r","24":"product_tag-110a00070a_r","25":"product_tag-110a00080a","26":"product_tag-110a00060a","27":"wcpa_has_options","29":"first","30":"outofstock","31":"taxable","32":"shipping-taxable","33":"purchasable","34":"product-type-variable"},"yoast_head":"<!-- This site is optimized with the Yoast SEO plugin v27.5 - https:\/\/yoast.com\/product\/yoast-seo-wordpress\/ -->\n<title>Connect Modul Ambrogio Wiper Techline Upgrade Kit Nachr\u00fcstung<\/title>\n<meta name=\"description\" content=\"Connect Modul nachr\u00fcsten Ambrogio L15, Twenty Deluxe, Twenty ZR, L32, L35 Basic, L250 Deluxe, 4.0 Basic, L60 - Wiper iKE, i70, i100R, C80, C120, F28, K, 015A05000A_R, Techline 015E01300A_R, 042Z25000A_R, 110A00070A_R, 042Z23000A, 042Z25000A, 110A00080A, 110A00060A\" \/>\n<meta name=\"robots\" content=\"index, follow, max-snippet:-1, max-image-preview:large, max-video-preview:-1\" \/>\n<link rel=\"canonical\" href=\"https:\/\/www.alfred-scheerer.de\/shop\/product\/connect-modul-ambrogio-wiper-techline-nachruestung-upgrade-kit-4g-gsm-gps\/\" \/>\n<meta property=\"og:locale\" content=\"de_DE\" \/>\n<meta property=\"og:type\" content=\"article\" \/>\n<meta property=\"og:title\" content=\"Connect Modul Ambrogio Wiper Techline Upgrade Kit Nachr\u00fcstung\" \/>\n<meta property=\"og:description\" content=\"Connect Modul nachr\u00fcsten Ambrogio L15, Twenty Deluxe, Twenty ZR, L32, L35 Basic, L250 Deluxe, 4.0 Basic, L60 - Wiper iKE, i70, i100R, C80, C120, F28, K, 015A05000A_R, Techline 015E01300A_R, 042Z25000A_R, 110A00070A_R, 042Z23000A, 042Z25000A, 110A00080A, 110A00060A\" \/>\n<meta property=\"og:url\" content=\"https:\/\/www.alfred-scheerer.de\/shop\/product\/connect-modul-ambrogio-wiper-techline-nachruestung-upgrade-kit-4g-gsm-gps\/\" \/>\n<meta property=\"og:site_name\" content=\"Gartentechnik Scheerer\" \/>\n<meta property=\"article:modified_time\" content=\"2024-06-03T03:18:49+00:00\" \/>\n<meta property=\"og:image\" content=\"https:\/\/www.alfred-scheerer.de\/shop\/wp-content\/uploads\/2020\/11\/WIFI-conect-300-x300.gif\" \/>\n\t<meta property=\"og:image:width\" content=\"300\" \/>\n\t<meta property=\"og:image:height\" content=\"300\" \/>\n\t<meta property=\"og:image:type\" content=\"image\/gif\" \/>\n<meta name=\"twitter:card\" content=\"summary_large_image\" \/>\n<meta name=\"twitter:label1\" content=\"Gesch\u00e4tzte Lesezeit\" \/>\n\t<meta name=\"twitter:data1\" content=\"1\u00a0Minute\" \/>\n<script type=\"application\/ld+json\" class=\"yoast-schema-graph\">{\"@context\":\"https:\\\/\\\/schema.org\",\"@graph\":[{\"@type\":\"WebPage\",\"@id\":\"https:\\\/\\\/www.alfred-scheerer.de\\\/shop\\\/product\\\/connect-modul-ambrogio-wiper-techline-nachruestung-upgrade-kit-4g-gsm-gps\\\/\",\"url\":\"https:\\\/\\\/www.alfred-scheerer.de\\\/shop\\\/product\\\/connect-modul-ambrogio-wiper-techline-nachruestung-upgrade-kit-4g-gsm-gps\\\/\",\"name\":\"Connect Modul Ambrogio Wiper Techline Upgrade Kit Nachr\u00fcstung\",\"isPartOf\":{\"@id\":\"https:\\\/\\\/www.alfred-scheerer.de\\\/shop\\\/#website\"},\"primaryImageOfPage\":{\"@id\":\"https:\\\/\\\/www.alfred-scheerer.de\\\/shop\\\/product\\\/connect-modul-ambrogio-wiper-techline-nachruestung-upgrade-kit-4g-gsm-gps\\\/#primaryimage\"},\"image\":{\"@id\":\"https:\\\/\\\/www.alfred-scheerer.de\\\/shop\\\/product\\\/connect-modul-ambrogio-wiper-techline-nachruestung-upgrade-kit-4g-gsm-gps\\\/#primaryimage\"},\"thumbnailUrl\":\"https:\\\/\\\/www.alfred-scheerer.de\\\/shop\\\/wp-content\\\/uploads\\\/2020\\\/11\\\/WIFI-conect-300-x300.gif\",\"datePublished\":\"2022-04-03T14:56:36+00:00\",\"dateModified\":\"2024-06-03T03:18:49+00:00\",\"description\":\"Connect Modul nachr\u00fcsten Ambrogio L15, Twenty Deluxe, Twenty ZR, L32, L35 Basic, L250 Deluxe, 4.0 Basic, L60 - Wiper iKE, i70, i100R, C80, C120, F28, K, 015A05000A_R, Techline 015E01300A_R, 042Z25000A_R, 110A00070A_R, 042Z23000A, 042Z25000A, 110A00080A, 110A00060A\",\"breadcrumb\":{\"@id\":\"https:\\\/\\\/www.alfred-scheerer.de\\\/shop\\\/product\\\/connect-modul-ambrogio-wiper-techline-nachruestung-upgrade-kit-4g-gsm-gps\\\/#breadcrumb\"},\"inLanguage\":\"de\",\"potentialAction\":[{\"@type\":\"ReadAction\",\"target\":[\"https:\\\/\\\/www.alfred-scheerer.de\\\/shop\\\/product\\\/connect-modul-ambrogio-wiper-techline-nachruestung-upgrade-kit-4g-gsm-gps\\\/\"]}]},{\"@type\":\"ImageObject\",\"inLanguage\":\"de\",\"@id\":\"https:\\\/\\\/www.alfred-scheerer.de\\\/shop\\\/product\\\/connect-modul-ambrogio-wiper-techline-nachruestung-upgrade-kit-4g-gsm-gps\\\/#primaryimage\",\"url\":\"https:\\\/\\\/www.alfred-scheerer.de\\\/shop\\\/wp-content\\\/uploads\\\/2020\\\/11\\\/WIFI-conect-300-x300.gif\",\"contentUrl\":\"https:\\\/\\\/www.alfred-scheerer.de\\\/shop\\\/wp-content\\\/uploads\\\/2020\\\/11\\\/WIFI-conect-300-x300.gif\",\"width\":300,\"height\":300},{\"@type\":\"BreadcrumbList\",\"@id\":\"https:\\\/\\\/www.alfred-scheerer.de\\\/shop\\\/product\\\/connect-modul-ambrogio-wiper-techline-nachruestung-upgrade-kit-4g-gsm-gps\\\/#breadcrumb\",\"itemListElement\":[{\"@type\":\"ListItem\",\"position\":1,\"name\":\"Startseite\",\"item\":\"https:\\\/\\\/www.alfred-scheerer.de\\\/shop\\\/\"},{\"@type\":\"ListItem\",\"position\":2,\"name\":\"Gartentechnik Scheerer &#8211; Der Online Shop f\u00fcr M\u00e4hroboter und Zubeh\u00f6r\",\"item\":\"https:\\\/\\\/www.alfred-scheerer.de\\\/shop\\\/\"},{\"@type\":\"ListItem\",\"position\":3,\"name\":\"Connect Modul Ambrogio Wiper Techline Nachr\u00fcstung Upgrade Kit 4G GSM GPS\"}]},{\"@type\":\"WebSite\",\"@id\":\"https:\\\/\\\/www.alfred-scheerer.de\\\/shop\\\/#website\",\"url\":\"https:\\\/\\\/www.alfred-scheerer.de\\\/shop\\\/\",\"name\":\"Scheerer GmbH (ehem. Alfred Scheerer e.K.)\",\"description\":\"Der Online Shop aus Wermelskirchen f\u00fcr M\u00e4hroboter, Akku Gartenger\u00e4te, Ersatzteile und Zubeh\u00f6r\",\"publisher\":{\"@id\":\"https:\\\/\\\/www.alfred-scheerer.de\\\/shop\\\/#organization\"},\"potentialAction\":[{\"@type\":\"SearchAction\",\"target\":{\"@type\":\"EntryPoint\",\"urlTemplate\":\"https:\\\/\\\/www.alfred-scheerer.de\\\/shop\\\/?s={search_term_string}\"},\"query-input\":{\"@type\":\"PropertyValueSpecification\",\"valueRequired\":true,\"valueName\":\"search_term_string\"}}],\"inLanguage\":\"de\"},{\"@type\":\"Organization\",\"@id\":\"https:\\\/\\\/www.alfred-scheerer.de\\\/shop\\\/#organization\",\"name\":\"Scheerer GmbH\",\"url\":\"https:\\\/\\\/www.alfred-scheerer.de\\\/shop\\\/\",\"logo\":{\"@type\":\"ImageObject\",\"inLanguage\":\"de\",\"@id\":\"https:\\\/\\\/www.alfred-scheerer.de\\\/shop\\\/#\\\/schema\\\/logo\\\/image\\\/\",\"url\":\"https:\\\/\\\/alfred-scheerer.de\\\/shop\\\/wp-content\\\/uploads\\\/2024\\\/05\\\/baum.jpg\",\"contentUrl\":\"https:\\\/\\\/alfred-scheerer.de\\\/shop\\\/wp-content\\\/uploads\\\/2024\\\/05\\\/baum.jpg\",\"width\":512,\"height\":512,\"caption\":\"Scheerer GmbH\"},\"image\":{\"@id\":\"https:\\\/\\\/www.alfred-scheerer.de\\\/shop\\\/#\\\/schema\\\/logo\\\/image\\\/\"},\"sameAs\":[\"https:\\\/\\\/www.instagram.com\\\/alfredscheerer\\\/\"]}]}<\/script>\n<!-- \/ Yoast SEO plugin. -->","yoast_head_json":{"title":"Connect Modul Ambrogio Wiper Techline Upgrade Kit Nachr\u00fcstung","description":"Connect Modul nachr\u00fcsten Ambrogio L15, Twenty Deluxe, Twenty ZR, L32, L35 Basic, L250 Deluxe, 4.0 Basic, L60 - Wiper iKE, i70, i100R, C80, C120, F28, K, 015A05000A_R, Techline 015E01300A_R, 042Z25000A_R, 110A00070A_R, 042Z23000A, 042Z25000A, 110A00080A, 110A00060A","robots":{"index":"index","follow":"follow","max-snippet":"max-snippet:-1","max-image-preview":"max-image-preview:large","max-video-preview":"max-video-preview:-1"},"canonical":"https:\/\/www.alfred-scheerer.de\/shop\/product\/connect-modul-ambrogio-wiper-techline-nachruestung-upgrade-kit-4g-gsm-gps\/","og_locale":"de_DE","og_type":"article","og_title":"Connect Modul Ambrogio Wiper Techline Upgrade Kit Nachr\u00fcstung","og_description":"Connect Modul nachr\u00fcsten Ambrogio L15, Twenty Deluxe, Twenty ZR, L32, L35 Basic, L250 Deluxe, 4.0 Basic, L60 - Wiper iKE, i70, i100R, C80, C120, F28, K, 015A05000A_R, Techline 015E01300A_R, 042Z25000A_R, 110A00070A_R, 042Z23000A, 042Z25000A, 110A00080A, 110A00060A","og_url":"https:\/\/www.alfred-scheerer.de\/shop\/product\/connect-modul-ambrogio-wiper-techline-nachruestung-upgrade-kit-4g-gsm-gps\/","og_site_name":"Gartentechnik Scheerer","article_modified_time":"2024-06-03T03:18:49+00:00","og_image":[{"width":300,"height":300,"url":"https:\/\/www.alfred-scheerer.de\/shop\/wp-content\/uploads\/2020\/11\/WIFI-conect-300-x300.gif","type":"image\/gif"}],"twitter_card":"summary_large_image","twitter_misc":{"Gesch\u00e4tzte Lesezeit":"1\u00a0Minute"},"schema":{"@context":"https:\/\/schema.org","@graph":[{"@type":"WebPage","@id":"https:\/\/www.alfred-scheerer.de\/shop\/product\/connect-modul-ambrogio-wiper-techline-nachruestung-upgrade-kit-4g-gsm-gps\/","url":"https:\/\/www.alfred-scheerer.de\/shop\/product\/connect-modul-ambrogio-wiper-techline-nachruestung-upgrade-kit-4g-gsm-gps\/","name":"Connect Modul Ambrogio Wiper Techline Upgrade Kit Nachr\u00fcstung","isPartOf":{"@id":"https:\/\/www.alfred-scheerer.de\/shop\/#website"},"primaryImageOfPage":{"@id":"https:\/\/www.alfred-scheerer.de\/shop\/product\/connect-modul-ambrogio-wiper-techline-nachruestung-upgrade-kit-4g-gsm-gps\/#primaryimage"},"image":{"@id":"https:\/\/www.alfred-scheerer.de\/shop\/product\/connect-modul-ambrogio-wiper-techline-nachruestung-upgrade-kit-4g-gsm-gps\/#primaryimage"},"thumbnailUrl":"https:\/\/www.alfred-scheerer.de\/shop\/wp-content\/uploads\/2020\/11\/WIFI-conect-300-x300.gif","datePublished":"2022-04-03T14:56:36+00:00","dateModified":"2024-06-03T03:18:49+00:00","description":"Connect Modul nachr\u00fcsten Ambrogio L15, Twenty Deluxe, Twenty ZR, L32, L35 Basic, L250 Deluxe, 4.0 Basic, L60 - Wiper iKE, i70, i100R, C80, C120, F28, K, 015A05000A_R, Techline 015E01300A_R, 042Z25000A_R, 110A00070A_R, 042Z23000A, 042Z25000A, 110A00080A, 110A00060A","breadcrumb":{"@id":"https:\/\/www.alfred-scheerer.de\/shop\/product\/connect-modul-ambrogio-wiper-techline-nachruestung-upgrade-kit-4g-gsm-gps\/#breadcrumb"},"inLanguage":"de","potentialAction":[{"@type":"ReadAction","target":["https:\/\/www.alfred-scheerer.de\/shop\/product\/connect-modul-ambrogio-wiper-techline-nachruestung-upgrade-kit-4g-gsm-gps\/"]}]},{"@type":"ImageObject","inLanguage":"de","@id":"https:\/\/www.alfred-scheerer.de\/shop\/product\/connect-modul-ambrogio-wiper-techline-nachruestung-upgrade-kit-4g-gsm-gps\/#primaryimage","url":"https:\/\/www.alfred-scheerer.de\/shop\/wp-content\/uploads\/2020\/11\/WIFI-conect-300-x300.gif","contentUrl":"https:\/\/www.alfred-scheerer.de\/shop\/wp-content\/uploads\/2020\/11\/WIFI-conect-300-x300.gif","width":300,"height":300},{"@type":"BreadcrumbList","@id":"https:\/\/www.alfred-scheerer.de\/shop\/product\/connect-modul-ambrogio-wiper-techline-nachruestung-upgrade-kit-4g-gsm-gps\/#breadcrumb","itemListElement":[{"@type":"ListItem","position":1,"name":"Startseite","item":"https:\/\/www.alfred-scheerer.de\/shop\/"},{"@type":"ListItem","position":2,"name":"Gartentechnik Scheerer &#8211; Der Online Shop f\u00fcr M\u00e4hroboter und Zubeh\u00f6r","item":"https:\/\/www.alfred-scheerer.de\/shop\/"},{"@type":"ListItem","position":3,"name":"Connect Modul Ambrogio Wiper Techline Nachr\u00fcstung Upgrade Kit 4G GSM GPS"}]},{"@type":"WebSite","@id":"https:\/\/www.alfred-scheerer.de\/shop\/#website","url":"https:\/\/www.alfred-scheerer.de\/shop\/","name":"Scheerer GmbH (ehem. Alfred Scheerer e.K.)","description":"Der Online Shop aus Wermelskirchen f\u00fcr M\u00e4hroboter, Akku Gartenger\u00e4te, Ersatzteile und Zubeh\u00f6r","publisher":{"@id":"https:\/\/www.alfred-scheerer.de\/shop\/#organization"},"potentialAction":[{"@type":"SearchAction","target":{"@type":"EntryPoint","urlTemplate":"https:\/\/www.alfred-scheerer.de\/shop\/?s={search_term_string}"},"query-input":{"@type":"PropertyValueSpecification","valueRequired":true,"valueName":"search_term_string"}}],"inLanguage":"de"},{"@type":"Organization","@id":"https:\/\/www.alfred-scheerer.de\/shop\/#organization","name":"Scheerer GmbH","url":"https:\/\/www.alfred-scheerer.de\/shop\/","logo":{"@type":"ImageObject","inLanguage":"de","@id":"https:\/\/www.alfred-scheerer.de\/shop\/#\/schema\/logo\/image\/","url":"https:\/\/alfred-scheerer.de\/shop\/wp-content\/uploads\/2024\/05\/baum.jpg","contentUrl":"https:\/\/alfred-scheerer.de\/shop\/wp-content\/uploads\/2024\/05\/baum.jpg","width":512,"height":512,"caption":"Scheerer GmbH"},"image":{"@id":"https:\/\/www.alfred-scheerer.de\/shop\/#\/schema\/logo\/image\/"},"sameAs":["https:\/\/www.instagram.com\/alfredscheerer\/"]}]}},"_links":{"self":[{"href":"https:\/\/www.alfred-scheerer.de\/shop\/wp-json\/wp\/v2\/product\/5699","targetHints":{"allow":["GET"]}}],"collection":[{"href":"https:\/\/www.alfred-scheerer.de\/shop\/wp-json\/wp\/v2\/product"}],"about":[{"href":"https:\/\/www.alfred-scheerer.de\/shop\/wp-json\/wp\/v2\/types\/product"}],"wp:featuredmedia":[{"embeddable":true,"href":"https:\/\/www.alfred-scheerer.de\/shop\/wp-json\/wp\/v2\/media\/4093"}],"wp:attachment":[{"href":"https:\/\/www.alfred-scheerer.de\/shop\/wp-json\/wp\/v2\/media?parent=5699"}],"wp:term":[{"taxonomy":"product_brand","embeddable":true,"href":"https:\/\/www.alfred-scheerer.de\/shop\/wp-json\/wp\/v2\/product_brand?post=5699"},{"taxonomy":"product_cat","embeddable":true,"href":"https:\/\/www.alfred-scheerer.de\/shop\/wp-json\/wp\/v2\/product_cat?post=5699"},{"taxonomy":"product_tag","embeddable":true,"href":"https:\/\/www.alfred-scheerer.de\/shop\/wp-json\/wp\/v2\/product_tag?post=5699"}],"curies":[{"name":"wp","href":"https:\/\/api.w.org\/{rel}","templated":true}]}}