{"id":5926,"date":"2022-05-02T10:13:22","date_gmt":"2022-05-02T08:13:22","guid":{"rendered":"https:\/\/alfred-scheerer.de\/shop\/?post_type=product&#038;p=5926"},"modified":"2025-04-17T17:07:18","modified_gmt":"2025-04-17T15:07:18","slug":"motherboard-hauptplatine-am2000-13a-sp-buerstenmotoren-ambrogio-wiper-zcs","status":"publish","type":"product","link":"https:\/\/www.alfred-scheerer.de\/shop\/product\/motherboard-hauptplatine-am2000-13a-sp-buerstenmotoren-ambrogio-wiper-zcs\/","title":{"rendered":"Motherboard Hauptplatine AM2000-13A-SP B\u00fcrstenmotoren Ambrogio Wiper ZCS"},"content":{"rendered":"<p>Motherboard AM2000-13A-SP passend f\u00fcr Ambrogio, Wiper ZCS Roboter mit AM2000 Motherboard mit B\u00fcrstenmotoren.<br \/>\n<strong>Achtung! Das Motherboard wird ohne Software ausgeliefert! Die Software muss von einem Fachh\u00e4ndler aufgespielt werden!<\/strong><br \/>\nDiesen Service k\u00f6nnen wir auch \u00fcbernehmen, bitte sprechen Sie uns dazu an.<\/p>\n<p>passend f\u00fcr Roboter mit AM2000 Platine und B\u00fcrstenmotoren:<br \/>\nAmbrogio: L30, L75, L85, L200<\/p>\n<p>nicht passend f\u00fcr:<br \/>\nAmbrogio L60<\/p>\n<p><span style=\"color: #ff0000;\"><strong>Sonderbestellung! Der Umtausch von diesem Artikel ist ausgeschlossen!<\/strong><\/span><\/p>\n","protected":false},"excerpt":{"rendered":"<p>Motherboard AM2000-13A-SP passend f\u00fcr Ambrogio, Wiper ZCS Roboter mit AM2000 Motherboard mit B\u00fcrstenmotoren.<br \/>\n<strong>Achtung! Das Motherboard wird ohne Software ausgeliefert! Die Software muss von einem Fachh\u00e4ndler aufgespielt werden!<\/strong><br \/>\nDiesen Service k\u00f6nnen wir auch \u00fcbernehmen, bitte sprechen Sie uns dazu an.<\/p>\n<p>passend f\u00fcr Roboter mit AM2000 Platine und B\u00fcrstenmotoren:<br \/>\nAmbrogio: L30, L75, L85, L200<\/p>\n<p>nicht passend f\u00fcr:<br \/>\nAmbrogio L60<\/p>\n<p><span style=\"color: #ff0000;\"><strong>Sonderbestellung! Der Umtausch von diesem Artikel ist ausgeschlossen!<\/strong><\/span><\/p>\n","protected":false},"featured_media":5927,"template":"","meta":[],"product_brand":[1756],"product_cat":[96,98,99,358],"product_tag":[],"class_list":{"0":"post-5926","1":"product","2":"type-product","3":"status-publish","4":"has-post-thumbnail","6":"product_brand-ambrogio","7":"product_cat-ambrogio-l30-ersatzteile-zubehoer","8":"product_cat-l85","9":"product_cat-l200-l210","10":"product_cat-l200r","11":"product_shipping_class-bis-10-kg-u-bezug","13":"first","14":"instock","15":"taxable","16":"shipping-taxable","17":"purchasable","18":"product-type-simple"},"yoast_head":"<!-- This site is optimized with the Yoast SEO plugin v27.4 - https:\/\/yoast.com\/product\/yoast-seo-wordpress\/ -->\n<title>Motherboard Hauptplatine AM2000-13A-SP B\u00fcrstenmotoren Ambrogio Wiper ZCS<\/title>\n<meta name=\"robots\" content=\"index, follow, max-snippet:-1, max-image-preview:large, max-video-preview:-1\" \/>\n<link rel=\"canonical\" href=\"https:\/\/www.alfred-scheerer.de\/shop\/product\/motherboard-hauptplatine-am2000-13a-sp-buerstenmotoren-ambrogio-wiper-zcs\/\" \/>\n<meta property=\"og:locale\" content=\"de_DE\" \/>\n<meta property=\"og:type\" content=\"article\" \/>\n<meta property=\"og:title\" content=\"Motherboard Hauptplatine AM2000-13A-SP B\u00fcrstenmotoren Ambrogio Wiper ZCS\" \/>\n<meta property=\"og:description\" content=\"Motherboard AM2000-13A-SP passend f\u00fcr Ambrogio, Wiper ZCS Roboter mit AM2000 Motherboard mit B\u00fcrstenmotoren. Achtung! Das Motherboard wird ohne Software ausgeliefert! Die Software muss von einem Fachh\u00e4ndler aufgespielt werden! Diesen Service k\u00f6nnen wir auch \u00fcbernehmen, bitte sprechen Sie uns dazu an.  passend f\u00fcr Roboter mit AM2000 Platine und B\u00fcrstenmotoren: Ambrogio: L30, L75, L85, L200  nicht passend f\u00fcr: Ambrogio L60  Sonderbestellung! Der Umtausch von diesem Artikel ist ausgeschlossen!\" \/>\n<meta property=\"og:url\" content=\"https:\/\/www.alfred-scheerer.de\/shop\/product\/motherboard-hauptplatine-am2000-13a-sp-buerstenmotoren-ambrogio-wiper-zcs\/\" \/>\n<meta property=\"og:site_name\" content=\"Gartentechnik Scheerer\" \/>\n<meta property=\"article:modified_time\" content=\"2025-04-17T15:07:18+00:00\" \/>\n<meta property=\"og:image\" content=\"https:\/\/www.alfred-scheerer.de\/shop\/wp-content\/uploads\/2022\/05\/Motherboard-AM2000-13A-SP.jpg\" \/>\n\t<meta property=\"og:image:width\" content=\"1920\" \/>\n\t<meta property=\"og:image:height\" content=\"2560\" \/>\n\t<meta property=\"og:image:type\" content=\"image\/jpeg\" \/>\n<meta name=\"twitter:card\" content=\"summary_large_image\" \/>\n<meta name=\"twitter:label1\" content=\"Gesch\u00e4tzte Lesezeit\" \/>\n\t<meta name=\"twitter:data1\" content=\"1\u00a0Minute\" \/>\n<script type=\"application\/ld+json\" class=\"yoast-schema-graph\">{\"@context\":\"https:\\\/\\\/schema.org\",\"@graph\":[{\"@type\":\"WebPage\",\"@id\":\"https:\\\/\\\/www.alfred-scheerer.de\\\/shop\\\/product\\\/motherboard-hauptplatine-am2000-13a-sp-buerstenmotoren-ambrogio-wiper-zcs\\\/\",\"url\":\"https:\\\/\\\/www.alfred-scheerer.de\\\/shop\\\/product\\\/motherboard-hauptplatine-am2000-13a-sp-buerstenmotoren-ambrogio-wiper-zcs\\\/\",\"name\":\"Motherboard Hauptplatine AM2000-13A-SP B\u00fcrstenmotoren Ambrogio Wiper ZCS\",\"isPartOf\":{\"@id\":\"https:\\\/\\\/www.alfred-scheerer.de\\\/shop\\\/#website\"},\"primaryImageOfPage\":{\"@id\":\"https:\\\/\\\/www.alfred-scheerer.de\\\/shop\\\/product\\\/motherboard-hauptplatine-am2000-13a-sp-buerstenmotoren-ambrogio-wiper-zcs\\\/#primaryimage\"},\"image\":{\"@id\":\"https:\\\/\\\/www.alfred-scheerer.de\\\/shop\\\/product\\\/motherboard-hauptplatine-am2000-13a-sp-buerstenmotoren-ambrogio-wiper-zcs\\\/#primaryimage\"},\"thumbnailUrl\":\"https:\\\/\\\/www.alfred-scheerer.de\\\/shop\\\/wp-content\\\/uploads\\\/2022\\\/05\\\/Motherboard-AM2000-13A-SP.jpg\",\"datePublished\":\"2022-05-02T08:13:22+00:00\",\"dateModified\":\"2025-04-17T15:07:18+00:00\",\"breadcrumb\":{\"@id\":\"https:\\\/\\\/www.alfred-scheerer.de\\\/shop\\\/product\\\/motherboard-hauptplatine-am2000-13a-sp-buerstenmotoren-ambrogio-wiper-zcs\\\/#breadcrumb\"},\"inLanguage\":\"de\",\"potentialAction\":[{\"@type\":\"ReadAction\",\"target\":[\"https:\\\/\\\/www.alfred-scheerer.de\\\/shop\\\/product\\\/motherboard-hauptplatine-am2000-13a-sp-buerstenmotoren-ambrogio-wiper-zcs\\\/\"]}]},{\"@type\":\"ImageObject\",\"inLanguage\":\"de\",\"@id\":\"https:\\\/\\\/www.alfred-scheerer.de\\\/shop\\\/product\\\/motherboard-hauptplatine-am2000-13a-sp-buerstenmotoren-ambrogio-wiper-zcs\\\/#primaryimage\",\"url\":\"https:\\\/\\\/www.alfred-scheerer.de\\\/shop\\\/wp-content\\\/uploads\\\/2022\\\/05\\\/Motherboard-AM2000-13A-SP.jpg\",\"contentUrl\":\"https:\\\/\\\/www.alfred-scheerer.de\\\/shop\\\/wp-content\\\/uploads\\\/2022\\\/05\\\/Motherboard-AM2000-13A-SP.jpg\",\"width\":1920,\"height\":2560,\"caption\":\"Hauptplatine AM 2000\"},{\"@type\":\"BreadcrumbList\",\"@id\":\"https:\\\/\\\/www.alfred-scheerer.de\\\/shop\\\/product\\\/motherboard-hauptplatine-am2000-13a-sp-buerstenmotoren-ambrogio-wiper-zcs\\\/#breadcrumb\",\"itemListElement\":[{\"@type\":\"ListItem\",\"position\":1,\"name\":\"Startseite\",\"item\":\"https:\\\/\\\/www.alfred-scheerer.de\\\/shop\\\/\"},{\"@type\":\"ListItem\",\"position\":2,\"name\":\"Gartentechnik Scheerer &#8211; Der Online Shop f\u00fcr M\u00e4hroboter und Zubeh\u00f6r\",\"item\":\"https:\\\/\\\/www.alfred-scheerer.de\\\/shop\\\/\"},{\"@type\":\"ListItem\",\"position\":3,\"name\":\"Motherboard Hauptplatine AM2000-13A-SP B\u00fcrstenmotoren Ambrogio Wiper ZCS\"}]},{\"@type\":\"WebSite\",\"@id\":\"https:\\\/\\\/www.alfred-scheerer.de\\\/shop\\\/#website\",\"url\":\"https:\\\/\\\/www.alfred-scheerer.de\\\/shop\\\/\",\"name\":\"Scheerer GmbH (ehem. Alfred Scheerer e.K.)\",\"description\":\"Der Online Shop aus Wermelskirchen f\u00fcr M\u00e4hroboter, Akku Gartenger\u00e4te, Ersatzteile und Zubeh\u00f6r\",\"publisher\":{\"@id\":\"https:\\\/\\\/www.alfred-scheerer.de\\\/shop\\\/#organization\"},\"potentialAction\":[{\"@type\":\"SearchAction\",\"target\":{\"@type\":\"EntryPoint\",\"urlTemplate\":\"https:\\\/\\\/www.alfred-scheerer.de\\\/shop\\\/?s={search_term_string}\"},\"query-input\":{\"@type\":\"PropertyValueSpecification\",\"valueRequired\":true,\"valueName\":\"search_term_string\"}}],\"inLanguage\":\"de\"},{\"@type\":\"Organization\",\"@id\":\"https:\\\/\\\/www.alfred-scheerer.de\\\/shop\\\/#organization\",\"name\":\"Scheerer GmbH\",\"url\":\"https:\\\/\\\/www.alfred-scheerer.de\\\/shop\\\/\",\"logo\":{\"@type\":\"ImageObject\",\"inLanguage\":\"de\",\"@id\":\"https:\\\/\\\/www.alfred-scheerer.de\\\/shop\\\/#\\\/schema\\\/logo\\\/image\\\/\",\"url\":\"https:\\\/\\\/alfred-scheerer.de\\\/shop\\\/wp-content\\\/uploads\\\/2024\\\/05\\\/baum.jpg\",\"contentUrl\":\"https:\\\/\\\/alfred-scheerer.de\\\/shop\\\/wp-content\\\/uploads\\\/2024\\\/05\\\/baum.jpg\",\"width\":512,\"height\":512,\"caption\":\"Scheerer GmbH\"},\"image\":{\"@id\":\"https:\\\/\\\/www.alfred-scheerer.de\\\/shop\\\/#\\\/schema\\\/logo\\\/image\\\/\"},\"sameAs\":[\"https:\\\/\\\/www.instagram.com\\\/alfredscheerer\\\/\"]}]}<\/script>\n<!-- \/ Yoast SEO plugin. -->","yoast_head_json":{"title":"Motherboard Hauptplatine AM2000-13A-SP B\u00fcrstenmotoren Ambrogio Wiper ZCS","robots":{"index":"index","follow":"follow","max-snippet":"max-snippet:-1","max-image-preview":"max-image-preview:large","max-video-preview":"max-video-preview:-1"},"canonical":"https:\/\/www.alfred-scheerer.de\/shop\/product\/motherboard-hauptplatine-am2000-13a-sp-buerstenmotoren-ambrogio-wiper-zcs\/","og_locale":"de_DE","og_type":"article","og_title":"Motherboard Hauptplatine AM2000-13A-SP B\u00fcrstenmotoren Ambrogio Wiper ZCS","og_description":"Motherboard AM2000-13A-SP passend f\u00fcr Ambrogio, Wiper ZCS Roboter mit AM2000 Motherboard mit B\u00fcrstenmotoren. Achtung! Das Motherboard wird ohne Software ausgeliefert! Die Software muss von einem Fachh\u00e4ndler aufgespielt werden! Diesen Service k\u00f6nnen wir auch \u00fcbernehmen, bitte sprechen Sie uns dazu an.  passend f\u00fcr Roboter mit AM2000 Platine und B\u00fcrstenmotoren: Ambrogio: L30, L75, L85, L200  nicht passend f\u00fcr: Ambrogio L60  Sonderbestellung! Der Umtausch von diesem Artikel ist ausgeschlossen!","og_url":"https:\/\/www.alfred-scheerer.de\/shop\/product\/motherboard-hauptplatine-am2000-13a-sp-buerstenmotoren-ambrogio-wiper-zcs\/","og_site_name":"Gartentechnik Scheerer","article_modified_time":"2025-04-17T15:07:18+00:00","og_image":[{"width":1920,"height":2560,"url":"https:\/\/www.alfred-scheerer.de\/shop\/wp-content\/uploads\/2022\/05\/Motherboard-AM2000-13A-SP.jpg","type":"image\/jpeg"}],"twitter_card":"summary_large_image","twitter_misc":{"Gesch\u00e4tzte Lesezeit":"1\u00a0Minute"},"schema":{"@context":"https:\/\/schema.org","@graph":[{"@type":"WebPage","@id":"https:\/\/www.alfred-scheerer.de\/shop\/product\/motherboard-hauptplatine-am2000-13a-sp-buerstenmotoren-ambrogio-wiper-zcs\/","url":"https:\/\/www.alfred-scheerer.de\/shop\/product\/motherboard-hauptplatine-am2000-13a-sp-buerstenmotoren-ambrogio-wiper-zcs\/","name":"Motherboard Hauptplatine AM2000-13A-SP B\u00fcrstenmotoren Ambrogio Wiper ZCS","isPartOf":{"@id":"https:\/\/www.alfred-scheerer.de\/shop\/#website"},"primaryImageOfPage":{"@id":"https:\/\/www.alfred-scheerer.de\/shop\/product\/motherboard-hauptplatine-am2000-13a-sp-buerstenmotoren-ambrogio-wiper-zcs\/#primaryimage"},"image":{"@id":"https:\/\/www.alfred-scheerer.de\/shop\/product\/motherboard-hauptplatine-am2000-13a-sp-buerstenmotoren-ambrogio-wiper-zcs\/#primaryimage"},"thumbnailUrl":"https:\/\/www.alfred-scheerer.de\/shop\/wp-content\/uploads\/2022\/05\/Motherboard-AM2000-13A-SP.jpg","datePublished":"2022-05-02T08:13:22+00:00","dateModified":"2025-04-17T15:07:18+00:00","breadcrumb":{"@id":"https:\/\/www.alfred-scheerer.de\/shop\/product\/motherboard-hauptplatine-am2000-13a-sp-buerstenmotoren-ambrogio-wiper-zcs\/#breadcrumb"},"inLanguage":"de","potentialAction":[{"@type":"ReadAction","target":["https:\/\/www.alfred-scheerer.de\/shop\/product\/motherboard-hauptplatine-am2000-13a-sp-buerstenmotoren-ambrogio-wiper-zcs\/"]}]},{"@type":"ImageObject","inLanguage":"de","@id":"https:\/\/www.alfred-scheerer.de\/shop\/product\/motherboard-hauptplatine-am2000-13a-sp-buerstenmotoren-ambrogio-wiper-zcs\/#primaryimage","url":"https:\/\/www.alfred-scheerer.de\/shop\/wp-content\/uploads\/2022\/05\/Motherboard-AM2000-13A-SP.jpg","contentUrl":"https:\/\/www.alfred-scheerer.de\/shop\/wp-content\/uploads\/2022\/05\/Motherboard-AM2000-13A-SP.jpg","width":1920,"height":2560,"caption":"Hauptplatine AM 2000"},{"@type":"BreadcrumbList","@id":"https:\/\/www.alfred-scheerer.de\/shop\/product\/motherboard-hauptplatine-am2000-13a-sp-buerstenmotoren-ambrogio-wiper-zcs\/#breadcrumb","itemListElement":[{"@type":"ListItem","position":1,"name":"Startseite","item":"https:\/\/www.alfred-scheerer.de\/shop\/"},{"@type":"ListItem","position":2,"name":"Gartentechnik Scheerer &#8211; Der Online Shop f\u00fcr M\u00e4hroboter und Zubeh\u00f6r","item":"https:\/\/www.alfred-scheerer.de\/shop\/"},{"@type":"ListItem","position":3,"name":"Motherboard Hauptplatine AM2000-13A-SP B\u00fcrstenmotoren Ambrogio Wiper ZCS"}]},{"@type":"WebSite","@id":"https:\/\/www.alfred-scheerer.de\/shop\/#website","url":"https:\/\/www.alfred-scheerer.de\/shop\/","name":"Scheerer GmbH (ehem. Alfred Scheerer e.K.)","description":"Der Online Shop aus Wermelskirchen f\u00fcr M\u00e4hroboter, Akku Gartenger\u00e4te, Ersatzteile und Zubeh\u00f6r","publisher":{"@id":"https:\/\/www.alfred-scheerer.de\/shop\/#organization"},"potentialAction":[{"@type":"SearchAction","target":{"@type":"EntryPoint","urlTemplate":"https:\/\/www.alfred-scheerer.de\/shop\/?s={search_term_string}"},"query-input":{"@type":"PropertyValueSpecification","valueRequired":true,"valueName":"search_term_string"}}],"inLanguage":"de"},{"@type":"Organization","@id":"https:\/\/www.alfred-scheerer.de\/shop\/#organization","name":"Scheerer GmbH","url":"https:\/\/www.alfred-scheerer.de\/shop\/","logo":{"@type":"ImageObject","inLanguage":"de","@id":"https:\/\/www.alfred-scheerer.de\/shop\/#\/schema\/logo\/image\/","url":"https:\/\/alfred-scheerer.de\/shop\/wp-content\/uploads\/2024\/05\/baum.jpg","contentUrl":"https:\/\/alfred-scheerer.de\/shop\/wp-content\/uploads\/2024\/05\/baum.jpg","width":512,"height":512,"caption":"Scheerer GmbH"},"image":{"@id":"https:\/\/www.alfred-scheerer.de\/shop\/#\/schema\/logo\/image\/"},"sameAs":["https:\/\/www.instagram.com\/alfredscheerer\/"]}]}},"_links":{"self":[{"href":"https:\/\/www.alfred-scheerer.de\/shop\/wp-json\/wp\/v2\/product\/5926","targetHints":{"allow":["GET"]}}],"collection":[{"href":"https:\/\/www.alfred-scheerer.de\/shop\/wp-json\/wp\/v2\/product"}],"about":[{"href":"https:\/\/www.alfred-scheerer.de\/shop\/wp-json\/wp\/v2\/types\/product"}],"wp:featuredmedia":[{"embeddable":true,"href":"https:\/\/www.alfred-scheerer.de\/shop\/wp-json\/wp\/v2\/media\/5927"}],"wp:attachment":[{"href":"https:\/\/www.alfred-scheerer.de\/shop\/wp-json\/wp\/v2\/media?parent=5926"}],"wp:term":[{"taxonomy":"product_brand","embeddable":true,"href":"https:\/\/www.alfred-scheerer.de\/shop\/wp-json\/wp\/v2\/product_brand?post=5926"},{"taxonomy":"product_cat","embeddable":true,"href":"https:\/\/www.alfred-scheerer.de\/shop\/wp-json\/wp\/v2\/product_cat?post=5926"},{"taxonomy":"product_tag","embeddable":true,"href":"https:\/\/www.alfred-scheerer.de\/shop\/wp-json\/wp\/v2\/product_tag?post=5926"}],"curies":[{"name":"wp","href":"https:\/\/api.w.org\/{rel}","templated":true}]}}