{"id":6016,"date":"2022-05-09T17:54:43","date_gmt":"2022-05-09T15:54:43","guid":{"rendered":"https:\/\/alfred-scheerer.de\/shop\/?post_type=product&#038;p=6016"},"modified":"2024-05-07T19:38:43","modified_gmt":"2024-05-07T17:38:43","slug":"akku-252v-294v-69-ah-75-ah-ambrogio-wiper-zcs-cs_c0106-1-cs_c0106-2-stiga-1126-9138-01-nachbauteil","status":"publish","type":"product","link":"https:\/\/www.alfred-scheerer.de\/shop\/product\/akku-252v-294v-69-ah-75-ah-ambrogio-wiper-zcs-cs_c0106-1-cs_c0106-2-stiga-1126-9138-01-nachbauteil\/","title":{"rendered":"Akku 25,2V 29,4V &#8211; 6,9 Ah 7,5 Ah 9,0 Ah Ambrogio Wiper ZCS CS_C0106\/1 CS_C0106\/2 Stiga 1126-9138-01 Nachbauteil"},"content":{"rendered":"<p>Nachbau Akku mit hochwertigen Zellen 25,2 V (29,4 V max.) 9,0 Ah (9000 mAh) \u2013 226 Wh<br \/>\nPassend als Ersatz f\u00fcr Akku 6,9 Ah (6900 mAh) u. 7,5 Ah (7500 mAh)<br \/>\nJe nach Modell k\u00f6nnen ein bis zwei Akkus im Ger\u00e4t verbaut sein.<\/p>\n<p>passend f\u00fcr:<br \/>\nAmbrogio: L50\/L60\/L85\/L200\/L210\/L250\/L300\/L350<br \/>\nWiper: Blitz\/One\/Runner\/Joy\/Walker\/F28\/F35S\/F50S\/<br \/>\nStiga: 325\/328S\/520\/522\/523\/524S\/525\/525S\/527\/527S\/528S\/530SG<\/p>\n<p>Referenznummern:<br \/>\nAmbrogio\/Wiper: CSC0106, C_SC0106, CSC0106\/1, C_SC0106\/1, C_SC0106\/2<br \/>\nStiga: 1126-9138-01<\/p>\n","protected":false},"excerpt":{"rendered":"<p>Nachbau Akku mit hochwertigen Zellen 25,2 V (29,4 V max.) 9,0 Ah (9000 mAh) \u2013 226 Wh<br \/>\nPassend als Ersatz f\u00fcr Akku 6,9 Ah (6900 mAh) u. 7,5 Ah (7500 mAh)<br \/>\nJe nach Modell k\u00f6nnen ein bis zwei Akkus im Ger\u00e4t verbaut sein.<\/p>\n<p>passend f\u00fcr:<br \/>\nAmbrogio: L50\/L60\/L85\/L200\/L210\/L250\/L300\/L350<br \/>\nWiper: Blitz\/One\/Runner\/Joy\/Walker\/F28\/F35S\/F50S\/<br \/>\nStiga: 325\/328S\/520\/522\/523\/524S\/525\/525S\/527\/527S\/528S\/530SG<\/p>\n<p>Referenznummern:<br \/>\nAmbrogio\/Wiper: CSC0106, C_SC0106, CSC0106\/1, C_SC0106\/1, C_SC0106\/2<br \/>\nStiga: 1126-9138-01<\/p>\n","protected":false},"featured_media":6017,"template":"","meta":[],"product_brand":[],"product_cat":[102,108,312,97,98,99,100,101],"product_tag":[1156,1157,1158,428,1159,53,1065,1160,84,1068,1161,1070,1162,1071,1163,1072,1289,1073,1290,1155,1291],"class_list":{"0":"post-6016","1":"product","2":"type-product","3":"status-publish","4":"has-post-thumbnail","6":"product_cat-l350i","7":"product_cat-stiga-ersatzteile-zubehoer","8":"product_cat-wiper-ersatzteile-zubehoer","9":"product_cat-l50-l60","10":"product_cat-l85","11":"product_cat-l200-l210","12":"product_cat-l250-l250i","13":"product_cat-l300r","14":"product_tag-l210-akku","15":"product_tag-l250-akku","16":"product_tag-ambrogio-7-5-ah","17":"product_tag-ersatzteile","18":"product_tag-ambrogio-6-9-ah","19":"product_tag-ambrogio","20":"product_tag-ambrogio-akku","21":"product_tag-wiper-7-5-ah","22":"product_tag-l250","23":"product_tag-ambrogio-batterie","24":"product_tag-wiper-6-9-ah","25":"product_tag-wiper-akku","26":"product_tag-ambrogio-7-5ah","27":"product_tag-wiper-batterie","28":"product_tag-ambrogio-6-9ah","29":"product_tag-techline-akku","30":"product_tag-1126-9138-01","31":"product_tag-techline-batterie","32":"product_tag-cs_c0106-1","33":"product_tag-l200-akku","34":"product_tag-cs_c0106-2","36":"first","37":"outofstock","38":"taxable","39":"shipping-taxable","40":"purchasable","41":"product-type-simple"},"yoast_head":"<!-- This site is optimized with the Yoast SEO plugin v27.5 - https:\/\/yoast.com\/product\/yoast-seo-wordpress\/ -->\n<title>Akku 25,2V 29,4V - 6,9 Ah 7,5 Ah 9,0 Ah Ambrogio Wiper ZCS CS_C0106\/1 CS_C0106\/2 Stiga 1126-9138-01 Nachbauteil - Gartentechnik Scheerer<\/title>\n<meta name=\"robots\" content=\"index, follow, max-snippet:-1, max-image-preview:large, max-video-preview:-1\" \/>\n<link rel=\"canonical\" href=\"https:\/\/www.alfred-scheerer.de\/shop\/product\/akku-252v-294v-69-ah-75-ah-ambrogio-wiper-zcs-cs_c0106-1-cs_c0106-2-stiga-1126-9138-01-nachbauteil\/\" \/>\n<meta property=\"og:locale\" content=\"de_DE\" \/>\n<meta property=\"og:type\" content=\"article\" \/>\n<meta property=\"og:title\" content=\"Akku 25,2V 29,4V - 6,9 Ah 7,5 Ah 9,0 Ah Ambrogio Wiper ZCS CS_C0106\/1 CS_C0106\/2 Stiga 1126-9138-01 Nachbauteil - Gartentechnik Scheerer\" \/>\n<meta property=\"og:description\" content=\"Nachbau Akku mit hochwertigen Zellen 25,2 V (29,4 V max.) 9,0 Ah (9000 mAh) \u2013 226 Wh Passend als Ersatz f\u00fcr Akku 6,9 Ah (6900 mAh) u. 7,5 Ah (7500 mAh) Je nach Modell k\u00f6nnen ein bis zwei Akkus im Ger\u00e4t verbaut sein.  passend f\u00fcr: Ambrogio: L50\/L60\/L85\/L200\/L210\/L250\/L300\/L350 Wiper: Blitz\/One\/Runner\/Joy\/Walker\/F28\/F35S\/F50S\/ Stiga: 325\/328S\/520\/522\/523\/524S\/525\/525S\/527\/527S\/528S\/530SG  Referenznummern: Ambrogio\/Wiper: CSC0106, C_SC0106, CSC0106\/1, C_SC0106\/1, C_SC0106\/2 Stiga: 1126-9138-01\" \/>\n<meta property=\"og:url\" content=\"https:\/\/www.alfred-scheerer.de\/shop\/product\/akku-252v-294v-69-ah-75-ah-ambrogio-wiper-zcs-cs_c0106-1-cs_c0106-2-stiga-1126-9138-01-nachbauteil\/\" \/>\n<meta property=\"og:site_name\" content=\"Gartentechnik Scheerer\" \/>\n<meta property=\"article:modified_time\" content=\"2024-05-07T17:38:43+00:00\" \/>\n<meta property=\"og:image\" content=\"https:\/\/www.alfred-scheerer.de\/shop\/wp-content\/uploads\/2022\/05\/Akku-Fulbat_FL-ST01.png\" \/>\n\t<meta property=\"og:image:width\" content=\"584\" \/>\n\t<meta property=\"og:image:height\" content=\"467\" \/>\n\t<meta property=\"og:image:type\" content=\"image\/png\" \/>\n<meta name=\"twitter:card\" content=\"summary_large_image\" \/>\n<script type=\"application\/ld+json\" class=\"yoast-schema-graph\">{\"@context\":\"https:\\\/\\\/schema.org\",\"@graph\":[{\"@type\":\"WebPage\",\"@id\":\"https:\\\/\\\/www.alfred-scheerer.de\\\/shop\\\/product\\\/akku-252v-294v-69-ah-75-ah-ambrogio-wiper-zcs-cs_c0106-1-cs_c0106-2-stiga-1126-9138-01-nachbauteil\\\/\",\"url\":\"https:\\\/\\\/www.alfred-scheerer.de\\\/shop\\\/product\\\/akku-252v-294v-69-ah-75-ah-ambrogio-wiper-zcs-cs_c0106-1-cs_c0106-2-stiga-1126-9138-01-nachbauteil\\\/\",\"name\":\"Akku 25,2V 29,4V - 6,9 Ah 7,5 Ah 9,0 Ah Ambrogio Wiper ZCS CS_C0106\\\/1 CS_C0106\\\/2 Stiga 1126-9138-01 Nachbauteil - Gartentechnik Scheerer\",\"isPartOf\":{\"@id\":\"https:\\\/\\\/www.alfred-scheerer.de\\\/shop\\\/#website\"},\"primaryImageOfPage\":{\"@id\":\"https:\\\/\\\/www.alfred-scheerer.de\\\/shop\\\/product\\\/akku-252v-294v-69-ah-75-ah-ambrogio-wiper-zcs-cs_c0106-1-cs_c0106-2-stiga-1126-9138-01-nachbauteil\\\/#primaryimage\"},\"image\":{\"@id\":\"https:\\\/\\\/www.alfred-scheerer.de\\\/shop\\\/product\\\/akku-252v-294v-69-ah-75-ah-ambrogio-wiper-zcs-cs_c0106-1-cs_c0106-2-stiga-1126-9138-01-nachbauteil\\\/#primaryimage\"},\"thumbnailUrl\":\"https:\\\/\\\/www.alfred-scheerer.de\\\/shop\\\/wp-content\\\/uploads\\\/2022\\\/05\\\/Akku-Fulbat_FL-ST01.png\",\"datePublished\":\"2022-05-09T15:54:43+00:00\",\"dateModified\":\"2024-05-07T17:38:43+00:00\",\"breadcrumb\":{\"@id\":\"https:\\\/\\\/www.alfred-scheerer.de\\\/shop\\\/product\\\/akku-252v-294v-69-ah-75-ah-ambrogio-wiper-zcs-cs_c0106-1-cs_c0106-2-stiga-1126-9138-01-nachbauteil\\\/#breadcrumb\"},\"inLanguage\":\"de\",\"potentialAction\":[{\"@type\":\"ReadAction\",\"target\":[\"https:\\\/\\\/www.alfred-scheerer.de\\\/shop\\\/product\\\/akku-252v-294v-69-ah-75-ah-ambrogio-wiper-zcs-cs_c0106-1-cs_c0106-2-stiga-1126-9138-01-nachbauteil\\\/\"]}]},{\"@type\":\"ImageObject\",\"inLanguage\":\"de\",\"@id\":\"https:\\\/\\\/www.alfred-scheerer.de\\\/shop\\\/product\\\/akku-252v-294v-69-ah-75-ah-ambrogio-wiper-zcs-cs_c0106-1-cs_c0106-2-stiga-1126-9138-01-nachbauteil\\\/#primaryimage\",\"url\":\"https:\\\/\\\/www.alfred-scheerer.de\\\/shop\\\/wp-content\\\/uploads\\\/2022\\\/05\\\/Akku-Fulbat_FL-ST01.png\",\"contentUrl\":\"https:\\\/\\\/www.alfred-scheerer.de\\\/shop\\\/wp-content\\\/uploads\\\/2022\\\/05\\\/Akku-Fulbat_FL-ST01.png\",\"width\":584,\"height\":467},{\"@type\":\"BreadcrumbList\",\"@id\":\"https:\\\/\\\/www.alfred-scheerer.de\\\/shop\\\/product\\\/akku-252v-294v-69-ah-75-ah-ambrogio-wiper-zcs-cs_c0106-1-cs_c0106-2-stiga-1126-9138-01-nachbauteil\\\/#breadcrumb\",\"itemListElement\":[{\"@type\":\"ListItem\",\"position\":1,\"name\":\"Startseite\",\"item\":\"https:\\\/\\\/www.alfred-scheerer.de\\\/shop\\\/\"},{\"@type\":\"ListItem\",\"position\":2,\"name\":\"Gartentechnik Scheerer &#8211; Der Online Shop f\u00fcr M\u00e4hroboter und Zubeh\u00f6r\",\"item\":\"https:\\\/\\\/www.alfred-scheerer.de\\\/shop\\\/\"},{\"@type\":\"ListItem\",\"position\":3,\"name\":\"Akku 25,2V 29,4V &#8211; 6,9 Ah 7,5 Ah 9,0 Ah Ambrogio Wiper ZCS CS_C0106\\\/1 CS_C0106\\\/2 Stiga 1126-9138-01 Nachbauteil\"}]},{\"@type\":\"WebSite\",\"@id\":\"https:\\\/\\\/www.alfred-scheerer.de\\\/shop\\\/#website\",\"url\":\"https:\\\/\\\/www.alfred-scheerer.de\\\/shop\\\/\",\"name\":\"Scheerer GmbH (ehem. Alfred Scheerer e.K.)\",\"description\":\"Der Online Shop aus Wermelskirchen f\u00fcr M\u00e4hroboter, Akku Gartenger\u00e4te, Ersatzteile und Zubeh\u00f6r\",\"publisher\":{\"@id\":\"https:\\\/\\\/www.alfred-scheerer.de\\\/shop\\\/#organization\"},\"potentialAction\":[{\"@type\":\"SearchAction\",\"target\":{\"@type\":\"EntryPoint\",\"urlTemplate\":\"https:\\\/\\\/www.alfred-scheerer.de\\\/shop\\\/?s={search_term_string}\"},\"query-input\":{\"@type\":\"PropertyValueSpecification\",\"valueRequired\":true,\"valueName\":\"search_term_string\"}}],\"inLanguage\":\"de\"},{\"@type\":\"Organization\",\"@id\":\"https:\\\/\\\/www.alfred-scheerer.de\\\/shop\\\/#organization\",\"name\":\"Scheerer GmbH\",\"url\":\"https:\\\/\\\/www.alfred-scheerer.de\\\/shop\\\/\",\"logo\":{\"@type\":\"ImageObject\",\"inLanguage\":\"de\",\"@id\":\"https:\\\/\\\/www.alfred-scheerer.de\\\/shop\\\/#\\\/schema\\\/logo\\\/image\\\/\",\"url\":\"https:\\\/\\\/alfred-scheerer.de\\\/shop\\\/wp-content\\\/uploads\\\/2024\\\/05\\\/baum.jpg\",\"contentUrl\":\"https:\\\/\\\/alfred-scheerer.de\\\/shop\\\/wp-content\\\/uploads\\\/2024\\\/05\\\/baum.jpg\",\"width\":512,\"height\":512,\"caption\":\"Scheerer GmbH\"},\"image\":{\"@id\":\"https:\\\/\\\/www.alfred-scheerer.de\\\/shop\\\/#\\\/schema\\\/logo\\\/image\\\/\"},\"sameAs\":[\"https:\\\/\\\/www.instagram.com\\\/alfredscheerer\\\/\"]}]}<\/script>\n<!-- \/ Yoast SEO plugin. -->","yoast_head_json":{"title":"Akku 25,2V 29,4V - 6,9 Ah 7,5 Ah 9,0 Ah Ambrogio Wiper ZCS CS_C0106\/1 CS_C0106\/2 Stiga 1126-9138-01 Nachbauteil - Gartentechnik Scheerer","robots":{"index":"index","follow":"follow","max-snippet":"max-snippet:-1","max-image-preview":"max-image-preview:large","max-video-preview":"max-video-preview:-1"},"canonical":"https:\/\/www.alfred-scheerer.de\/shop\/product\/akku-252v-294v-69-ah-75-ah-ambrogio-wiper-zcs-cs_c0106-1-cs_c0106-2-stiga-1126-9138-01-nachbauteil\/","og_locale":"de_DE","og_type":"article","og_title":"Akku 25,2V 29,4V - 6,9 Ah 7,5 Ah 9,0 Ah Ambrogio Wiper ZCS CS_C0106\/1 CS_C0106\/2 Stiga 1126-9138-01 Nachbauteil - Gartentechnik Scheerer","og_description":"Nachbau Akku mit hochwertigen Zellen 25,2 V (29,4 V max.) 9,0 Ah (9000 mAh) \u2013 226 Wh Passend als Ersatz f\u00fcr Akku 6,9 Ah (6900 mAh) u. 7,5 Ah (7500 mAh) Je nach Modell k\u00f6nnen ein bis zwei Akkus im Ger\u00e4t verbaut sein.  passend f\u00fcr: Ambrogio: L50\/L60\/L85\/L200\/L210\/L250\/L300\/L350 Wiper: Blitz\/One\/Runner\/Joy\/Walker\/F28\/F35S\/F50S\/ Stiga: 325\/328S\/520\/522\/523\/524S\/525\/525S\/527\/527S\/528S\/530SG  Referenznummern: Ambrogio\/Wiper: CSC0106, C_SC0106, CSC0106\/1, C_SC0106\/1, C_SC0106\/2 Stiga: 1126-9138-01","og_url":"https:\/\/www.alfred-scheerer.de\/shop\/product\/akku-252v-294v-69-ah-75-ah-ambrogio-wiper-zcs-cs_c0106-1-cs_c0106-2-stiga-1126-9138-01-nachbauteil\/","og_site_name":"Gartentechnik Scheerer","article_modified_time":"2024-05-07T17:38:43+00:00","og_image":[{"width":584,"height":467,"url":"https:\/\/www.alfred-scheerer.de\/shop\/wp-content\/uploads\/2022\/05\/Akku-Fulbat_FL-ST01.png","type":"image\/png"}],"twitter_card":"summary_large_image","schema":{"@context":"https:\/\/schema.org","@graph":[{"@type":"WebPage","@id":"https:\/\/www.alfred-scheerer.de\/shop\/product\/akku-252v-294v-69-ah-75-ah-ambrogio-wiper-zcs-cs_c0106-1-cs_c0106-2-stiga-1126-9138-01-nachbauteil\/","url":"https:\/\/www.alfred-scheerer.de\/shop\/product\/akku-252v-294v-69-ah-75-ah-ambrogio-wiper-zcs-cs_c0106-1-cs_c0106-2-stiga-1126-9138-01-nachbauteil\/","name":"Akku 25,2V 29,4V - 6,9 Ah 7,5 Ah 9,0 Ah Ambrogio Wiper ZCS CS_C0106\/1 CS_C0106\/2 Stiga 1126-9138-01 Nachbauteil - Gartentechnik Scheerer","isPartOf":{"@id":"https:\/\/www.alfred-scheerer.de\/shop\/#website"},"primaryImageOfPage":{"@id":"https:\/\/www.alfred-scheerer.de\/shop\/product\/akku-252v-294v-69-ah-75-ah-ambrogio-wiper-zcs-cs_c0106-1-cs_c0106-2-stiga-1126-9138-01-nachbauteil\/#primaryimage"},"image":{"@id":"https:\/\/www.alfred-scheerer.de\/shop\/product\/akku-252v-294v-69-ah-75-ah-ambrogio-wiper-zcs-cs_c0106-1-cs_c0106-2-stiga-1126-9138-01-nachbauteil\/#primaryimage"},"thumbnailUrl":"https:\/\/www.alfred-scheerer.de\/shop\/wp-content\/uploads\/2022\/05\/Akku-Fulbat_FL-ST01.png","datePublished":"2022-05-09T15:54:43+00:00","dateModified":"2024-05-07T17:38:43+00:00","breadcrumb":{"@id":"https:\/\/www.alfred-scheerer.de\/shop\/product\/akku-252v-294v-69-ah-75-ah-ambrogio-wiper-zcs-cs_c0106-1-cs_c0106-2-stiga-1126-9138-01-nachbauteil\/#breadcrumb"},"inLanguage":"de","potentialAction":[{"@type":"ReadAction","target":["https:\/\/www.alfred-scheerer.de\/shop\/product\/akku-252v-294v-69-ah-75-ah-ambrogio-wiper-zcs-cs_c0106-1-cs_c0106-2-stiga-1126-9138-01-nachbauteil\/"]}]},{"@type":"ImageObject","inLanguage":"de","@id":"https:\/\/www.alfred-scheerer.de\/shop\/product\/akku-252v-294v-69-ah-75-ah-ambrogio-wiper-zcs-cs_c0106-1-cs_c0106-2-stiga-1126-9138-01-nachbauteil\/#primaryimage","url":"https:\/\/www.alfred-scheerer.de\/shop\/wp-content\/uploads\/2022\/05\/Akku-Fulbat_FL-ST01.png","contentUrl":"https:\/\/www.alfred-scheerer.de\/shop\/wp-content\/uploads\/2022\/05\/Akku-Fulbat_FL-ST01.png","width":584,"height":467},{"@type":"BreadcrumbList","@id":"https:\/\/www.alfred-scheerer.de\/shop\/product\/akku-252v-294v-69-ah-75-ah-ambrogio-wiper-zcs-cs_c0106-1-cs_c0106-2-stiga-1126-9138-01-nachbauteil\/#breadcrumb","itemListElement":[{"@type":"ListItem","position":1,"name":"Startseite","item":"https:\/\/www.alfred-scheerer.de\/shop\/"},{"@type":"ListItem","position":2,"name":"Gartentechnik Scheerer &#8211; Der Online Shop f\u00fcr M\u00e4hroboter und Zubeh\u00f6r","item":"https:\/\/www.alfred-scheerer.de\/shop\/"},{"@type":"ListItem","position":3,"name":"Akku 25,2V 29,4V &#8211; 6,9 Ah 7,5 Ah 9,0 Ah Ambrogio Wiper ZCS CS_C0106\/1 CS_C0106\/2 Stiga 1126-9138-01 Nachbauteil"}]},{"@type":"WebSite","@id":"https:\/\/www.alfred-scheerer.de\/shop\/#website","url":"https:\/\/www.alfred-scheerer.de\/shop\/","name":"Scheerer GmbH (ehem. Alfred Scheerer e.K.)","description":"Der Online Shop aus Wermelskirchen f\u00fcr M\u00e4hroboter, Akku Gartenger\u00e4te, Ersatzteile und Zubeh\u00f6r","publisher":{"@id":"https:\/\/www.alfred-scheerer.de\/shop\/#organization"},"potentialAction":[{"@type":"SearchAction","target":{"@type":"EntryPoint","urlTemplate":"https:\/\/www.alfred-scheerer.de\/shop\/?s={search_term_string}"},"query-input":{"@type":"PropertyValueSpecification","valueRequired":true,"valueName":"search_term_string"}}],"inLanguage":"de"},{"@type":"Organization","@id":"https:\/\/www.alfred-scheerer.de\/shop\/#organization","name":"Scheerer GmbH","url":"https:\/\/www.alfred-scheerer.de\/shop\/","logo":{"@type":"ImageObject","inLanguage":"de","@id":"https:\/\/www.alfred-scheerer.de\/shop\/#\/schema\/logo\/image\/","url":"https:\/\/alfred-scheerer.de\/shop\/wp-content\/uploads\/2024\/05\/baum.jpg","contentUrl":"https:\/\/alfred-scheerer.de\/shop\/wp-content\/uploads\/2024\/05\/baum.jpg","width":512,"height":512,"caption":"Scheerer GmbH"},"image":{"@id":"https:\/\/www.alfred-scheerer.de\/shop\/#\/schema\/logo\/image\/"},"sameAs":["https:\/\/www.instagram.com\/alfredscheerer\/"]}]}},"_links":{"self":[{"href":"https:\/\/www.alfred-scheerer.de\/shop\/wp-json\/wp\/v2\/product\/6016","targetHints":{"allow":["GET"]}}],"collection":[{"href":"https:\/\/www.alfred-scheerer.de\/shop\/wp-json\/wp\/v2\/product"}],"about":[{"href":"https:\/\/www.alfred-scheerer.de\/shop\/wp-json\/wp\/v2\/types\/product"}],"wp:featuredmedia":[{"embeddable":true,"href":"https:\/\/www.alfred-scheerer.de\/shop\/wp-json\/wp\/v2\/media\/6017"}],"wp:attachment":[{"href":"https:\/\/www.alfred-scheerer.de\/shop\/wp-json\/wp\/v2\/media?parent=6016"}],"wp:term":[{"taxonomy":"product_brand","embeddable":true,"href":"https:\/\/www.alfred-scheerer.de\/shop\/wp-json\/wp\/v2\/product_brand?post=6016"},{"taxonomy":"product_cat","embeddable":true,"href":"https:\/\/www.alfred-scheerer.de\/shop\/wp-json\/wp\/v2\/product_cat?post=6016"},{"taxonomy":"product_tag","embeddable":true,"href":"https:\/\/www.alfred-scheerer.de\/shop\/wp-json\/wp\/v2\/product_tag?post=6016"}],"curies":[{"name":"wp","href":"https:\/\/api.w.org\/{rel}","templated":true}]}}