{"id":6684,"date":"2022-08-22T11:40:48","date_gmt":"2022-08-22T09:40:48","guid":{"rendered":"https:\/\/alfred-scheerer.de\/shop\/?post_type=product&#038;p=6684"},"modified":"2026-04-28T14:04:12","modified_gmt":"2026-04-28T12:04:12","slug":"segway-navimow-ultraschallsensor-ha101","status":"publish","type":"product","link":"https:\/\/www.alfred-scheerer.de\/shop\/product\/segway-navimow-ultraschallsensor-ha101\/","title":{"rendered":"Ultraschallsensor Segway Navimow HA101"},"content":{"rendered":"<p>Der Ultraschall Sensor des Navimow ist ein fortschrittlicher Mechanismus, der es dem Rasenm\u00e4her erm\u00f6glicht, Hindernisse wie B\u00e4ume, Gartenm\u00f6bel und Spielger\u00e4te zu erkennen und ihnen elegant auszuweichen. Der Sensor arbeitet mit Ultraschallwellen, die von den Hindernissen reflektiert werden, um die Entfernung und Position der Objekte zu berechnen. Dadurch kann der Navimow Hindernisse fr\u00fchzeitig erkennen und eine alternative Route planen, ohne dass der Benutzer eingreifen muss. Der Ultraschall-Sensor ist eine zuverl\u00e4ssige und benutzerfreundliche Technologie, die das M\u00e4herlebnis verbessert und daf\u00fcr sorgt, dass der Navimow immer sicher und effizient unterwegs ist.<\/p>\n<p>Weiteres Zubeh\u00f6r findest Du hier: <a href=\"https:\/\/alfred-scheerer.de\/shop\/product-category\/installation-ersatzteile-u-zubehoer\/segway-navimow-ersatzteile-u-zubehoer\/\"><strong>Segway Navimow Zubeh\u00f6r<\/strong><\/a><\/p>\n","protected":false},"excerpt":{"rendered":"<p>Mit dem Ultraschall-Sensor umf\u00e4hrt der Navimow elegant Hindernisse wie z.B. B\u00e4ume, Gartenm\u00f6bel und Spielger\u00e4te.<\/p>\n<p><strong>Wichtig:<\/strong>\u00a0Am Navimow kann man nur\u00a0<strong>ein<\/strong>\u00a0Zusatz-Modul installieren!<br \/>\nEntweder den VisionFence Sensor <strong>oder<\/strong> den Ultraschall-Sensor.<\/p>\n<p>passend f\u00fcr: H500E, H800E, H1500E, H3000E<\/p>\n<p>Weiteres Zubeh\u00f6r findest Du hier: <a href=\"https:\/\/alfred-scheerer.de\/shop\/product-category\/installation-ersatzteile-u-zubehoer\/segway-navimow-ersatzteile-u-zubehoer\/\"><strong>Segway Navimow Zubeh\u00f6r<\/strong><\/a><\/p>\n","protected":false},"featured_media":6788,"template":"","meta":[],"product_brand":[1753],"product_cat":[1333,1513],"product_tag":[],"class_list":{"0":"post-6684","1":"product","2":"type-product","3":"status-publish","4":"has-post-thumbnail","6":"product_brand-segway-navimow","7":"product_cat-maehroboter-rasenroboter-angebote","8":"product_cat-segway-navimow-ersatzteile-u-zubehoer","10":"first","11":"instock","12":"sale","13":"sold-individually","14":"taxable","15":"shipping-taxable","16":"purchasable","17":"product-type-simple"},"yoast_head":"<!-- This site is optimized with the Yoast SEO plugin v27.5 - https:\/\/yoast.com\/product\/yoast-seo-wordpress\/ -->\n<title>Segway Navimow Ultraschall | Angebot | jetzt hier kaufen |<\/title>\n<meta name=\"description\" content=\"Der innovative Sensor f\u00fcr eine effektive Hinderniserkennung bei der Rasenpflege. Der Ultraschall Sensor sorgt f\u00fcr eine pr\u00e4zise Navigation des Navimow M\u00e4hroboters und erm\u00f6glicht eine einfache und effiziente Rasenpflege. Erfahren Sie mehr \u00fcber den Ultraschallsensor und seine Funktionen f\u00fcr den Segway Navimow.\" \/>\n<meta name=\"robots\" content=\"index, follow, max-snippet:-1, max-image-preview:large, max-video-preview:-1\" \/>\n<link rel=\"canonical\" href=\"https:\/\/www.alfred-scheerer.de\/shop\/product\/segway-navimow-ultraschallsensor-ha101\/\" \/>\n<meta property=\"og:locale\" content=\"de_DE\" \/>\n<meta property=\"og:type\" content=\"article\" \/>\n<meta property=\"og:title\" content=\"Segway Navimow Ultraschall | Angebot | jetzt hier kaufen |\" \/>\n<meta property=\"og:description\" content=\"Der innovative Sensor f\u00fcr eine effektive Hinderniserkennung bei der Rasenpflege. Der Ultraschall Sensor sorgt f\u00fcr eine pr\u00e4zise Navigation des Navimow M\u00e4hroboters und erm\u00f6glicht eine einfache und effiziente Rasenpflege. Erfahren Sie mehr \u00fcber den Ultraschallsensor und seine Funktionen f\u00fcr den Segway Navimow.\" \/>\n<meta property=\"og:url\" content=\"https:\/\/www.alfred-scheerer.de\/shop\/product\/segway-navimow-ultraschallsensor-ha101\/\" \/>\n<meta property=\"og:site_name\" content=\"Gartentechnik Scheerer\" \/>\n<meta property=\"article:modified_time\" content=\"2026-04-28T12:04:12+00:00\" \/>\n<meta property=\"og:image\" content=\"https:\/\/www.alfred-scheerer.de\/shop\/wp-content\/uploads\/2022\/08\/Ultraschall-Sensor-Segway-Navimow.jpg\" \/>\n\t<meta property=\"og:image:width\" content=\"800\" \/>\n\t<meta property=\"og:image:height\" content=\"800\" \/>\n\t<meta property=\"og:image:type\" content=\"image\/jpeg\" \/>\n<meta name=\"twitter:card\" content=\"summary_large_image\" \/>\n<meta name=\"twitter:label1\" content=\"Gesch\u00e4tzte Lesezeit\" \/>\n\t<meta name=\"twitter:data1\" content=\"1\u00a0Minute\" \/>\n<script type=\"application\/ld+json\" class=\"yoast-schema-graph\">{\"@context\":\"https:\\\/\\\/schema.org\",\"@graph\":[{\"@type\":\"WebPage\",\"@id\":\"https:\\\/\\\/www.alfred-scheerer.de\\\/shop\\\/product\\\/segway-navimow-ultraschallsensor-ha101\\\/\",\"url\":\"https:\\\/\\\/www.alfred-scheerer.de\\\/shop\\\/product\\\/segway-navimow-ultraschallsensor-ha101\\\/\",\"name\":\"Segway Navimow Ultraschall | Angebot | jetzt hier kaufen |\",\"isPartOf\":{\"@id\":\"https:\\\/\\\/www.alfred-scheerer.de\\\/shop\\\/#website\"},\"primaryImageOfPage\":{\"@id\":\"https:\\\/\\\/www.alfred-scheerer.de\\\/shop\\\/product\\\/segway-navimow-ultraschallsensor-ha101\\\/#primaryimage\"},\"image\":{\"@id\":\"https:\\\/\\\/www.alfred-scheerer.de\\\/shop\\\/product\\\/segway-navimow-ultraschallsensor-ha101\\\/#primaryimage\"},\"thumbnailUrl\":\"https:\\\/\\\/www.alfred-scheerer.de\\\/shop\\\/wp-content\\\/uploads\\\/2022\\\/08\\\/Ultraschall-Sensor-Segway-Navimow.jpg\",\"datePublished\":\"2022-08-22T09:40:48+00:00\",\"dateModified\":\"2026-04-28T12:04:12+00:00\",\"description\":\"Der innovative Sensor f\u00fcr eine effektive Hinderniserkennung bei der Rasenpflege. Der Ultraschall Sensor sorgt f\u00fcr eine pr\u00e4zise Navigation des Navimow M\u00e4hroboters und erm\u00f6glicht eine einfache und effiziente Rasenpflege. Erfahren Sie mehr \u00fcber den Ultraschallsensor und seine Funktionen f\u00fcr den Segway Navimow.\",\"breadcrumb\":{\"@id\":\"https:\\\/\\\/www.alfred-scheerer.de\\\/shop\\\/product\\\/segway-navimow-ultraschallsensor-ha101\\\/#breadcrumb\"},\"inLanguage\":\"de\",\"potentialAction\":[{\"@type\":\"ReadAction\",\"target\":[\"https:\\\/\\\/www.alfred-scheerer.de\\\/shop\\\/product\\\/segway-navimow-ultraschallsensor-ha101\\\/\"]}]},{\"@type\":\"ImageObject\",\"inLanguage\":\"de\",\"@id\":\"https:\\\/\\\/www.alfred-scheerer.de\\\/shop\\\/product\\\/segway-navimow-ultraschallsensor-ha101\\\/#primaryimage\",\"url\":\"https:\\\/\\\/www.alfred-scheerer.de\\\/shop\\\/wp-content\\\/uploads\\\/2022\\\/08\\\/Ultraschall-Sensor-Segway-Navimow.jpg\",\"contentUrl\":\"https:\\\/\\\/www.alfred-scheerer.de\\\/shop\\\/wp-content\\\/uploads\\\/2022\\\/08\\\/Ultraschall-Sensor-Segway-Navimow.jpg\",\"width\":800,\"height\":800},{\"@type\":\"BreadcrumbList\",\"@id\":\"https:\\\/\\\/www.alfred-scheerer.de\\\/shop\\\/product\\\/segway-navimow-ultraschallsensor-ha101\\\/#breadcrumb\",\"itemListElement\":[{\"@type\":\"ListItem\",\"position\":1,\"name\":\"Startseite\",\"item\":\"https:\\\/\\\/www.alfred-scheerer.de\\\/shop\\\/\"},{\"@type\":\"ListItem\",\"position\":2,\"name\":\"Gartentechnik Scheerer &#8211; Der Online Shop f\u00fcr M\u00e4hroboter und Zubeh\u00f6r\",\"item\":\"https:\\\/\\\/www.alfred-scheerer.de\\\/shop\\\/\"},{\"@type\":\"ListItem\",\"position\":3,\"name\":\"Ultraschallsensor Segway Navimow HA101\"}]},{\"@type\":\"WebSite\",\"@id\":\"https:\\\/\\\/www.alfred-scheerer.de\\\/shop\\\/#website\",\"url\":\"https:\\\/\\\/www.alfred-scheerer.de\\\/shop\\\/\",\"name\":\"Scheerer GmbH (ehem. Alfred Scheerer e.K.)\",\"description\":\"Der Online Shop aus Wermelskirchen f\u00fcr M\u00e4hroboter, Akku Gartenger\u00e4te, Ersatzteile und Zubeh\u00f6r\",\"publisher\":{\"@id\":\"https:\\\/\\\/www.alfred-scheerer.de\\\/shop\\\/#organization\"},\"potentialAction\":[{\"@type\":\"SearchAction\",\"target\":{\"@type\":\"EntryPoint\",\"urlTemplate\":\"https:\\\/\\\/www.alfred-scheerer.de\\\/shop\\\/?s={search_term_string}\"},\"query-input\":{\"@type\":\"PropertyValueSpecification\",\"valueRequired\":true,\"valueName\":\"search_term_string\"}}],\"inLanguage\":\"de\"},{\"@type\":\"Organization\",\"@id\":\"https:\\\/\\\/www.alfred-scheerer.de\\\/shop\\\/#organization\",\"name\":\"Scheerer GmbH\",\"url\":\"https:\\\/\\\/www.alfred-scheerer.de\\\/shop\\\/\",\"logo\":{\"@type\":\"ImageObject\",\"inLanguage\":\"de\",\"@id\":\"https:\\\/\\\/www.alfred-scheerer.de\\\/shop\\\/#\\\/schema\\\/logo\\\/image\\\/\",\"url\":\"https:\\\/\\\/alfred-scheerer.de\\\/shop\\\/wp-content\\\/uploads\\\/2024\\\/05\\\/baum.jpg\",\"contentUrl\":\"https:\\\/\\\/alfred-scheerer.de\\\/shop\\\/wp-content\\\/uploads\\\/2024\\\/05\\\/baum.jpg\",\"width\":512,\"height\":512,\"caption\":\"Scheerer GmbH\"},\"image\":{\"@id\":\"https:\\\/\\\/www.alfred-scheerer.de\\\/shop\\\/#\\\/schema\\\/logo\\\/image\\\/\"},\"sameAs\":[\"https:\\\/\\\/www.instagram.com\\\/alfredscheerer\\\/\"]}]}<\/script>\n<!-- \/ Yoast SEO plugin. -->","yoast_head_json":{"title":"Segway Navimow Ultraschall | Angebot | jetzt hier kaufen |","description":"Der innovative Sensor f\u00fcr eine effektive Hinderniserkennung bei der Rasenpflege. Der Ultraschall Sensor sorgt f\u00fcr eine pr\u00e4zise Navigation des Navimow M\u00e4hroboters und erm\u00f6glicht eine einfache und effiziente Rasenpflege. Erfahren Sie mehr \u00fcber den Ultraschallsensor und seine Funktionen f\u00fcr den Segway Navimow.","robots":{"index":"index","follow":"follow","max-snippet":"max-snippet:-1","max-image-preview":"max-image-preview:large","max-video-preview":"max-video-preview:-1"},"canonical":"https:\/\/www.alfred-scheerer.de\/shop\/product\/segway-navimow-ultraschallsensor-ha101\/","og_locale":"de_DE","og_type":"article","og_title":"Segway Navimow Ultraschall | Angebot | jetzt hier kaufen |","og_description":"Der innovative Sensor f\u00fcr eine effektive Hinderniserkennung bei der Rasenpflege. Der Ultraschall Sensor sorgt f\u00fcr eine pr\u00e4zise Navigation des Navimow M\u00e4hroboters und erm\u00f6glicht eine einfache und effiziente Rasenpflege. Erfahren Sie mehr \u00fcber den Ultraschallsensor und seine Funktionen f\u00fcr den Segway Navimow.","og_url":"https:\/\/www.alfred-scheerer.de\/shop\/product\/segway-navimow-ultraschallsensor-ha101\/","og_site_name":"Gartentechnik Scheerer","article_modified_time":"2026-04-28T12:04:12+00:00","og_image":[{"width":800,"height":800,"url":"https:\/\/www.alfred-scheerer.de\/shop\/wp-content\/uploads\/2022\/08\/Ultraschall-Sensor-Segway-Navimow.jpg","type":"image\/jpeg"}],"twitter_card":"summary_large_image","twitter_misc":{"Gesch\u00e4tzte Lesezeit":"1\u00a0Minute"},"schema":{"@context":"https:\/\/schema.org","@graph":[{"@type":"WebPage","@id":"https:\/\/www.alfred-scheerer.de\/shop\/product\/segway-navimow-ultraschallsensor-ha101\/","url":"https:\/\/www.alfred-scheerer.de\/shop\/product\/segway-navimow-ultraschallsensor-ha101\/","name":"Segway Navimow Ultraschall | Angebot | jetzt hier kaufen |","isPartOf":{"@id":"https:\/\/www.alfred-scheerer.de\/shop\/#website"},"primaryImageOfPage":{"@id":"https:\/\/www.alfred-scheerer.de\/shop\/product\/segway-navimow-ultraschallsensor-ha101\/#primaryimage"},"image":{"@id":"https:\/\/www.alfred-scheerer.de\/shop\/product\/segway-navimow-ultraschallsensor-ha101\/#primaryimage"},"thumbnailUrl":"https:\/\/www.alfred-scheerer.de\/shop\/wp-content\/uploads\/2022\/08\/Ultraschall-Sensor-Segway-Navimow.jpg","datePublished":"2022-08-22T09:40:48+00:00","dateModified":"2026-04-28T12:04:12+00:00","description":"Der innovative Sensor f\u00fcr eine effektive Hinderniserkennung bei der Rasenpflege. Der Ultraschall Sensor sorgt f\u00fcr eine pr\u00e4zise Navigation des Navimow M\u00e4hroboters und erm\u00f6glicht eine einfache und effiziente Rasenpflege. Erfahren Sie mehr \u00fcber den Ultraschallsensor und seine Funktionen f\u00fcr den Segway Navimow.","breadcrumb":{"@id":"https:\/\/www.alfred-scheerer.de\/shop\/product\/segway-navimow-ultraschallsensor-ha101\/#breadcrumb"},"inLanguage":"de","potentialAction":[{"@type":"ReadAction","target":["https:\/\/www.alfred-scheerer.de\/shop\/product\/segway-navimow-ultraschallsensor-ha101\/"]}]},{"@type":"ImageObject","inLanguage":"de","@id":"https:\/\/www.alfred-scheerer.de\/shop\/product\/segway-navimow-ultraschallsensor-ha101\/#primaryimage","url":"https:\/\/www.alfred-scheerer.de\/shop\/wp-content\/uploads\/2022\/08\/Ultraschall-Sensor-Segway-Navimow.jpg","contentUrl":"https:\/\/www.alfred-scheerer.de\/shop\/wp-content\/uploads\/2022\/08\/Ultraschall-Sensor-Segway-Navimow.jpg","width":800,"height":800},{"@type":"BreadcrumbList","@id":"https:\/\/www.alfred-scheerer.de\/shop\/product\/segway-navimow-ultraschallsensor-ha101\/#breadcrumb","itemListElement":[{"@type":"ListItem","position":1,"name":"Startseite","item":"https:\/\/www.alfred-scheerer.de\/shop\/"},{"@type":"ListItem","position":2,"name":"Gartentechnik Scheerer &#8211; Der Online Shop f\u00fcr M\u00e4hroboter und Zubeh\u00f6r","item":"https:\/\/www.alfred-scheerer.de\/shop\/"},{"@type":"ListItem","position":3,"name":"Ultraschallsensor Segway Navimow HA101"}]},{"@type":"WebSite","@id":"https:\/\/www.alfred-scheerer.de\/shop\/#website","url":"https:\/\/www.alfred-scheerer.de\/shop\/","name":"Scheerer GmbH (ehem. Alfred Scheerer e.K.)","description":"Der Online Shop aus Wermelskirchen f\u00fcr M\u00e4hroboter, Akku Gartenger\u00e4te, Ersatzteile und Zubeh\u00f6r","publisher":{"@id":"https:\/\/www.alfred-scheerer.de\/shop\/#organization"},"potentialAction":[{"@type":"SearchAction","target":{"@type":"EntryPoint","urlTemplate":"https:\/\/www.alfred-scheerer.de\/shop\/?s={search_term_string}"},"query-input":{"@type":"PropertyValueSpecification","valueRequired":true,"valueName":"search_term_string"}}],"inLanguage":"de"},{"@type":"Organization","@id":"https:\/\/www.alfred-scheerer.de\/shop\/#organization","name":"Scheerer GmbH","url":"https:\/\/www.alfred-scheerer.de\/shop\/","logo":{"@type":"ImageObject","inLanguage":"de","@id":"https:\/\/www.alfred-scheerer.de\/shop\/#\/schema\/logo\/image\/","url":"https:\/\/alfred-scheerer.de\/shop\/wp-content\/uploads\/2024\/05\/baum.jpg","contentUrl":"https:\/\/alfred-scheerer.de\/shop\/wp-content\/uploads\/2024\/05\/baum.jpg","width":512,"height":512,"caption":"Scheerer GmbH"},"image":{"@id":"https:\/\/www.alfred-scheerer.de\/shop\/#\/schema\/logo\/image\/"},"sameAs":["https:\/\/www.instagram.com\/alfredscheerer\/"]}]}},"_links":{"self":[{"href":"https:\/\/www.alfred-scheerer.de\/shop\/wp-json\/wp\/v2\/product\/6684","targetHints":{"allow":["GET"]}}],"collection":[{"href":"https:\/\/www.alfred-scheerer.de\/shop\/wp-json\/wp\/v2\/product"}],"about":[{"href":"https:\/\/www.alfred-scheerer.de\/shop\/wp-json\/wp\/v2\/types\/product"}],"wp:featuredmedia":[{"embeddable":true,"href":"https:\/\/www.alfred-scheerer.de\/shop\/wp-json\/wp\/v2\/media\/6788"}],"wp:attachment":[{"href":"https:\/\/www.alfred-scheerer.de\/shop\/wp-json\/wp\/v2\/media?parent=6684"}],"wp:term":[{"taxonomy":"product_brand","embeddable":true,"href":"https:\/\/www.alfred-scheerer.de\/shop\/wp-json\/wp\/v2\/product_brand?post=6684"},{"taxonomy":"product_cat","embeddable":true,"href":"https:\/\/www.alfred-scheerer.de\/shop\/wp-json\/wp\/v2\/product_cat?post=6684"},{"taxonomy":"product_tag","embeddable":true,"href":"https:\/\/www.alfred-scheerer.de\/shop\/wp-json\/wp\/v2\/product_tag?post=6684"}],"curies":[{"name":"wp","href":"https:\/\/api.w.org\/{rel}","templated":true}]}}