{"id":669,"date":"2019-10-02T11:50:24","date_gmt":"2019-10-02T09:50:24","guid":{"rendered":"http:\/\/alfred-scheerer.de\/shop\/?post_type=product&#038;p=669"},"modified":"2025-04-10T12:50:06","modified_gmt":"2025-04-10T10:50:06","slug":"ambrogio-amico-iot-sender-zum-schutz-ihres-haustiers-030z22500a","status":"publish","type":"product","link":"https:\/\/www.alfred-scheerer.de\/shop\/product\/ambrogio-amico-iot-sender-zum-schutz-ihres-haustiers-030z22500a\/","title":{"rendered":"Ambrogio Wiper AMICO IoT Sender zum Schutz Ihres Haustiers 030Z22500A"},"content":{"rendered":"<p>Ambrogio ist ein Freund aller Tiere und gibt ihnen Freiraum. Mit Amico, zum Beispiel am Halsband Ihres Haustieres befestigt, schaltet der Roboter in der N\u00e4he sein M\u00e4hwerk ab und sorgt damit f\u00fcr Sicherheit.<\/p>\n<p>AMICO ist harmlos und sicher.<\/p>\n<p>Abmessung AMICO: LxBxH 30x45x13mm<\/p>\n<p><iframe loading=\"lazy\" title=\"Amico: Die haustierfreundliche IoT Innovation f\u00fcr Ambrogio Rasenroboter\" width=\"980\" height=\"551\" src=\"https:\/\/www.youtube.com\/embed\/D9Z43Apd-1Q?feature=oembed\" frameborder=\"0\" allow=\"accelerometer; autoplay; clipboard-write; encrypted-media; gyroscope; picture-in-picture; web-share\" referrerpolicy=\"strict-origin-when-cross-origin\" allowfullscreen><\/iframe><\/p>\n<p>Referenznummer:<br \/>\nAmbrogio: 030Z22500A, AMICO<\/p>\n","protected":false},"excerpt":{"rendered":"<p>Ambrogio ist ein Freund aller Tiere und gibt ihnen Freiraum. Mit Amico, zum Beispiel am Halsband Ihres Haustieres befestigt, schaltet der Roboter in der N\u00e4he sein M\u00e4hwerk ab und sorgt damit f\u00fcr Sicherheit.<\/p>\n<p>AMICO ist harmlos und sicher.<\/p>\n<p>Abmessung AMICO: LxBxH 30x45x13mm<\/p>\n<p>https:\/\/www.youtube.com\/watch?v=D9Z43Apd-1Q<\/p>\n<p>Referenznummer:<br \/>\nAmbrogio: 030Z22500A, AMICO<\/p>\n","protected":false},"featured_media":672,"template":"","meta":[],"product_brand":[1756],"product_cat":[100,1566,102,1567,304,103,305,106,306,175,179,523,1431,94,1432,97,1433],"product_tag":[1340,1341,1342,1343,1344,1345,1346,1336,1337,1338,1339],"class_list":{"0":"post-669","1":"product","2":"type-product","3":"status-publish","4":"has-post-thumbnail","6":"product_brand-ambrogio","7":"product_cat-l250-l250i","8":"product_cat-l25-twenty-25","9":"product_cat-l350i","10":"product_cat-twenty-29","11":"product_cat-l20-twenty","12":"product_cat-l400-l400i","13":"product_cat-4-0-basic","14":"product_cat-installation-ersatzteile-u-zubehoer","15":"product_cat-l32","16":"product_cat-l15","17":"product_cat-l35","18":"product_cat-quad","19":"product_cat-twenty-zr","20":"product_cat-ambrogio-ersatzteile-zubehoer","21":"product_cat-4-36","22":"product_cat-l50-l60","23":"product_cat-4-0-elite","24":"product_tag-amico","25":"product_tag-maehroboter-katze","26":"product_tag-rasenroboter-haustier","27":"product_tag-maehroboter-hund","28":"product_tag-rasenroboter-hund","29":"product_tag-rasenroboter-katze","30":"product_tag-wiper-amico","31":"product_tag-ambrogio-amico","32":"product_tag-maehroboter-haustier","33":"product_tag-030z22500a","34":"product_tag-amico-haustierschutz","36":"first","37":"instock","38":"taxable","39":"shipping-taxable","40":"purchasable","41":"product-type-simple"},"yoast_head":"<!-- This site is optimized with the Yoast SEO plugin v27.4 - https:\/\/yoast.com\/product\/yoast-seo-wordpress\/ -->\n<title>Ambrogio Wiper AMICO IoT Sender zum Schutz Ihres Haustiers 030Z22500A - Gartentechnik Scheerer<\/title>\n<meta name=\"robots\" content=\"index, follow, max-snippet:-1, max-image-preview:large, max-video-preview:-1\" \/>\n<link rel=\"canonical\" href=\"https:\/\/www.alfred-scheerer.de\/shop\/product\/ambrogio-amico-iot-sender-zum-schutz-ihres-haustiers-030z22500a\/\" \/>\n<meta property=\"og:locale\" content=\"de_DE\" \/>\n<meta property=\"og:type\" content=\"article\" \/>\n<meta property=\"og:title\" content=\"Ambrogio Wiper AMICO IoT Sender zum Schutz Ihres Haustiers 030Z22500A - Gartentechnik Scheerer\" \/>\n<meta property=\"og:description\" content=\"Ambrogio ist ein Freund aller Tiere und gibt ihnen Freiraum. Mit Amico, zum Beispiel am Halsband Ihres Haustieres befestigt, schaltet der Roboter in der N\u00e4he sein M\u00e4hwerk ab und sorgt damit f\u00fcr Sicherheit.  AMICO ist harmlos und sicher.  Abmessung AMICO: LxBxH 30x45x13mm  https:\/\/www.youtube.com\/watch?v=D9Z43Apd-1Q  Referenznummer: Ambrogio: 030Z22500A, AMICO\" \/>\n<meta property=\"og:url\" content=\"https:\/\/www.alfred-scheerer.de\/shop\/product\/ambrogio-amico-iot-sender-zum-schutz-ihres-haustiers-030z22500a\/\" \/>\n<meta property=\"og:site_name\" content=\"Gartentechnik Scheerer\" \/>\n<meta property=\"article:modified_time\" content=\"2025-04-10T10:50:06+00:00\" \/>\n<meta property=\"og:image\" content=\"https:\/\/www.alfred-scheerer.de\/shop\/wp-content\/uploads\/2019\/10\/71L0RTgUOjL._SL1500_.jpg\" \/>\n\t<meta property=\"og:image:width\" content=\"1500\" \/>\n\t<meta property=\"og:image:height\" content=\"1500\" \/>\n\t<meta property=\"og:image:type\" content=\"image\/jpeg\" \/>\n<meta name=\"twitter:card\" content=\"summary_large_image\" \/>\n<script type=\"application\/ld+json\" class=\"yoast-schema-graph\">{\"@context\":\"https:\\\/\\\/schema.org\",\"@graph\":[{\"@type\":\"WebPage\",\"@id\":\"https:\\\/\\\/www.alfred-scheerer.de\\\/shop\\\/product\\\/ambrogio-amico-iot-sender-zum-schutz-ihres-haustiers-030z22500a\\\/\",\"url\":\"https:\\\/\\\/www.alfred-scheerer.de\\\/shop\\\/product\\\/ambrogio-amico-iot-sender-zum-schutz-ihres-haustiers-030z22500a\\\/\",\"name\":\"Ambrogio Wiper AMICO IoT Sender zum Schutz Ihres Haustiers 030Z22500A - Gartentechnik Scheerer\",\"isPartOf\":{\"@id\":\"https:\\\/\\\/www.alfred-scheerer.de\\\/shop\\\/#website\"},\"primaryImageOfPage\":{\"@id\":\"https:\\\/\\\/www.alfred-scheerer.de\\\/shop\\\/product\\\/ambrogio-amico-iot-sender-zum-schutz-ihres-haustiers-030z22500a\\\/#primaryimage\"},\"image\":{\"@id\":\"https:\\\/\\\/www.alfred-scheerer.de\\\/shop\\\/product\\\/ambrogio-amico-iot-sender-zum-schutz-ihres-haustiers-030z22500a\\\/#primaryimage\"},\"thumbnailUrl\":\"https:\\\/\\\/www.alfred-scheerer.de\\\/shop\\\/wp-content\\\/uploads\\\/2019\\\/10\\\/71L0RTgUOjL._SL1500_.jpg\",\"datePublished\":\"2019-10-02T09:50:24+00:00\",\"dateModified\":\"2025-04-10T10:50:06+00:00\",\"breadcrumb\":{\"@id\":\"https:\\\/\\\/www.alfred-scheerer.de\\\/shop\\\/product\\\/ambrogio-amico-iot-sender-zum-schutz-ihres-haustiers-030z22500a\\\/#breadcrumb\"},\"inLanguage\":\"de\",\"potentialAction\":[{\"@type\":\"ReadAction\",\"target\":[\"https:\\\/\\\/www.alfred-scheerer.de\\\/shop\\\/product\\\/ambrogio-amico-iot-sender-zum-schutz-ihres-haustiers-030z22500a\\\/\"]}]},{\"@type\":\"ImageObject\",\"inLanguage\":\"de\",\"@id\":\"https:\\\/\\\/www.alfred-scheerer.de\\\/shop\\\/product\\\/ambrogio-amico-iot-sender-zum-schutz-ihres-haustiers-030z22500a\\\/#primaryimage\",\"url\":\"https:\\\/\\\/www.alfred-scheerer.de\\\/shop\\\/wp-content\\\/uploads\\\/2019\\\/10\\\/71L0RTgUOjL._SL1500_.jpg\",\"contentUrl\":\"https:\\\/\\\/www.alfred-scheerer.de\\\/shop\\\/wp-content\\\/uploads\\\/2019\\\/10\\\/71L0RTgUOjL._SL1500_.jpg\",\"width\":1500,\"height\":1500,\"caption\":\"Ambrogio Amico Sender Haustier\"},{\"@type\":\"BreadcrumbList\",\"@id\":\"https:\\\/\\\/www.alfred-scheerer.de\\\/shop\\\/product\\\/ambrogio-amico-iot-sender-zum-schutz-ihres-haustiers-030z22500a\\\/#breadcrumb\",\"itemListElement\":[{\"@type\":\"ListItem\",\"position\":1,\"name\":\"Startseite\",\"item\":\"https:\\\/\\\/www.alfred-scheerer.de\\\/shop\\\/\"},{\"@type\":\"ListItem\",\"position\":2,\"name\":\"Gartentechnik Scheerer &#8211; Der Online Shop f\u00fcr M\u00e4hroboter und Zubeh\u00f6r\",\"item\":\"https:\\\/\\\/www.alfred-scheerer.de\\\/shop\\\/\"},{\"@type\":\"ListItem\",\"position\":3,\"name\":\"Ambrogio Wiper AMICO IoT Sender zum Schutz Ihres Haustiers 030Z22500A\"}]},{\"@type\":\"WebSite\",\"@id\":\"https:\\\/\\\/www.alfred-scheerer.de\\\/shop\\\/#website\",\"url\":\"https:\\\/\\\/www.alfred-scheerer.de\\\/shop\\\/\",\"name\":\"Scheerer GmbH (ehem. Alfred Scheerer e.K.)\",\"description\":\"Der Online Shop aus Wermelskirchen f\u00fcr M\u00e4hroboter, Akku Gartenger\u00e4te, Ersatzteile und Zubeh\u00f6r\",\"publisher\":{\"@id\":\"https:\\\/\\\/www.alfred-scheerer.de\\\/shop\\\/#organization\"},\"potentialAction\":[{\"@type\":\"SearchAction\",\"target\":{\"@type\":\"EntryPoint\",\"urlTemplate\":\"https:\\\/\\\/www.alfred-scheerer.de\\\/shop\\\/?s={search_term_string}\"},\"query-input\":{\"@type\":\"PropertyValueSpecification\",\"valueRequired\":true,\"valueName\":\"search_term_string\"}}],\"inLanguage\":\"de\"},{\"@type\":\"Organization\",\"@id\":\"https:\\\/\\\/www.alfred-scheerer.de\\\/shop\\\/#organization\",\"name\":\"Scheerer GmbH\",\"url\":\"https:\\\/\\\/www.alfred-scheerer.de\\\/shop\\\/\",\"logo\":{\"@type\":\"ImageObject\",\"inLanguage\":\"de\",\"@id\":\"https:\\\/\\\/www.alfred-scheerer.de\\\/shop\\\/#\\\/schema\\\/logo\\\/image\\\/\",\"url\":\"https:\\\/\\\/alfred-scheerer.de\\\/shop\\\/wp-content\\\/uploads\\\/2024\\\/05\\\/baum.jpg\",\"contentUrl\":\"https:\\\/\\\/alfred-scheerer.de\\\/shop\\\/wp-content\\\/uploads\\\/2024\\\/05\\\/baum.jpg\",\"width\":512,\"height\":512,\"caption\":\"Scheerer GmbH\"},\"image\":{\"@id\":\"https:\\\/\\\/www.alfred-scheerer.de\\\/shop\\\/#\\\/schema\\\/logo\\\/image\\\/\"},\"sameAs\":[\"https:\\\/\\\/www.instagram.com\\\/alfredscheerer\\\/\"]}]}<\/script>\n<!-- \/ Yoast SEO plugin. -->","yoast_head_json":{"title":"Ambrogio Wiper AMICO IoT Sender zum Schutz Ihres Haustiers 030Z22500A - Gartentechnik Scheerer","robots":{"index":"index","follow":"follow","max-snippet":"max-snippet:-1","max-image-preview":"max-image-preview:large","max-video-preview":"max-video-preview:-1"},"canonical":"https:\/\/www.alfred-scheerer.de\/shop\/product\/ambrogio-amico-iot-sender-zum-schutz-ihres-haustiers-030z22500a\/","og_locale":"de_DE","og_type":"article","og_title":"Ambrogio Wiper AMICO IoT Sender zum Schutz Ihres Haustiers 030Z22500A - Gartentechnik Scheerer","og_description":"Ambrogio ist ein Freund aller Tiere und gibt ihnen Freiraum. Mit Amico, zum Beispiel am Halsband Ihres Haustieres befestigt, schaltet der Roboter in der N\u00e4he sein M\u00e4hwerk ab und sorgt damit f\u00fcr Sicherheit.  AMICO ist harmlos und sicher.  Abmessung AMICO: LxBxH 30x45x13mm  https:\/\/www.youtube.com\/watch?v=D9Z43Apd-1Q  Referenznummer: Ambrogio: 030Z22500A, AMICO","og_url":"https:\/\/www.alfred-scheerer.de\/shop\/product\/ambrogio-amico-iot-sender-zum-schutz-ihres-haustiers-030z22500a\/","og_site_name":"Gartentechnik Scheerer","article_modified_time":"2025-04-10T10:50:06+00:00","og_image":[{"width":1500,"height":1500,"url":"https:\/\/www.alfred-scheerer.de\/shop\/wp-content\/uploads\/2019\/10\/71L0RTgUOjL._SL1500_.jpg","type":"image\/jpeg"}],"twitter_card":"summary_large_image","schema":{"@context":"https:\/\/schema.org","@graph":[{"@type":"WebPage","@id":"https:\/\/www.alfred-scheerer.de\/shop\/product\/ambrogio-amico-iot-sender-zum-schutz-ihres-haustiers-030z22500a\/","url":"https:\/\/www.alfred-scheerer.de\/shop\/product\/ambrogio-amico-iot-sender-zum-schutz-ihres-haustiers-030z22500a\/","name":"Ambrogio Wiper AMICO IoT Sender zum Schutz Ihres Haustiers 030Z22500A - Gartentechnik Scheerer","isPartOf":{"@id":"https:\/\/www.alfred-scheerer.de\/shop\/#website"},"primaryImageOfPage":{"@id":"https:\/\/www.alfred-scheerer.de\/shop\/product\/ambrogio-amico-iot-sender-zum-schutz-ihres-haustiers-030z22500a\/#primaryimage"},"image":{"@id":"https:\/\/www.alfred-scheerer.de\/shop\/product\/ambrogio-amico-iot-sender-zum-schutz-ihres-haustiers-030z22500a\/#primaryimage"},"thumbnailUrl":"https:\/\/www.alfred-scheerer.de\/shop\/wp-content\/uploads\/2019\/10\/71L0RTgUOjL._SL1500_.jpg","datePublished":"2019-10-02T09:50:24+00:00","dateModified":"2025-04-10T10:50:06+00:00","breadcrumb":{"@id":"https:\/\/www.alfred-scheerer.de\/shop\/product\/ambrogio-amico-iot-sender-zum-schutz-ihres-haustiers-030z22500a\/#breadcrumb"},"inLanguage":"de","potentialAction":[{"@type":"ReadAction","target":["https:\/\/www.alfred-scheerer.de\/shop\/product\/ambrogio-amico-iot-sender-zum-schutz-ihres-haustiers-030z22500a\/"]}]},{"@type":"ImageObject","inLanguage":"de","@id":"https:\/\/www.alfred-scheerer.de\/shop\/product\/ambrogio-amico-iot-sender-zum-schutz-ihres-haustiers-030z22500a\/#primaryimage","url":"https:\/\/www.alfred-scheerer.de\/shop\/wp-content\/uploads\/2019\/10\/71L0RTgUOjL._SL1500_.jpg","contentUrl":"https:\/\/www.alfred-scheerer.de\/shop\/wp-content\/uploads\/2019\/10\/71L0RTgUOjL._SL1500_.jpg","width":1500,"height":1500,"caption":"Ambrogio Amico Sender Haustier"},{"@type":"BreadcrumbList","@id":"https:\/\/www.alfred-scheerer.de\/shop\/product\/ambrogio-amico-iot-sender-zum-schutz-ihres-haustiers-030z22500a\/#breadcrumb","itemListElement":[{"@type":"ListItem","position":1,"name":"Startseite","item":"https:\/\/www.alfred-scheerer.de\/shop\/"},{"@type":"ListItem","position":2,"name":"Gartentechnik Scheerer &#8211; Der Online Shop f\u00fcr M\u00e4hroboter und Zubeh\u00f6r","item":"https:\/\/www.alfred-scheerer.de\/shop\/"},{"@type":"ListItem","position":3,"name":"Ambrogio Wiper AMICO IoT Sender zum Schutz Ihres Haustiers 030Z22500A"}]},{"@type":"WebSite","@id":"https:\/\/www.alfred-scheerer.de\/shop\/#website","url":"https:\/\/www.alfred-scheerer.de\/shop\/","name":"Scheerer GmbH (ehem. Alfred Scheerer e.K.)","description":"Der Online Shop aus Wermelskirchen f\u00fcr M\u00e4hroboter, Akku Gartenger\u00e4te, Ersatzteile und Zubeh\u00f6r","publisher":{"@id":"https:\/\/www.alfred-scheerer.de\/shop\/#organization"},"potentialAction":[{"@type":"SearchAction","target":{"@type":"EntryPoint","urlTemplate":"https:\/\/www.alfred-scheerer.de\/shop\/?s={search_term_string}"},"query-input":{"@type":"PropertyValueSpecification","valueRequired":true,"valueName":"search_term_string"}}],"inLanguage":"de"},{"@type":"Organization","@id":"https:\/\/www.alfred-scheerer.de\/shop\/#organization","name":"Scheerer GmbH","url":"https:\/\/www.alfred-scheerer.de\/shop\/","logo":{"@type":"ImageObject","inLanguage":"de","@id":"https:\/\/www.alfred-scheerer.de\/shop\/#\/schema\/logo\/image\/","url":"https:\/\/alfred-scheerer.de\/shop\/wp-content\/uploads\/2024\/05\/baum.jpg","contentUrl":"https:\/\/alfred-scheerer.de\/shop\/wp-content\/uploads\/2024\/05\/baum.jpg","width":512,"height":512,"caption":"Scheerer GmbH"},"image":{"@id":"https:\/\/www.alfred-scheerer.de\/shop\/#\/schema\/logo\/image\/"},"sameAs":["https:\/\/www.instagram.com\/alfredscheerer\/"]}]}},"_links":{"self":[{"href":"https:\/\/www.alfred-scheerer.de\/shop\/wp-json\/wp\/v2\/product\/669","targetHints":{"allow":["GET"]}}],"collection":[{"href":"https:\/\/www.alfred-scheerer.de\/shop\/wp-json\/wp\/v2\/product"}],"about":[{"href":"https:\/\/www.alfred-scheerer.de\/shop\/wp-json\/wp\/v2\/types\/product"}],"wp:featuredmedia":[{"embeddable":true,"href":"https:\/\/www.alfred-scheerer.de\/shop\/wp-json\/wp\/v2\/media\/672"}],"wp:attachment":[{"href":"https:\/\/www.alfred-scheerer.de\/shop\/wp-json\/wp\/v2\/media?parent=669"}],"wp:term":[{"taxonomy":"product_brand","embeddable":true,"href":"https:\/\/www.alfred-scheerer.de\/shop\/wp-json\/wp\/v2\/product_brand?post=669"},{"taxonomy":"product_cat","embeddable":true,"href":"https:\/\/www.alfred-scheerer.de\/shop\/wp-json\/wp\/v2\/product_cat?post=669"},{"taxonomy":"product_tag","embeddable":true,"href":"https:\/\/www.alfred-scheerer.de\/shop\/wp-json\/wp\/v2\/product_tag?post=669"}],"curies":[{"name":"wp","href":"https:\/\/api.w.org\/{rel}","templated":true}]}}