{"id":6698,"date":"2022-08-26T12:36:11","date_gmt":"2022-08-26T10:36:11","guid":{"rendered":"https:\/\/alfred-scheerer.de\/shop\/?post_type=product&#038;p=6698"},"modified":"2023-04-24T09:43:38","modified_gmt":"2023-04-24T07:43:38","slug":"ladegeraet-netzteil-294-v-45a-ambrogio-stiga-techline-wiper-zcs","status":"publish","type":"product","link":"https:\/\/www.alfred-scheerer.de\/shop\/product\/ladegeraet-netzteil-294-v-45a-ambrogio-stiga-techline-wiper-zcs\/","title":{"rendered":"Ladeger\u00e4t Netzteil 29,4 V 4,5A Ambrogio Stiga Techline Wiper ZCS"},"content":{"rendered":"<p>G\u00fcnstige Alternative zum original Netzteil.<\/p>\n<p>Eingangs- Spannung: AC 100-240 V, 50\/60HZ<br \/>\nAusgangs- Spannung: DC 29,4 V<br \/>\nStromst\u00e4rke: 4,5 A<\/p>\n<p>passend als Ersatz f\u00fcr:<br \/>\nELG-150-30ZCTE, <span class=\"fontstyle0\">CS_CLG150-30, CLG-150-30<\/span><\/p>\n<p><span style=\"color: #ff0000;\"><strong>Hinweis:<\/strong><br \/>\nBitte Stromst\u00e4rke beachten und mit dem altem Netzteil vergleichen! Wird ein Ladeger\u00e4t mit zu hoher Stromst\u00e4rke verwendet, kann der Akku Schaden nehmen und es kann zum Brand f\u00fchren!<br \/>\nDieses Netzteil ist nicht spritzwassergesch\u00fctzt und sollte daher nur in einem geschlossenem Raum (Keller, Garage, Gartenhaus) betrieben werden!<\/span><\/p>\n<p>Abbildung zeigt Beispielfoto<\/p>\n","protected":false},"excerpt":{"rendered":"<p>G\u00fcnstige Alternative zum original Netzteil.<\/p>\n<p>Eingangs- Spannung: AC 100-240 V, 50\/60HZ<br \/>\nAusgangs- Spannung: DC 29,4 V<br \/>\nStromst\u00e4rke: 4,5 A<\/p>\n<p>passend als Ersatz f\u00fcr:<br \/>\nELG-150-30ZCTE, <span class=\"fontstyle0\">CS_CLG150-30, CLG-150-30<\/span><\/p>\n<p><span style=\"color: #ff0000;\"><strong>Hinweis:<\/strong><br \/>\nBitte Stromst\u00e4rke beachten und mit dem altem Netzteil vergleichen! Wird ein Ladeger\u00e4t mit zu hoher Stromst\u00e4rke verwendet, kann der Akku Schaden nehmen und es kann zum Brand f\u00fchren!<br \/>\nDieses Netzteil ist nicht spritzwassergesch\u00fctzt und sollte daher nur in einem geschlossenem Raum (Keller, Garage, Gartenhaus) betrieben werden!<\/span><\/p>\n<p>Abbildung zeigt Beispielfoto<\/p>\n","protected":false},"featured_media":4125,"template":"","meta":[],"product_brand":[],"product_cat":[312,99,358,100,523,101,102,103,1432,108,1433,179,304,94,305,96,306,98],"product_tag":[706,707,1515,1516],"class_list":{"0":"post-6698","1":"product","2":"type-product","3":"status-publish","4":"has-post-thumbnail","6":"product_cat-wiper-ersatzteile-zubehoer","7":"product_cat-l200-l210","8":"product_cat-l200r","9":"product_cat-l250-l250i","10":"product_cat-quad","11":"product_cat-l300r","12":"product_cat-l350i","13":"product_cat-l400-l400i","14":"product_cat-4-36","15":"product_cat-stiga-ersatzteile-zubehoer","16":"product_cat-4-0-elite","17":"product_cat-l35","18":"product_cat-l20-twenty","19":"product_cat-ambrogio-ersatzteile-zubehoer","20":"product_cat-4-0-basic","21":"product_cat-ambrogio-l30-ersatzteile-zubehoer","22":"product_cat-l32","23":"product_cat-l85","24":"product_tag-ambrogio-ladegeraet","25":"product_tag-ambrogio-netzteil","26":"product_tag-ladegeraet","27":"product_tag-netzteil","29":"first","30":"outofstock","31":"taxable","32":"shipping-taxable","33":"purchasable","34":"product-type-simple"},"yoast_head":"<!-- This site is optimized with the Yoast SEO plugin v27.4 - https:\/\/yoast.com\/product\/yoast-seo-wordpress\/ -->\n<title>Ladeger\u00e4t Netzteil 29,4 V 4,5A Ambrogio Stiga Techline Wiper ZCS - Gartentechnik Scheerer<\/title>\n<meta name=\"robots\" content=\"index, follow, max-snippet:-1, max-image-preview:large, max-video-preview:-1\" \/>\n<link rel=\"canonical\" href=\"https:\/\/www.alfred-scheerer.de\/shop\/product\/ladegeraet-netzteil-294-v-45a-ambrogio-stiga-techline-wiper-zcs\/\" \/>\n<meta property=\"og:locale\" content=\"de_DE\" \/>\n<meta property=\"og:type\" content=\"article\" \/>\n<meta property=\"og:title\" content=\"Ladeger\u00e4t Netzteil 29,4 V 4,5A Ambrogio Stiga Techline Wiper ZCS - Gartentechnik Scheerer\" \/>\n<meta property=\"og:description\" content=\"G\u00fcnstige Alternative zum original Netzteil.  Eingangs- Spannung: AC 100-240 V, 50\/60HZ Ausgangs- Spannung: DC 29,4 V Stromst\u00e4rke: 4,5 A  passend als Ersatz f\u00fcr: ELG-150-30ZCTE, CS_CLG150-30, CLG-150-30  Hinweis: Bitte Stromst\u00e4rke beachten und mit dem altem Netzteil vergleichen! Wird ein Ladeger\u00e4t mit zu hoher Stromst\u00e4rke verwendet, kann der Akku Schaden nehmen und es kann zum Brand f\u00fchren! Dieses Netzteil ist nicht spritzwassergesch\u00fctzt und sollte daher nur in einem geschlossenem Raum (Keller, Garage, Gartenhaus) betrieben werden!  Abbildung zeigt Beispielfoto\" \/>\n<meta property=\"og:url\" content=\"https:\/\/www.alfred-scheerer.de\/shop\/product\/ladegeraet-netzteil-294-v-45a-ambrogio-stiga-techline-wiper-zcs\/\" \/>\n<meta property=\"og:site_name\" content=\"Gartentechnik Scheerer\" \/>\n<meta property=\"article:modified_time\" content=\"2023-04-24T07:43:38+00:00\" \/>\n<meta property=\"og:image\" content=\"https:\/\/www.alfred-scheerer.de\/shop\/wp-content\/uploads\/2020\/12\/Netzteil_2a.jpg\" \/>\n\t<meta property=\"og:image:width\" content=\"800\" \/>\n\t<meta property=\"og:image:height\" content=\"800\" \/>\n\t<meta property=\"og:image:type\" content=\"image\/jpeg\" \/>\n<meta name=\"twitter:card\" content=\"summary_large_image\" \/>\n<meta name=\"twitter:label1\" content=\"Gesch\u00e4tzte Lesezeit\" \/>\n\t<meta name=\"twitter:data1\" content=\"1\u00a0Minute\" \/>\n<script type=\"application\/ld+json\" class=\"yoast-schema-graph\">{\"@context\":\"https:\\\/\\\/schema.org\",\"@graph\":[{\"@type\":\"WebPage\",\"@id\":\"https:\\\/\\\/www.alfred-scheerer.de\\\/shop\\\/product\\\/ladegeraet-netzteil-294-v-45a-ambrogio-stiga-techline-wiper-zcs\\\/\",\"url\":\"https:\\\/\\\/www.alfred-scheerer.de\\\/shop\\\/product\\\/ladegeraet-netzteil-294-v-45a-ambrogio-stiga-techline-wiper-zcs\\\/\",\"name\":\"Ladeger\u00e4t Netzteil 29,4 V 4,5A Ambrogio Stiga Techline Wiper ZCS - Gartentechnik Scheerer\",\"isPartOf\":{\"@id\":\"https:\\\/\\\/www.alfred-scheerer.de\\\/shop\\\/#website\"},\"primaryImageOfPage\":{\"@id\":\"https:\\\/\\\/www.alfred-scheerer.de\\\/shop\\\/product\\\/ladegeraet-netzteil-294-v-45a-ambrogio-stiga-techline-wiper-zcs\\\/#primaryimage\"},\"image\":{\"@id\":\"https:\\\/\\\/www.alfred-scheerer.de\\\/shop\\\/product\\\/ladegeraet-netzteil-294-v-45a-ambrogio-stiga-techline-wiper-zcs\\\/#primaryimage\"},\"thumbnailUrl\":\"https:\\\/\\\/www.alfred-scheerer.de\\\/shop\\\/wp-content\\\/uploads\\\/2020\\\/12\\\/Netzteil_2a.jpg\",\"datePublished\":\"2022-08-26T10:36:11+00:00\",\"dateModified\":\"2023-04-24T07:43:38+00:00\",\"breadcrumb\":{\"@id\":\"https:\\\/\\\/www.alfred-scheerer.de\\\/shop\\\/product\\\/ladegeraet-netzteil-294-v-45a-ambrogio-stiga-techline-wiper-zcs\\\/#breadcrumb\"},\"inLanguage\":\"de\",\"potentialAction\":[{\"@type\":\"ReadAction\",\"target\":[\"https:\\\/\\\/www.alfred-scheerer.de\\\/shop\\\/product\\\/ladegeraet-netzteil-294-v-45a-ambrogio-stiga-techline-wiper-zcs\\\/\"]}]},{\"@type\":\"ImageObject\",\"inLanguage\":\"de\",\"@id\":\"https:\\\/\\\/www.alfred-scheerer.de\\\/shop\\\/product\\\/ladegeraet-netzteil-294-v-45a-ambrogio-stiga-techline-wiper-zcs\\\/#primaryimage\",\"url\":\"https:\\\/\\\/www.alfred-scheerer.de\\\/shop\\\/wp-content\\\/uploads\\\/2020\\\/12\\\/Netzteil_2a.jpg\",\"contentUrl\":\"https:\\\/\\\/www.alfred-scheerer.de\\\/shop\\\/wp-content\\\/uploads\\\/2020\\\/12\\\/Netzteil_2a.jpg\",\"width\":800,\"height\":800},{\"@type\":\"BreadcrumbList\",\"@id\":\"https:\\\/\\\/www.alfred-scheerer.de\\\/shop\\\/product\\\/ladegeraet-netzteil-294-v-45a-ambrogio-stiga-techline-wiper-zcs\\\/#breadcrumb\",\"itemListElement\":[{\"@type\":\"ListItem\",\"position\":1,\"name\":\"Startseite\",\"item\":\"https:\\\/\\\/www.alfred-scheerer.de\\\/shop\\\/\"},{\"@type\":\"ListItem\",\"position\":2,\"name\":\"Gartentechnik Scheerer &#8211; Der Online Shop f\u00fcr M\u00e4hroboter und Zubeh\u00f6r\",\"item\":\"https:\\\/\\\/www.alfred-scheerer.de\\\/shop\\\/\"},{\"@type\":\"ListItem\",\"position\":3,\"name\":\"Ladeger\u00e4t Netzteil 29,4 V 4,5A Ambrogio Stiga Techline Wiper ZCS\"}]},{\"@type\":\"WebSite\",\"@id\":\"https:\\\/\\\/www.alfred-scheerer.de\\\/shop\\\/#website\",\"url\":\"https:\\\/\\\/www.alfred-scheerer.de\\\/shop\\\/\",\"name\":\"Scheerer GmbH (ehem. Alfred Scheerer e.K.)\",\"description\":\"Der Online Shop aus Wermelskirchen f\u00fcr M\u00e4hroboter, Akku Gartenger\u00e4te, Ersatzteile und Zubeh\u00f6r\",\"publisher\":{\"@id\":\"https:\\\/\\\/www.alfred-scheerer.de\\\/shop\\\/#organization\"},\"potentialAction\":[{\"@type\":\"SearchAction\",\"target\":{\"@type\":\"EntryPoint\",\"urlTemplate\":\"https:\\\/\\\/www.alfred-scheerer.de\\\/shop\\\/?s={search_term_string}\"},\"query-input\":{\"@type\":\"PropertyValueSpecification\",\"valueRequired\":true,\"valueName\":\"search_term_string\"}}],\"inLanguage\":\"de\"},{\"@type\":\"Organization\",\"@id\":\"https:\\\/\\\/www.alfred-scheerer.de\\\/shop\\\/#organization\",\"name\":\"Scheerer GmbH\",\"url\":\"https:\\\/\\\/www.alfred-scheerer.de\\\/shop\\\/\",\"logo\":{\"@type\":\"ImageObject\",\"inLanguage\":\"de\",\"@id\":\"https:\\\/\\\/www.alfred-scheerer.de\\\/shop\\\/#\\\/schema\\\/logo\\\/image\\\/\",\"url\":\"https:\\\/\\\/alfred-scheerer.de\\\/shop\\\/wp-content\\\/uploads\\\/2024\\\/05\\\/baum.jpg\",\"contentUrl\":\"https:\\\/\\\/alfred-scheerer.de\\\/shop\\\/wp-content\\\/uploads\\\/2024\\\/05\\\/baum.jpg\",\"width\":512,\"height\":512,\"caption\":\"Scheerer GmbH\"},\"image\":{\"@id\":\"https:\\\/\\\/www.alfred-scheerer.de\\\/shop\\\/#\\\/schema\\\/logo\\\/image\\\/\"},\"sameAs\":[\"https:\\\/\\\/www.instagram.com\\\/alfredscheerer\\\/\"]}]}<\/script>\n<!-- \/ Yoast SEO plugin. -->","yoast_head_json":{"title":"Ladeger\u00e4t Netzteil 29,4 V 4,5A Ambrogio Stiga Techline Wiper ZCS - Gartentechnik Scheerer","robots":{"index":"index","follow":"follow","max-snippet":"max-snippet:-1","max-image-preview":"max-image-preview:large","max-video-preview":"max-video-preview:-1"},"canonical":"https:\/\/www.alfred-scheerer.de\/shop\/product\/ladegeraet-netzteil-294-v-45a-ambrogio-stiga-techline-wiper-zcs\/","og_locale":"de_DE","og_type":"article","og_title":"Ladeger\u00e4t Netzteil 29,4 V 4,5A Ambrogio Stiga Techline Wiper ZCS - Gartentechnik Scheerer","og_description":"G\u00fcnstige Alternative zum original Netzteil.  Eingangs- Spannung: AC 100-240 V, 50\/60HZ Ausgangs- Spannung: DC 29,4 V Stromst\u00e4rke: 4,5 A  passend als Ersatz f\u00fcr: ELG-150-30ZCTE, CS_CLG150-30, CLG-150-30  Hinweis: Bitte Stromst\u00e4rke beachten und mit dem altem Netzteil vergleichen! Wird ein Ladeger\u00e4t mit zu hoher Stromst\u00e4rke verwendet, kann der Akku Schaden nehmen und es kann zum Brand f\u00fchren! Dieses Netzteil ist nicht spritzwassergesch\u00fctzt und sollte daher nur in einem geschlossenem Raum (Keller, Garage, Gartenhaus) betrieben werden!  Abbildung zeigt Beispielfoto","og_url":"https:\/\/www.alfred-scheerer.de\/shop\/product\/ladegeraet-netzteil-294-v-45a-ambrogio-stiga-techline-wiper-zcs\/","og_site_name":"Gartentechnik Scheerer","article_modified_time":"2023-04-24T07:43:38+00:00","og_image":[{"width":800,"height":800,"url":"https:\/\/www.alfred-scheerer.de\/shop\/wp-content\/uploads\/2020\/12\/Netzteil_2a.jpg","type":"image\/jpeg"}],"twitter_card":"summary_large_image","twitter_misc":{"Gesch\u00e4tzte Lesezeit":"1\u00a0Minute"},"schema":{"@context":"https:\/\/schema.org","@graph":[{"@type":"WebPage","@id":"https:\/\/www.alfred-scheerer.de\/shop\/product\/ladegeraet-netzteil-294-v-45a-ambrogio-stiga-techline-wiper-zcs\/","url":"https:\/\/www.alfred-scheerer.de\/shop\/product\/ladegeraet-netzteil-294-v-45a-ambrogio-stiga-techline-wiper-zcs\/","name":"Ladeger\u00e4t Netzteil 29,4 V 4,5A Ambrogio Stiga Techline Wiper ZCS - Gartentechnik Scheerer","isPartOf":{"@id":"https:\/\/www.alfred-scheerer.de\/shop\/#website"},"primaryImageOfPage":{"@id":"https:\/\/www.alfred-scheerer.de\/shop\/product\/ladegeraet-netzteil-294-v-45a-ambrogio-stiga-techline-wiper-zcs\/#primaryimage"},"image":{"@id":"https:\/\/www.alfred-scheerer.de\/shop\/product\/ladegeraet-netzteil-294-v-45a-ambrogio-stiga-techline-wiper-zcs\/#primaryimage"},"thumbnailUrl":"https:\/\/www.alfred-scheerer.de\/shop\/wp-content\/uploads\/2020\/12\/Netzteil_2a.jpg","datePublished":"2022-08-26T10:36:11+00:00","dateModified":"2023-04-24T07:43:38+00:00","breadcrumb":{"@id":"https:\/\/www.alfred-scheerer.de\/shop\/product\/ladegeraet-netzteil-294-v-45a-ambrogio-stiga-techline-wiper-zcs\/#breadcrumb"},"inLanguage":"de","potentialAction":[{"@type":"ReadAction","target":["https:\/\/www.alfred-scheerer.de\/shop\/product\/ladegeraet-netzteil-294-v-45a-ambrogio-stiga-techline-wiper-zcs\/"]}]},{"@type":"ImageObject","inLanguage":"de","@id":"https:\/\/www.alfred-scheerer.de\/shop\/product\/ladegeraet-netzteil-294-v-45a-ambrogio-stiga-techline-wiper-zcs\/#primaryimage","url":"https:\/\/www.alfred-scheerer.de\/shop\/wp-content\/uploads\/2020\/12\/Netzteil_2a.jpg","contentUrl":"https:\/\/www.alfred-scheerer.de\/shop\/wp-content\/uploads\/2020\/12\/Netzteil_2a.jpg","width":800,"height":800},{"@type":"BreadcrumbList","@id":"https:\/\/www.alfred-scheerer.de\/shop\/product\/ladegeraet-netzteil-294-v-45a-ambrogio-stiga-techline-wiper-zcs\/#breadcrumb","itemListElement":[{"@type":"ListItem","position":1,"name":"Startseite","item":"https:\/\/www.alfred-scheerer.de\/shop\/"},{"@type":"ListItem","position":2,"name":"Gartentechnik Scheerer &#8211; Der Online Shop f\u00fcr M\u00e4hroboter und Zubeh\u00f6r","item":"https:\/\/www.alfred-scheerer.de\/shop\/"},{"@type":"ListItem","position":3,"name":"Ladeger\u00e4t Netzteil 29,4 V 4,5A Ambrogio Stiga Techline Wiper ZCS"}]},{"@type":"WebSite","@id":"https:\/\/www.alfred-scheerer.de\/shop\/#website","url":"https:\/\/www.alfred-scheerer.de\/shop\/","name":"Scheerer GmbH (ehem. Alfred Scheerer e.K.)","description":"Der Online Shop aus Wermelskirchen f\u00fcr M\u00e4hroboter, Akku Gartenger\u00e4te, Ersatzteile und Zubeh\u00f6r","publisher":{"@id":"https:\/\/www.alfred-scheerer.de\/shop\/#organization"},"potentialAction":[{"@type":"SearchAction","target":{"@type":"EntryPoint","urlTemplate":"https:\/\/www.alfred-scheerer.de\/shop\/?s={search_term_string}"},"query-input":{"@type":"PropertyValueSpecification","valueRequired":true,"valueName":"search_term_string"}}],"inLanguage":"de"},{"@type":"Organization","@id":"https:\/\/www.alfred-scheerer.de\/shop\/#organization","name":"Scheerer GmbH","url":"https:\/\/www.alfred-scheerer.de\/shop\/","logo":{"@type":"ImageObject","inLanguage":"de","@id":"https:\/\/www.alfred-scheerer.de\/shop\/#\/schema\/logo\/image\/","url":"https:\/\/alfred-scheerer.de\/shop\/wp-content\/uploads\/2024\/05\/baum.jpg","contentUrl":"https:\/\/alfred-scheerer.de\/shop\/wp-content\/uploads\/2024\/05\/baum.jpg","width":512,"height":512,"caption":"Scheerer GmbH"},"image":{"@id":"https:\/\/www.alfred-scheerer.de\/shop\/#\/schema\/logo\/image\/"},"sameAs":["https:\/\/www.instagram.com\/alfredscheerer\/"]}]}},"_links":{"self":[{"href":"https:\/\/www.alfred-scheerer.de\/shop\/wp-json\/wp\/v2\/product\/6698","targetHints":{"allow":["GET"]}}],"collection":[{"href":"https:\/\/www.alfred-scheerer.de\/shop\/wp-json\/wp\/v2\/product"}],"about":[{"href":"https:\/\/www.alfred-scheerer.de\/shop\/wp-json\/wp\/v2\/types\/product"}],"wp:featuredmedia":[{"embeddable":true,"href":"https:\/\/www.alfred-scheerer.de\/shop\/wp-json\/wp\/v2\/media\/4125"}],"wp:attachment":[{"href":"https:\/\/www.alfred-scheerer.de\/shop\/wp-json\/wp\/v2\/media?parent=6698"}],"wp:term":[{"taxonomy":"product_brand","embeddable":true,"href":"https:\/\/www.alfred-scheerer.de\/shop\/wp-json\/wp\/v2\/product_brand?post=6698"},{"taxonomy":"product_cat","embeddable":true,"href":"https:\/\/www.alfred-scheerer.de\/shop\/wp-json\/wp\/v2\/product_cat?post=6698"},{"taxonomy":"product_tag","embeddable":true,"href":"https:\/\/www.alfred-scheerer.de\/shop\/wp-json\/wp\/v2\/product_tag?post=6698"}],"curies":[{"name":"wp","href":"https:\/\/api.w.org\/{rel}","templated":true}]}}