{"id":7233,"date":"2023-02-27T10:41:32","date_gmt":"2023-02-27T09:41:32","guid":{"rendered":"https:\/\/alfred-scheerer.de\/shop\/?post_type=product&#038;p=7233"},"modified":"2025-10-31T10:52:28","modified_gmt":"2025-10-31T09:52:28","slug":"o-ring-dichtring-50_c0002_00-ambrogio-l50-l60-wiper-blitz","status":"publish","type":"product","link":"https:\/\/www.alfred-scheerer.de\/shop\/product\/o-ring-dichtring-50_c0002_00-ambrogio-l50-l60-wiper-blitz\/","title":{"rendered":"O-Ring Dichtring 50_C0002_00 Ambrogio L50 L60, Wiper Blitz"},"content":{"rendered":"<p>O-Ring f\u00fcr Geh\u00e4usedeckel vom Radantrieb<\/p>\n<p>Lieferumfang:<br \/>\n1 St\u00fcck O-Ring (Nr. 18) 50_C0002_00<\/p>\n<p>passend f\u00fcr:<br \/>\nAmbrogio: L50, L60<br \/>\nStiga: Autoclip 140, 145<br \/>\nTechline: Tech L6<br \/>\nWiper: Blitz, Blitz 2.0, X4<\/p>\n<p>Referenznummern:<br \/>\nAmbrogio, Wiper, ZCS: 50_C0002_00<\/p>\n","protected":false},"excerpt":{"rendered":"<p>O-Ring f\u00fcr Geh\u00e4usedeckel vom Radantrieb<\/p>\n<p>Lieferumfang:<br \/>\n1 St\u00fcck O-Ring (Nr. 18) 50_C0002_00<\/p>\n<p>passend f\u00fcr:<br \/>\nAmbrogio: L50, L60<br \/>\nStiga: Autoclip 140, 145<br \/>\nTechline: Tech L6<br \/>\nWiper: Blitz, Blitz 2.0, X4<\/p>\n<p>Referenznummern:<br \/>\nAmbrogio, Wiper, ZCS: 50_C0002_00<\/p>\n","protected":false},"featured_media":7234,"template":"","meta":[],"product_brand":[],"product_cat":[94,97,108,312],"product_tag":[1184,460,487,1552,1553,1554,480,481,482,483,484,1182,485,1183,486],"class_list":{"0":"post-7233","1":"product","2":"type-product","3":"status-publish","4":"has-post-thumbnail","6":"product_cat-ambrogio-ersatzteile-zubehoer","7":"product_cat-l50-l60","8":"product_cat-stiga-ersatzteile-zubehoer","9":"product_cat-wiper-ersatzteile-zubehoer","10":"product_tag-antriebsriemen-l50","11":"product_tag-ambrogio-ersatzteile","12":"product_tag-wiper-ersatzteile","13":"product_tag-o-ring","14":"product_tag-dichtring","15":"product_tag-oring","16":"product_tag-zahnriemen","17":"product_tag-stiga-140","18":"product_tag-stiga-145","19":"product_tag-stiga-ersatzteile","20":"product_tag-ambrogio-l50","21":"product_tag-50_c0002_00","22":"product_tag-ambrogio-l60","23":"product_tag-antriebsriemen-l60","24":"product_tag-wiper-blitz","26":"first","27":"instock","28":"sale","29":"taxable","30":"shipping-taxable","31":"purchasable","32":"product-type-simple"},"yoast_head":"<!-- This site is optimized with the Yoast SEO plugin v27.4 - https:\/\/yoast.com\/product\/yoast-seo-wordpress\/ -->\n<title>O-Ring Dichtring 50_C0002_00 Ambrogio L50 L60, Wiper Blitz - Gartentechnik Scheerer<\/title>\n<meta name=\"description\" content=\"Oring Dichtring f\u00fcr Deckel Ambrogio L50 L60, Wiper Blitz, Stiga 140 145\" \/>\n<meta name=\"robots\" content=\"index, follow, max-snippet:-1, max-image-preview:large, max-video-preview:-1\" \/>\n<link rel=\"canonical\" href=\"https:\/\/www.alfred-scheerer.de\/shop\/product\/o-ring-dichtring-50_c0002_00-ambrogio-l50-l60-wiper-blitz\/\" \/>\n<meta property=\"og:locale\" content=\"de_DE\" \/>\n<meta property=\"og:type\" content=\"article\" \/>\n<meta property=\"og:title\" content=\"O-Ring Dichtring 50_C0002_00 Ambrogio L50 L60, Wiper Blitz - Gartentechnik Scheerer\" \/>\n<meta property=\"og:description\" content=\"Oring Dichtring f\u00fcr Deckel Ambrogio L50 L60, Wiper Blitz, Stiga 140 145\" \/>\n<meta property=\"og:url\" content=\"https:\/\/www.alfred-scheerer.de\/shop\/product\/o-ring-dichtring-50_c0002_00-ambrogio-l50-l60-wiper-blitz\/\" \/>\n<meta property=\"og:site_name\" content=\"Gartentechnik Scheerer\" \/>\n<meta property=\"article:modified_time\" content=\"2025-10-31T09:52:28+00:00\" \/>\n<meta property=\"og:image\" content=\"https:\/\/www.alfred-scheerer.de\/shop\/wp-content\/uploads\/2023\/02\/O-Ring-50_C0002_00.png\" \/>\n\t<meta property=\"og:image:width\" content=\"800\" \/>\n\t<meta property=\"og:image:height\" content=\"600\" \/>\n\t<meta property=\"og:image:type\" content=\"image\/png\" \/>\n<meta name=\"twitter:card\" content=\"summary_large_image\" \/>\n<script type=\"application\/ld+json\" class=\"yoast-schema-graph\">{\"@context\":\"https:\\\/\\\/schema.org\",\"@graph\":[{\"@type\":\"WebPage\",\"@id\":\"https:\\\/\\\/www.alfred-scheerer.de\\\/shop\\\/product\\\/o-ring-dichtring-50_c0002_00-ambrogio-l50-l60-wiper-blitz\\\/\",\"url\":\"https:\\\/\\\/www.alfred-scheerer.de\\\/shop\\\/product\\\/o-ring-dichtring-50_c0002_00-ambrogio-l50-l60-wiper-blitz\\\/\",\"name\":\"O-Ring Dichtring 50_C0002_00 Ambrogio L50 L60, Wiper Blitz - Gartentechnik Scheerer\",\"isPartOf\":{\"@id\":\"https:\\\/\\\/www.alfred-scheerer.de\\\/shop\\\/#website\"},\"primaryImageOfPage\":{\"@id\":\"https:\\\/\\\/www.alfred-scheerer.de\\\/shop\\\/product\\\/o-ring-dichtring-50_c0002_00-ambrogio-l50-l60-wiper-blitz\\\/#primaryimage\"},\"image\":{\"@id\":\"https:\\\/\\\/www.alfred-scheerer.de\\\/shop\\\/product\\\/o-ring-dichtring-50_c0002_00-ambrogio-l50-l60-wiper-blitz\\\/#primaryimage\"},\"thumbnailUrl\":\"https:\\\/\\\/www.alfred-scheerer.de\\\/shop\\\/wp-content\\\/uploads\\\/2023\\\/02\\\/O-Ring-50_C0002_00.png\",\"datePublished\":\"2023-02-27T09:41:32+00:00\",\"dateModified\":\"2025-10-31T09:52:28+00:00\",\"description\":\"Oring Dichtring f\u00fcr Deckel Ambrogio L50 L60, Wiper Blitz, Stiga 140 145\",\"breadcrumb\":{\"@id\":\"https:\\\/\\\/www.alfred-scheerer.de\\\/shop\\\/product\\\/o-ring-dichtring-50_c0002_00-ambrogio-l50-l60-wiper-blitz\\\/#breadcrumb\"},\"inLanguage\":\"de\",\"potentialAction\":[{\"@type\":\"ReadAction\",\"target\":[\"https:\\\/\\\/www.alfred-scheerer.de\\\/shop\\\/product\\\/o-ring-dichtring-50_c0002_00-ambrogio-l50-l60-wiper-blitz\\\/\"]}]},{\"@type\":\"ImageObject\",\"inLanguage\":\"de\",\"@id\":\"https:\\\/\\\/www.alfred-scheerer.de\\\/shop\\\/product\\\/o-ring-dichtring-50_c0002_00-ambrogio-l50-l60-wiper-blitz\\\/#primaryimage\",\"url\":\"https:\\\/\\\/www.alfred-scheerer.de\\\/shop\\\/wp-content\\\/uploads\\\/2023\\\/02\\\/O-Ring-50_C0002_00.png\",\"contentUrl\":\"https:\\\/\\\/www.alfred-scheerer.de\\\/shop\\\/wp-content\\\/uploads\\\/2023\\\/02\\\/O-Ring-50_C0002_00.png\",\"width\":800,\"height\":600},{\"@type\":\"BreadcrumbList\",\"@id\":\"https:\\\/\\\/www.alfred-scheerer.de\\\/shop\\\/product\\\/o-ring-dichtring-50_c0002_00-ambrogio-l50-l60-wiper-blitz\\\/#breadcrumb\",\"itemListElement\":[{\"@type\":\"ListItem\",\"position\":1,\"name\":\"Startseite\",\"item\":\"https:\\\/\\\/www.alfred-scheerer.de\\\/shop\\\/\"},{\"@type\":\"ListItem\",\"position\":2,\"name\":\"Gartentechnik Scheerer &#8211; Der Online Shop f\u00fcr M\u00e4hroboter und Zubeh\u00f6r\",\"item\":\"https:\\\/\\\/www.alfred-scheerer.de\\\/shop\\\/\"},{\"@type\":\"ListItem\",\"position\":3,\"name\":\"O-Ring Dichtring 50_C0002_00 Ambrogio L50 L60, Wiper Blitz\"}]},{\"@type\":\"WebSite\",\"@id\":\"https:\\\/\\\/www.alfred-scheerer.de\\\/shop\\\/#website\",\"url\":\"https:\\\/\\\/www.alfred-scheerer.de\\\/shop\\\/\",\"name\":\"Scheerer GmbH (ehem. Alfred Scheerer e.K.)\",\"description\":\"Der Online Shop aus Wermelskirchen f\u00fcr M\u00e4hroboter, Akku Gartenger\u00e4te, Ersatzteile und Zubeh\u00f6r\",\"publisher\":{\"@id\":\"https:\\\/\\\/www.alfred-scheerer.de\\\/shop\\\/#organization\"},\"potentialAction\":[{\"@type\":\"SearchAction\",\"target\":{\"@type\":\"EntryPoint\",\"urlTemplate\":\"https:\\\/\\\/www.alfred-scheerer.de\\\/shop\\\/?s={search_term_string}\"},\"query-input\":{\"@type\":\"PropertyValueSpecification\",\"valueRequired\":true,\"valueName\":\"search_term_string\"}}],\"inLanguage\":\"de\"},{\"@type\":\"Organization\",\"@id\":\"https:\\\/\\\/www.alfred-scheerer.de\\\/shop\\\/#organization\",\"name\":\"Scheerer GmbH\",\"url\":\"https:\\\/\\\/www.alfred-scheerer.de\\\/shop\\\/\",\"logo\":{\"@type\":\"ImageObject\",\"inLanguage\":\"de\",\"@id\":\"https:\\\/\\\/www.alfred-scheerer.de\\\/shop\\\/#\\\/schema\\\/logo\\\/image\\\/\",\"url\":\"https:\\\/\\\/alfred-scheerer.de\\\/shop\\\/wp-content\\\/uploads\\\/2024\\\/05\\\/baum.jpg\",\"contentUrl\":\"https:\\\/\\\/alfred-scheerer.de\\\/shop\\\/wp-content\\\/uploads\\\/2024\\\/05\\\/baum.jpg\",\"width\":512,\"height\":512,\"caption\":\"Scheerer GmbH\"},\"image\":{\"@id\":\"https:\\\/\\\/www.alfred-scheerer.de\\\/shop\\\/#\\\/schema\\\/logo\\\/image\\\/\"},\"sameAs\":[\"https:\\\/\\\/www.instagram.com\\\/alfredscheerer\\\/\"]}]}<\/script>\n<!-- \/ Yoast SEO plugin. -->","yoast_head_json":{"title":"O-Ring Dichtring 50_C0002_00 Ambrogio L50 L60, Wiper Blitz - Gartentechnik Scheerer","description":"Oring Dichtring f\u00fcr Deckel Ambrogio L50 L60, Wiper Blitz, Stiga 140 145","robots":{"index":"index","follow":"follow","max-snippet":"max-snippet:-1","max-image-preview":"max-image-preview:large","max-video-preview":"max-video-preview:-1"},"canonical":"https:\/\/www.alfred-scheerer.de\/shop\/product\/o-ring-dichtring-50_c0002_00-ambrogio-l50-l60-wiper-blitz\/","og_locale":"de_DE","og_type":"article","og_title":"O-Ring Dichtring 50_C0002_00 Ambrogio L50 L60, Wiper Blitz - Gartentechnik Scheerer","og_description":"Oring Dichtring f\u00fcr Deckel Ambrogio L50 L60, Wiper Blitz, Stiga 140 145","og_url":"https:\/\/www.alfred-scheerer.de\/shop\/product\/o-ring-dichtring-50_c0002_00-ambrogio-l50-l60-wiper-blitz\/","og_site_name":"Gartentechnik Scheerer","article_modified_time":"2025-10-31T09:52:28+00:00","og_image":[{"width":800,"height":600,"url":"https:\/\/www.alfred-scheerer.de\/shop\/wp-content\/uploads\/2023\/02\/O-Ring-50_C0002_00.png","type":"image\/png"}],"twitter_card":"summary_large_image","schema":{"@context":"https:\/\/schema.org","@graph":[{"@type":"WebPage","@id":"https:\/\/www.alfred-scheerer.de\/shop\/product\/o-ring-dichtring-50_c0002_00-ambrogio-l50-l60-wiper-blitz\/","url":"https:\/\/www.alfred-scheerer.de\/shop\/product\/o-ring-dichtring-50_c0002_00-ambrogio-l50-l60-wiper-blitz\/","name":"O-Ring Dichtring 50_C0002_00 Ambrogio L50 L60, Wiper Blitz - Gartentechnik Scheerer","isPartOf":{"@id":"https:\/\/www.alfred-scheerer.de\/shop\/#website"},"primaryImageOfPage":{"@id":"https:\/\/www.alfred-scheerer.de\/shop\/product\/o-ring-dichtring-50_c0002_00-ambrogio-l50-l60-wiper-blitz\/#primaryimage"},"image":{"@id":"https:\/\/www.alfred-scheerer.de\/shop\/product\/o-ring-dichtring-50_c0002_00-ambrogio-l50-l60-wiper-blitz\/#primaryimage"},"thumbnailUrl":"https:\/\/www.alfred-scheerer.de\/shop\/wp-content\/uploads\/2023\/02\/O-Ring-50_C0002_00.png","datePublished":"2023-02-27T09:41:32+00:00","dateModified":"2025-10-31T09:52:28+00:00","description":"Oring Dichtring f\u00fcr Deckel Ambrogio L50 L60, Wiper Blitz, Stiga 140 145","breadcrumb":{"@id":"https:\/\/www.alfred-scheerer.de\/shop\/product\/o-ring-dichtring-50_c0002_00-ambrogio-l50-l60-wiper-blitz\/#breadcrumb"},"inLanguage":"de","potentialAction":[{"@type":"ReadAction","target":["https:\/\/www.alfred-scheerer.de\/shop\/product\/o-ring-dichtring-50_c0002_00-ambrogio-l50-l60-wiper-blitz\/"]}]},{"@type":"ImageObject","inLanguage":"de","@id":"https:\/\/www.alfred-scheerer.de\/shop\/product\/o-ring-dichtring-50_c0002_00-ambrogio-l50-l60-wiper-blitz\/#primaryimage","url":"https:\/\/www.alfred-scheerer.de\/shop\/wp-content\/uploads\/2023\/02\/O-Ring-50_C0002_00.png","contentUrl":"https:\/\/www.alfred-scheerer.de\/shop\/wp-content\/uploads\/2023\/02\/O-Ring-50_C0002_00.png","width":800,"height":600},{"@type":"BreadcrumbList","@id":"https:\/\/www.alfred-scheerer.de\/shop\/product\/o-ring-dichtring-50_c0002_00-ambrogio-l50-l60-wiper-blitz\/#breadcrumb","itemListElement":[{"@type":"ListItem","position":1,"name":"Startseite","item":"https:\/\/www.alfred-scheerer.de\/shop\/"},{"@type":"ListItem","position":2,"name":"Gartentechnik Scheerer &#8211; Der Online Shop f\u00fcr M\u00e4hroboter und Zubeh\u00f6r","item":"https:\/\/www.alfred-scheerer.de\/shop\/"},{"@type":"ListItem","position":3,"name":"O-Ring Dichtring 50_C0002_00 Ambrogio L50 L60, Wiper Blitz"}]},{"@type":"WebSite","@id":"https:\/\/www.alfred-scheerer.de\/shop\/#website","url":"https:\/\/www.alfred-scheerer.de\/shop\/","name":"Scheerer GmbH (ehem. Alfred Scheerer e.K.)","description":"Der Online Shop aus Wermelskirchen f\u00fcr M\u00e4hroboter, Akku Gartenger\u00e4te, Ersatzteile und Zubeh\u00f6r","publisher":{"@id":"https:\/\/www.alfred-scheerer.de\/shop\/#organization"},"potentialAction":[{"@type":"SearchAction","target":{"@type":"EntryPoint","urlTemplate":"https:\/\/www.alfred-scheerer.de\/shop\/?s={search_term_string}"},"query-input":{"@type":"PropertyValueSpecification","valueRequired":true,"valueName":"search_term_string"}}],"inLanguage":"de"},{"@type":"Organization","@id":"https:\/\/www.alfred-scheerer.de\/shop\/#organization","name":"Scheerer GmbH","url":"https:\/\/www.alfred-scheerer.de\/shop\/","logo":{"@type":"ImageObject","inLanguage":"de","@id":"https:\/\/www.alfred-scheerer.de\/shop\/#\/schema\/logo\/image\/","url":"https:\/\/alfred-scheerer.de\/shop\/wp-content\/uploads\/2024\/05\/baum.jpg","contentUrl":"https:\/\/alfred-scheerer.de\/shop\/wp-content\/uploads\/2024\/05\/baum.jpg","width":512,"height":512,"caption":"Scheerer GmbH"},"image":{"@id":"https:\/\/www.alfred-scheerer.de\/shop\/#\/schema\/logo\/image\/"},"sameAs":["https:\/\/www.instagram.com\/alfredscheerer\/"]}]}},"_links":{"self":[{"href":"https:\/\/www.alfred-scheerer.de\/shop\/wp-json\/wp\/v2\/product\/7233","targetHints":{"allow":["GET"]}}],"collection":[{"href":"https:\/\/www.alfred-scheerer.de\/shop\/wp-json\/wp\/v2\/product"}],"about":[{"href":"https:\/\/www.alfred-scheerer.de\/shop\/wp-json\/wp\/v2\/types\/product"}],"wp:featuredmedia":[{"embeddable":true,"href":"https:\/\/www.alfred-scheerer.de\/shop\/wp-json\/wp\/v2\/media\/7234"}],"wp:attachment":[{"href":"https:\/\/www.alfred-scheerer.de\/shop\/wp-json\/wp\/v2\/media?parent=7233"}],"wp:term":[{"taxonomy":"product_brand","embeddable":true,"href":"https:\/\/www.alfred-scheerer.de\/shop\/wp-json\/wp\/v2\/product_brand?post=7233"},{"taxonomy":"product_cat","embeddable":true,"href":"https:\/\/www.alfred-scheerer.de\/shop\/wp-json\/wp\/v2\/product_cat?post=7233"},{"taxonomy":"product_tag","embeddable":true,"href":"https:\/\/www.alfred-scheerer.de\/shop\/wp-json\/wp\/v2\/product_tag?post=7233"}],"curies":[{"name":"wp","href":"https:\/\/api.w.org\/{rel}","templated":true}]}}