{"id":7270,"date":"2023-02-28T18:41:24","date_gmt":"2023-02-28T17:41:24","guid":{"rendered":"https:\/\/alfred-scheerer.de\/shop\/?post_type=product&#038;p=7270"},"modified":"2026-03-13T11:45:29","modified_gmt":"2026-03-13T10:45:29","slug":"radkrallen-l25-l29","status":"publish","type":"product","link":"https:\/\/www.alfred-scheerer.de\/shop\/product\/radkrallen-l25-l29\/","title":{"rendered":"Radkrallen Kit Ambrogio Twenty25 Twenty29, Wiper i-Serie, Techline"},"content":{"rendered":"<p>Sind Sie es leid, dass Ihr M\u00e4hroboter Ambrogio Twenty 25 oder Twenty 29 bei schwierigen Bedingungen auf Ihrem Rasen ins Rutschen ger\u00e4t oder sogar stecken bleibt? Dann haben wir die perfekte L\u00f6sung f\u00fcr Sie: Spikes!<\/p>\n<p>Unsere Radkrallen Spikes wurden speziell f\u00fcr den Ambrogio Twenty entwickelt und sorgen f\u00fcr eine optimale Traktion auf jedem Untergrund. Egal ob nasses Gras, h\u00fcgeliges Gel\u00e4nde oder rutschiger Boden &#8211; mit unseren Spikes ist Ihr M\u00e4hroboter immer sicher und zuverl\u00e4ssig unterwegs.<\/p>\n<p>Die Installation der Radkrallen Spikes ist denkbar einfach: Sie m\u00fcssen die Spikes einfach mit den vorh. R\u00e4dern verschrauben und schon ist Ihr Ambrogio Twenty bereit f\u00fcr jede Herausforderung. Und das Beste ist: Unsere Spikes sind aus hochwertigem Material gefertigt und halten selbst extremen Bedingungen stand.<\/p>\n<p>Investieren Sie jetzt in unsere Radkrallen Spikes und genie\u00dfen Sie jederzeit einen gepflegten und makellosen Rasen &#8211; ohne Rutsch- oder Blockierprobleme. Bestellen Sie noch heute und lassen Sie sich von der Qualit\u00e4t unserer Produkte \u00fcberzeugen!<\/p>\n<p><span style=\"color: #ff0000;\"><strong>Hinweis:<\/strong><\/span><br \/>\n<span style=\"color: #ff0000;\"><strong>Durch die Radkrallen k\u00f6nnen an Wegeoberfl\u00e4chen, M\u00e4hkanten u. Randeinfassungen Besch\u00e4digungen<\/strong><\/span><br \/>\n<span style=\"color: #ff0000;\"><strong>entstehen! Wir \u00fcbernehmen keine Haftung!<\/strong><\/span><\/p>\n","protected":false},"excerpt":{"rendered":"<p>Radkrallen Kit zur Selbstmontage f\u00fcr eine bessere Traktion im schwierigem Gel\u00e4nde und bei starken Steigungen.<\/p>\n<p>passend f\u00fcr:<br \/>\nAmbrogio: Twenty 25, Twenty 29<br \/>\nWiper: I-Serie ab I140<br \/>\nTechline: X2.5, X2.9<\/p>\n<p>Lieferumfang:<br \/>\n2 St\u00fcck Radkrallen aus 3 mm Edelstahl<br \/>\nSchrauben<br \/>\nGummistreifen f\u00fcr Ladestation<br \/>\nMontageanleitung<\/p>\n<p>Ben\u00f6tigtes Werkzeug:<br \/>\n5mm Bohrer<br \/>\nBohrmaschine<br \/>\nSchraubendreher<br \/>\nSpitzzange<\/p>\n<p><span style=\"color: #ff0000;\"><strong>Hinweis:<\/strong><\/span><br \/>\n<span style=\"color: #ff0000;\"><strong>Durch die Radkrallen k\u00f6nnen an Wegeoberfl\u00e4chen, M\u00e4hkanten u. Randeinfassungen Besch\u00e4digungen<\/strong><\/span><br \/>\n<span style=\"color: #ff0000;\"><strong>entstehen! Wir \u00fcbernehmen keine Haftung!<\/strong><\/span><\/p>\n","protected":false},"featured_media":8897,"template":"","meta":[],"product_brand":[],"product_cat":[1566,1567,94,312],"product_tag":[460,568,473,569,475,570,487,571,548,549,53,550,551,552,566,428,567],"class_list":{"0":"post-7270","1":"product","2":"type-product","3":"status-publish","4":"has-post-thumbnail","6":"product_cat-l25-twenty-25","7":"product_cat-twenty-29","8":"product_cat-ambrogio-ersatzteile-zubehoer","9":"product_cat-wiper-ersatzteile-zubehoer","10":"product_tag-ambrogio-ersatzteile","11":"product_tag-maehroboter-traktionsverbesserung","12":"product_tag-ambrogio-zubehoer","13":"product_tag-ambrogio-spikes","14":"product_tag-wiper-zubehoer","15":"product_tag-ambrogio-traktionsverbesserung","16":"product_tag-wiper-ersatzteile","17":"product_tag-ambrogio-traktionshilfe","18":"product_tag-techline-ersatzteile","19":"product_tag-tech-line-ersatzteile","20":"product_tag-ambrogio","21":"product_tag-ambrogio-radkralle","22":"product_tag-ambrogio-radstern","23":"product_tag-ambrogio-steighilfe","24":"product_tag-maehroboter-traktionshilfe","25":"product_tag-ersatzteile","26":"product_tag-maehroboter-spikes","28":"first","29":"instock","30":"downloadable","31":"taxable","32":"shipping-taxable","33":"purchasable","34":"product-type-simple"},"yoast_head":"<!-- This site is optimized with the Yoast SEO plugin v27.3 - https:\/\/yoast.com\/product\/yoast-seo-wordpress\/ -->\n<title>Radkrallen Kit Ambrogio Twenty25 Twenty29, Wiper i-Serie, Techline - Gartentechnik Scheerer<\/title>\n<meta name=\"description\" content=\"Optimieren Sie die Leistung Ihres Ambrogio Twenty M\u00e4hroboters mit Radkrallen Spikes! Unsere Spikes sorgen f\u00fcr eine optimale Traktion auf jedem Untergrund und halten selbst extremen Bedingungen stand. Bestellen Sie jetzt und genie\u00dfen Sie einen gepflegten Rasen ohne Rutsch- oder Blockierprobleme.\" \/>\n<meta name=\"robots\" content=\"index, follow, max-snippet:-1, max-image-preview:large, max-video-preview:-1\" \/>\n<link rel=\"canonical\" href=\"https:\/\/www.alfred-scheerer.de\/shop\/product\/radkrallen-l25-l29\/\" \/>\n<meta property=\"og:locale\" content=\"de_DE\" \/>\n<meta property=\"og:type\" content=\"article\" \/>\n<meta property=\"og:title\" content=\"Radkrallen Kit Ambrogio Twenty25 Twenty29, Wiper i-Serie, Techline - Gartentechnik Scheerer\" \/>\n<meta property=\"og:description\" content=\"Optimieren Sie die Leistung Ihres Ambrogio Twenty M\u00e4hroboters mit Radkrallen Spikes! Unsere Spikes sorgen f\u00fcr eine optimale Traktion auf jedem Untergrund und halten selbst extremen Bedingungen stand. Bestellen Sie jetzt und genie\u00dfen Sie einen gepflegten Rasen ohne Rutsch- oder Blockierprobleme.\" \/>\n<meta property=\"og:url\" content=\"https:\/\/www.alfred-scheerer.de\/shop\/product\/radkrallen-l25-l29\/\" \/>\n<meta property=\"og:site_name\" content=\"Gartentechnik Scheerer\" \/>\n<meta property=\"article:modified_time\" content=\"2026-03-13T10:45:29+00:00\" \/>\n<meta property=\"og:image\" content=\"https:\/\/www.alfred-scheerer.de\/shop\/wp-content\/uploads\/2022\/12\/20230228_125929-rotated-1.jpg\" \/>\n\t<meta property=\"og:image:width\" content=\"1200\" \/>\n\t<meta property=\"og:image:height\" content=\"1200\" \/>\n\t<meta property=\"og:image:type\" content=\"image\/jpeg\" \/>\n<meta name=\"twitter:card\" content=\"summary_large_image\" \/>\n<meta name=\"twitter:label1\" content=\"Gesch\u00e4tzte Lesezeit\" \/>\n\t<meta name=\"twitter:data1\" content=\"1\u00a0Minute\" \/>\n<script type=\"application\/ld+json\" class=\"yoast-schema-graph\">{\"@context\":\"https:\\\/\\\/schema.org\",\"@graph\":[{\"@type\":\"WebPage\",\"@id\":\"https:\\\/\\\/www.alfred-scheerer.de\\\/shop\\\/product\\\/radkrallen-l25-l29\\\/\",\"url\":\"https:\\\/\\\/www.alfred-scheerer.de\\\/shop\\\/product\\\/radkrallen-l25-l29\\\/\",\"name\":\"Radkrallen Kit Ambrogio Twenty25 Twenty29, Wiper i-Serie, Techline - Gartentechnik Scheerer\",\"isPartOf\":{\"@id\":\"https:\\\/\\\/www.alfred-scheerer.de\\\/shop\\\/#website\"},\"primaryImageOfPage\":{\"@id\":\"https:\\\/\\\/www.alfred-scheerer.de\\\/shop\\\/product\\\/radkrallen-l25-l29\\\/#primaryimage\"},\"image\":{\"@id\":\"https:\\\/\\\/www.alfred-scheerer.de\\\/shop\\\/product\\\/radkrallen-l25-l29\\\/#primaryimage\"},\"thumbnailUrl\":\"https:\\\/\\\/www.alfred-scheerer.de\\\/shop\\\/wp-content\\\/uploads\\\/2022\\\/12\\\/20230228_125929-rotated-1.jpg\",\"datePublished\":\"2023-02-28T17:41:24+00:00\",\"dateModified\":\"2026-03-13T10:45:29+00:00\",\"description\":\"Optimieren Sie die Leistung Ihres Ambrogio Twenty M\u00e4hroboters mit Radkrallen Spikes! Unsere Spikes sorgen f\u00fcr eine optimale Traktion auf jedem Untergrund und halten selbst extremen Bedingungen stand. Bestellen Sie jetzt und genie\u00dfen Sie einen gepflegten Rasen ohne Rutsch- oder Blockierprobleme.\",\"breadcrumb\":{\"@id\":\"https:\\\/\\\/www.alfred-scheerer.de\\\/shop\\\/product\\\/radkrallen-l25-l29\\\/#breadcrumb\"},\"inLanguage\":\"de\",\"potentialAction\":[{\"@type\":\"ReadAction\",\"target\":[\"https:\\\/\\\/www.alfred-scheerer.de\\\/shop\\\/product\\\/radkrallen-l25-l29\\\/\"]}]},{\"@type\":\"ImageObject\",\"inLanguage\":\"de\",\"@id\":\"https:\\\/\\\/www.alfred-scheerer.de\\\/shop\\\/product\\\/radkrallen-l25-l29\\\/#primaryimage\",\"url\":\"https:\\\/\\\/www.alfred-scheerer.de\\\/shop\\\/wp-content\\\/uploads\\\/2022\\\/12\\\/20230228_125929-rotated-1.jpg\",\"contentUrl\":\"https:\\\/\\\/www.alfred-scheerer.de\\\/shop\\\/wp-content\\\/uploads\\\/2022\\\/12\\\/20230228_125929-rotated-1.jpg\",\"width\":1200,\"height\":1200,\"caption\":\"Spikes L20 Twenty\"},{\"@type\":\"BreadcrumbList\",\"@id\":\"https:\\\/\\\/www.alfred-scheerer.de\\\/shop\\\/product\\\/radkrallen-l25-l29\\\/#breadcrumb\",\"itemListElement\":[{\"@type\":\"ListItem\",\"position\":1,\"name\":\"Startseite\",\"item\":\"https:\\\/\\\/www.alfred-scheerer.de\\\/shop\\\/\"},{\"@type\":\"ListItem\",\"position\":2,\"name\":\"Gartentechnik Scheerer &#8211; Der Online Shop f\u00fcr M\u00e4hroboter und Zubeh\u00f6r\",\"item\":\"https:\\\/\\\/www.alfred-scheerer.de\\\/shop\\\/\"},{\"@type\":\"ListItem\",\"position\":3,\"name\":\"Radkrallen Kit Ambrogio Twenty25 Twenty29, Wiper i-Serie, Techline\"}]},{\"@type\":\"WebSite\",\"@id\":\"https:\\\/\\\/www.alfred-scheerer.de\\\/shop\\\/#website\",\"url\":\"https:\\\/\\\/www.alfred-scheerer.de\\\/shop\\\/\",\"name\":\"Scheerer GmbH (ehem. Alfred Scheerer e.K.)\",\"description\":\"Der Online Shop aus Wermelskirchen f\u00fcr M\u00e4hroboter, Akku Gartenger\u00e4te, Ersatzteile und Zubeh\u00f6r\",\"publisher\":{\"@id\":\"https:\\\/\\\/www.alfred-scheerer.de\\\/shop\\\/#organization\"},\"potentialAction\":[{\"@type\":\"SearchAction\",\"target\":{\"@type\":\"EntryPoint\",\"urlTemplate\":\"https:\\\/\\\/www.alfred-scheerer.de\\\/shop\\\/?s={search_term_string}\"},\"query-input\":{\"@type\":\"PropertyValueSpecification\",\"valueRequired\":true,\"valueName\":\"search_term_string\"}}],\"inLanguage\":\"de\"},{\"@type\":\"Organization\",\"@id\":\"https:\\\/\\\/www.alfred-scheerer.de\\\/shop\\\/#organization\",\"name\":\"Scheerer GmbH\",\"url\":\"https:\\\/\\\/www.alfred-scheerer.de\\\/shop\\\/\",\"logo\":{\"@type\":\"ImageObject\",\"inLanguage\":\"de\",\"@id\":\"https:\\\/\\\/www.alfred-scheerer.de\\\/shop\\\/#\\\/schema\\\/logo\\\/image\\\/\",\"url\":\"https:\\\/\\\/alfred-scheerer.de\\\/shop\\\/wp-content\\\/uploads\\\/2024\\\/05\\\/baum.jpg\",\"contentUrl\":\"https:\\\/\\\/alfred-scheerer.de\\\/shop\\\/wp-content\\\/uploads\\\/2024\\\/05\\\/baum.jpg\",\"width\":512,\"height\":512,\"caption\":\"Scheerer GmbH\"},\"image\":{\"@id\":\"https:\\\/\\\/www.alfred-scheerer.de\\\/shop\\\/#\\\/schema\\\/logo\\\/image\\\/\"},\"sameAs\":[\"https:\\\/\\\/www.instagram.com\\\/alfredscheerer\\\/\"]}]}<\/script>\n<!-- \/ Yoast SEO plugin. -->","yoast_head_json":{"title":"Radkrallen Kit Ambrogio Twenty25 Twenty29, Wiper i-Serie, Techline - Gartentechnik Scheerer","description":"Optimieren Sie die Leistung Ihres Ambrogio Twenty M\u00e4hroboters mit Radkrallen Spikes! Unsere Spikes sorgen f\u00fcr eine optimale Traktion auf jedem Untergrund und halten selbst extremen Bedingungen stand. Bestellen Sie jetzt und genie\u00dfen Sie einen gepflegten Rasen ohne Rutsch- oder Blockierprobleme.","robots":{"index":"index","follow":"follow","max-snippet":"max-snippet:-1","max-image-preview":"max-image-preview:large","max-video-preview":"max-video-preview:-1"},"canonical":"https:\/\/www.alfred-scheerer.de\/shop\/product\/radkrallen-l25-l29\/","og_locale":"de_DE","og_type":"article","og_title":"Radkrallen Kit Ambrogio Twenty25 Twenty29, Wiper i-Serie, Techline - Gartentechnik Scheerer","og_description":"Optimieren Sie die Leistung Ihres Ambrogio Twenty M\u00e4hroboters mit Radkrallen Spikes! Unsere Spikes sorgen f\u00fcr eine optimale Traktion auf jedem Untergrund und halten selbst extremen Bedingungen stand. Bestellen Sie jetzt und genie\u00dfen Sie einen gepflegten Rasen ohne Rutsch- oder Blockierprobleme.","og_url":"https:\/\/www.alfred-scheerer.de\/shop\/product\/radkrallen-l25-l29\/","og_site_name":"Gartentechnik Scheerer","article_modified_time":"2026-03-13T10:45:29+00:00","og_image":[{"width":1200,"height":1200,"url":"https:\/\/www.alfred-scheerer.de\/shop\/wp-content\/uploads\/2022\/12\/20230228_125929-rotated-1.jpg","type":"image\/jpeg"}],"twitter_card":"summary_large_image","twitter_misc":{"Gesch\u00e4tzte Lesezeit":"1\u00a0Minute"},"schema":{"@context":"https:\/\/schema.org","@graph":[{"@type":"WebPage","@id":"https:\/\/www.alfred-scheerer.de\/shop\/product\/radkrallen-l25-l29\/","url":"https:\/\/www.alfred-scheerer.de\/shop\/product\/radkrallen-l25-l29\/","name":"Radkrallen Kit Ambrogio Twenty25 Twenty29, Wiper i-Serie, Techline - Gartentechnik Scheerer","isPartOf":{"@id":"https:\/\/www.alfred-scheerer.de\/shop\/#website"},"primaryImageOfPage":{"@id":"https:\/\/www.alfred-scheerer.de\/shop\/product\/radkrallen-l25-l29\/#primaryimage"},"image":{"@id":"https:\/\/www.alfred-scheerer.de\/shop\/product\/radkrallen-l25-l29\/#primaryimage"},"thumbnailUrl":"https:\/\/www.alfred-scheerer.de\/shop\/wp-content\/uploads\/2022\/12\/20230228_125929-rotated-1.jpg","datePublished":"2023-02-28T17:41:24+00:00","dateModified":"2026-03-13T10:45:29+00:00","description":"Optimieren Sie die Leistung Ihres Ambrogio Twenty M\u00e4hroboters mit Radkrallen Spikes! Unsere Spikes sorgen f\u00fcr eine optimale Traktion auf jedem Untergrund und halten selbst extremen Bedingungen stand. Bestellen Sie jetzt und genie\u00dfen Sie einen gepflegten Rasen ohne Rutsch- oder Blockierprobleme.","breadcrumb":{"@id":"https:\/\/www.alfred-scheerer.de\/shop\/product\/radkrallen-l25-l29\/#breadcrumb"},"inLanguage":"de","potentialAction":[{"@type":"ReadAction","target":["https:\/\/www.alfred-scheerer.de\/shop\/product\/radkrallen-l25-l29\/"]}]},{"@type":"ImageObject","inLanguage":"de","@id":"https:\/\/www.alfred-scheerer.de\/shop\/product\/radkrallen-l25-l29\/#primaryimage","url":"https:\/\/www.alfred-scheerer.de\/shop\/wp-content\/uploads\/2022\/12\/20230228_125929-rotated-1.jpg","contentUrl":"https:\/\/www.alfred-scheerer.de\/shop\/wp-content\/uploads\/2022\/12\/20230228_125929-rotated-1.jpg","width":1200,"height":1200,"caption":"Spikes L20 Twenty"},{"@type":"BreadcrumbList","@id":"https:\/\/www.alfred-scheerer.de\/shop\/product\/radkrallen-l25-l29\/#breadcrumb","itemListElement":[{"@type":"ListItem","position":1,"name":"Startseite","item":"https:\/\/www.alfred-scheerer.de\/shop\/"},{"@type":"ListItem","position":2,"name":"Gartentechnik Scheerer &#8211; Der Online Shop f\u00fcr M\u00e4hroboter und Zubeh\u00f6r","item":"https:\/\/www.alfred-scheerer.de\/shop\/"},{"@type":"ListItem","position":3,"name":"Radkrallen Kit Ambrogio Twenty25 Twenty29, Wiper i-Serie, Techline"}]},{"@type":"WebSite","@id":"https:\/\/www.alfred-scheerer.de\/shop\/#website","url":"https:\/\/www.alfred-scheerer.de\/shop\/","name":"Scheerer GmbH (ehem. Alfred Scheerer e.K.)","description":"Der Online Shop aus Wermelskirchen f\u00fcr M\u00e4hroboter, Akku Gartenger\u00e4te, Ersatzteile und Zubeh\u00f6r","publisher":{"@id":"https:\/\/www.alfred-scheerer.de\/shop\/#organization"},"potentialAction":[{"@type":"SearchAction","target":{"@type":"EntryPoint","urlTemplate":"https:\/\/www.alfred-scheerer.de\/shop\/?s={search_term_string}"},"query-input":{"@type":"PropertyValueSpecification","valueRequired":true,"valueName":"search_term_string"}}],"inLanguage":"de"},{"@type":"Organization","@id":"https:\/\/www.alfred-scheerer.de\/shop\/#organization","name":"Scheerer GmbH","url":"https:\/\/www.alfred-scheerer.de\/shop\/","logo":{"@type":"ImageObject","inLanguage":"de","@id":"https:\/\/www.alfred-scheerer.de\/shop\/#\/schema\/logo\/image\/","url":"https:\/\/alfred-scheerer.de\/shop\/wp-content\/uploads\/2024\/05\/baum.jpg","contentUrl":"https:\/\/alfred-scheerer.de\/shop\/wp-content\/uploads\/2024\/05\/baum.jpg","width":512,"height":512,"caption":"Scheerer GmbH"},"image":{"@id":"https:\/\/www.alfred-scheerer.de\/shop\/#\/schema\/logo\/image\/"},"sameAs":["https:\/\/www.instagram.com\/alfredscheerer\/"]}]}},"_links":{"self":[{"href":"https:\/\/www.alfred-scheerer.de\/shop\/wp-json\/wp\/v2\/product\/7270","targetHints":{"allow":["GET"]}}],"collection":[{"href":"https:\/\/www.alfred-scheerer.de\/shop\/wp-json\/wp\/v2\/product"}],"about":[{"href":"https:\/\/www.alfred-scheerer.de\/shop\/wp-json\/wp\/v2\/types\/product"}],"wp:featuredmedia":[{"embeddable":true,"href":"https:\/\/www.alfred-scheerer.de\/shop\/wp-json\/wp\/v2\/media\/8897"}],"wp:attachment":[{"href":"https:\/\/www.alfred-scheerer.de\/shop\/wp-json\/wp\/v2\/media?parent=7270"}],"wp:term":[{"taxonomy":"product_brand","embeddable":true,"href":"https:\/\/www.alfred-scheerer.de\/shop\/wp-json\/wp\/v2\/product_brand?post=7270"},{"taxonomy":"product_cat","embeddable":true,"href":"https:\/\/www.alfred-scheerer.de\/shop\/wp-json\/wp\/v2\/product_cat?post=7270"},{"taxonomy":"product_tag","embeddable":true,"href":"https:\/\/www.alfred-scheerer.de\/shop\/wp-json\/wp\/v2\/product_tag?post=7270"}],"curies":[{"name":"wp","href":"https:\/\/api.w.org\/{rel}","templated":true}]}}