{"id":7506,"date":"2023-03-30T20:11:50","date_gmt":"2023-03-30T18:11:50","guid":{"rendered":"https:\/\/alfred-scheerer.de\/shop\/?post_type=product&#038;p=7506"},"modified":"2026-04-08T13:24:36","modified_gmt":"2026-04-08T11:24:36","slug":"messer-29-cm-8-stern-200z05300a","status":"publish","type":"product","link":"https:\/\/www.alfred-scheerer.de\/shop\/product\/messer-29-cm-8-stern-200z05300a\/","title":{"rendered":"Messer 29 cm 8-Stern Ambrogio Wiper Techline 200Z05300A Nachbauteil"},"content":{"rendered":"<p>8-Zahn Messer aus Federstahl, Durchmesser 29cm<br \/>\nNachbauteil in Erstausr\u00fcster Qualit\u00e4t<\/p>\n<p>passend f\u00fcr:<br \/>\nAmbrogio: Twenty 29, L85 Elite, L200, L210, L250, L400<br \/>\nStiga Autoclip: 325, 328S, 520, 522, 523, 524S, 525, 525S, 527, 527S, 528S, 530 SG<br \/>\nTechline: L25, S25i, DX2.9, LX2.9, B40i, D40i<br \/>\nWiper: i350S, Runner, Joy, Walker, F28, F35S, F50S, Yard<\/p>\n<p>Referenznummer:<br \/>\nAmbrogio, Techline, Wiper, ZCS: 200Z05300A, 200_Z0530_0A<br \/>\nStiga: 1126-9111-01<br \/>\nRatioparts: 26-702<\/p>\n","protected":false},"excerpt":{"rendered":"<p>8 Stern Messer aus Federstahl, Durchmesser 29cm<br \/>\nNachbauteil in Erstausr\u00fcster Qualit\u00e4t<\/p>\n<p>passend f\u00fcr:<br \/>\nAmbrogio: Twenty 29, L85 Elite, L200, L210, L250, L400<br \/>\nStiga Autoclip: 325, 328S, 520, 522, 523, 524S, 525, 525S, 527, 527S, 528S, 530 SG<br \/>\nTechline: L25, S25i, DX2.9, LX2.9, B40i, D40i<br \/>\nWiper: i350S, Runner, Joy, Walker, F28, F35S, F50S, Yard<\/p>\n<p>Referenznummer:<br \/>\nAmbrogio, Techline, Wiper, ZCS: 200Z05300A, 200_Z0530_0A<br \/>\nStiga: 1126-9111-01<br \/>\nRatioparts: 26-702<\/p>\n","protected":false},"featured_media":7507,"template":"","meta":[],"product_brand":[],"product_cat":[94,98,1425,99,1567,100,103,108,312,358],"product_tag":[396,582,53,611,421,583,84,617,428,584,618,460,585,528,586,576,587,1583,577,606,578,607,579,608,580,609,581,610],"class_list":{"0":"post-7506","1":"product","2":"type-product","3":"status-publish","4":"has-post-thumbnail","6":"product_cat-ambrogio-ersatzteile-zubehoer","7":"product_cat-l85","8":"product_cat-ambrogio-ersatzmesser","9":"product_cat-l200-l210","10":"product_cat-twenty-29","11":"product_cat-l250-l250i","12":"product_cat-l400-l400i","13":"product_cat-stiga-ersatzteile-zubehoer","14":"product_cat-wiper-ersatzteile-zubehoer","15":"product_cat-l200r","16":"product_tag-ersatzmesser","17":"product_tag-wiper-ersatzmesser","18":"product_tag-ambrogio","19":"product_tag-autoclip-ersatzmesser","20":"product_tag-messer","21":"product_tag-techline-ersatzmesser","22":"product_tag-l250","23":"product_tag-ersatzmesser-29-cm","24":"product_tag-ersatzteile","25":"product_tag-maehroboter-messer","26":"product_tag-ersatzmesser-29cm","27":"product_tag-ambrogio-ersatzteile","28":"product_tag-techline-messer","29":"product_tag-ambrogio-messer","30":"product_tag-maehroboter-ersatzmesser","31":"product_tag-ambrogio-ersatzmesser","32":"product_tag-maehroboter-klinge","33":"product_tag-8-stern","34":"product_tag-messer-l250","35":"product_tag-stiga-messer","36":"product_tag-messer-l85","37":"product_tag-autoclip-messer","38":"product_tag-messer-quad","39":"product_tag-messer-29-cm","40":"product_tag-messer-l400","41":"product_tag-messer-29cm","42":"product_tag-wiper-messer","43":"product_tag-stiga-ersatzmesser","45":"first","46":"outofstock","47":"taxable","48":"shipping-taxable","49":"purchasable","50":"product-type-simple"},"yoast_head":"<!-- This site is optimized with the Yoast SEO plugin v27.4 - https:\/\/yoast.com\/product\/yoast-seo-wordpress\/ -->\n<title>Messer 29 cm 8-Stern Ambrogio Wiper Techline 200Z05300A Nachbauteil - Gartentechnik Scheerer<\/title>\n<meta name=\"robots\" content=\"index, follow, max-snippet:-1, max-image-preview:large, max-video-preview:-1\" \/>\n<link rel=\"canonical\" href=\"https:\/\/www.alfred-scheerer.de\/shop\/product\/messer-29-cm-8-stern-200z05300a\/\" \/>\n<meta property=\"og:locale\" content=\"de_DE\" \/>\n<meta property=\"og:type\" content=\"article\" \/>\n<meta property=\"og:title\" content=\"Messer 29 cm 8-Stern Ambrogio Wiper Techline 200Z05300A Nachbauteil - Gartentechnik Scheerer\" \/>\n<meta property=\"og:description\" content=\"8 Stern Messer aus Federstahl, Durchmesser 29cm Nachbauteil in Erstausr\u00fcster Qualit\u00e4t  passend f\u00fcr: Ambrogio: Twenty 29, L85 Elite, L200, L210, L250, L400 Stiga Autoclip: 325, 328S, 520, 522, 523, 524S, 525, 525S, 527, 527S, 528S, 530 SG Techline: L25, S25i, DX2.9, LX2.9, B40i, D40i Wiper: i350S, Runner, Joy, Walker, F28, F35S, F50S, Yard  Referenznummer: Ambrogio, Techline, Wiper, ZCS: 200Z05300A, 200_Z0530_0A Stiga: 1126-9111-01 Ratioparts: 26-702\" \/>\n<meta property=\"og:url\" content=\"https:\/\/www.alfred-scheerer.de\/shop\/product\/messer-29-cm-8-stern-200z05300a\/\" \/>\n<meta property=\"og:site_name\" content=\"Gartentechnik Scheerer\" \/>\n<meta property=\"article:modified_time\" content=\"2026-04-08T11:24:36+00:00\" \/>\n<meta property=\"og:image\" content=\"https:\/\/www.alfred-scheerer.de\/shop\/wp-content\/uploads\/2023\/03\/8-Stern-Messer-200Z05300A.jpg\" \/>\n\t<meta property=\"og:image:width\" content=\"2304\" \/>\n\t<meta property=\"og:image:height\" content=\"2304\" \/>\n\t<meta property=\"og:image:type\" content=\"image\/jpeg\" \/>\n<meta name=\"twitter:card\" content=\"summary_large_image\" \/>\n<script type=\"application\/ld+json\" class=\"yoast-schema-graph\">{\"@context\":\"https:\\\/\\\/schema.org\",\"@graph\":[{\"@type\":\"WebPage\",\"@id\":\"https:\\\/\\\/www.alfred-scheerer.de\\\/shop\\\/product\\\/messer-29-cm-8-stern-200z05300a\\\/\",\"url\":\"https:\\\/\\\/www.alfred-scheerer.de\\\/shop\\\/product\\\/messer-29-cm-8-stern-200z05300a\\\/\",\"name\":\"Messer 29 cm 8-Stern Ambrogio Wiper Techline 200Z05300A Nachbauteil - Gartentechnik Scheerer\",\"isPartOf\":{\"@id\":\"https:\\\/\\\/www.alfred-scheerer.de\\\/shop\\\/#website\"},\"primaryImageOfPage\":{\"@id\":\"https:\\\/\\\/www.alfred-scheerer.de\\\/shop\\\/product\\\/messer-29-cm-8-stern-200z05300a\\\/#primaryimage\"},\"image\":{\"@id\":\"https:\\\/\\\/www.alfred-scheerer.de\\\/shop\\\/product\\\/messer-29-cm-8-stern-200z05300a\\\/#primaryimage\"},\"thumbnailUrl\":\"https:\\\/\\\/www.alfred-scheerer.de\\\/shop\\\/wp-content\\\/uploads\\\/2023\\\/03\\\/8-Stern-Messer-200Z05300A.jpg\",\"datePublished\":\"2023-03-30T18:11:50+00:00\",\"dateModified\":\"2026-04-08T11:24:36+00:00\",\"breadcrumb\":{\"@id\":\"https:\\\/\\\/www.alfred-scheerer.de\\\/shop\\\/product\\\/messer-29-cm-8-stern-200z05300a\\\/#breadcrumb\"},\"inLanguage\":\"de\",\"potentialAction\":[{\"@type\":\"ReadAction\",\"target\":[\"https:\\\/\\\/www.alfred-scheerer.de\\\/shop\\\/product\\\/messer-29-cm-8-stern-200z05300a\\\/\"]}]},{\"@type\":\"ImageObject\",\"inLanguage\":\"de\",\"@id\":\"https:\\\/\\\/www.alfred-scheerer.de\\\/shop\\\/product\\\/messer-29-cm-8-stern-200z05300a\\\/#primaryimage\",\"url\":\"https:\\\/\\\/www.alfred-scheerer.de\\\/shop\\\/wp-content\\\/uploads\\\/2023\\\/03\\\/8-Stern-Messer-200Z05300A.jpg\",\"contentUrl\":\"https:\\\/\\\/www.alfred-scheerer.de\\\/shop\\\/wp-content\\\/uploads\\\/2023\\\/03\\\/8-Stern-Messer-200Z05300A.jpg\",\"width\":2304,\"height\":2304,\"caption\":\"Ersatzmesser Ambrogio\"},{\"@type\":\"BreadcrumbList\",\"@id\":\"https:\\\/\\\/www.alfred-scheerer.de\\\/shop\\\/product\\\/messer-29-cm-8-stern-200z05300a\\\/#breadcrumb\",\"itemListElement\":[{\"@type\":\"ListItem\",\"position\":1,\"name\":\"Startseite\",\"item\":\"https:\\\/\\\/www.alfred-scheerer.de\\\/shop\\\/\"},{\"@type\":\"ListItem\",\"position\":2,\"name\":\"Gartentechnik Scheerer &#8211; Der Online Shop f\u00fcr M\u00e4hroboter und Zubeh\u00f6r\",\"item\":\"https:\\\/\\\/www.alfred-scheerer.de\\\/shop\\\/\"},{\"@type\":\"ListItem\",\"position\":3,\"name\":\"Messer 29 cm 8-Stern Ambrogio Wiper Techline 200Z05300A Nachbauteil\"}]},{\"@type\":\"WebSite\",\"@id\":\"https:\\\/\\\/www.alfred-scheerer.de\\\/shop\\\/#website\",\"url\":\"https:\\\/\\\/www.alfred-scheerer.de\\\/shop\\\/\",\"name\":\"Scheerer GmbH (ehem. Alfred Scheerer e.K.)\",\"description\":\"Der Online Shop aus Wermelskirchen f\u00fcr M\u00e4hroboter, Akku Gartenger\u00e4te, Ersatzteile und Zubeh\u00f6r\",\"publisher\":{\"@id\":\"https:\\\/\\\/www.alfred-scheerer.de\\\/shop\\\/#organization\"},\"potentialAction\":[{\"@type\":\"SearchAction\",\"target\":{\"@type\":\"EntryPoint\",\"urlTemplate\":\"https:\\\/\\\/www.alfred-scheerer.de\\\/shop\\\/?s={search_term_string}\"},\"query-input\":{\"@type\":\"PropertyValueSpecification\",\"valueRequired\":true,\"valueName\":\"search_term_string\"}}],\"inLanguage\":\"de\"},{\"@type\":\"Organization\",\"@id\":\"https:\\\/\\\/www.alfred-scheerer.de\\\/shop\\\/#organization\",\"name\":\"Scheerer GmbH\",\"url\":\"https:\\\/\\\/www.alfred-scheerer.de\\\/shop\\\/\",\"logo\":{\"@type\":\"ImageObject\",\"inLanguage\":\"de\",\"@id\":\"https:\\\/\\\/www.alfred-scheerer.de\\\/shop\\\/#\\\/schema\\\/logo\\\/image\\\/\",\"url\":\"https:\\\/\\\/alfred-scheerer.de\\\/shop\\\/wp-content\\\/uploads\\\/2024\\\/05\\\/baum.jpg\",\"contentUrl\":\"https:\\\/\\\/alfred-scheerer.de\\\/shop\\\/wp-content\\\/uploads\\\/2024\\\/05\\\/baum.jpg\",\"width\":512,\"height\":512,\"caption\":\"Scheerer GmbH\"},\"image\":{\"@id\":\"https:\\\/\\\/www.alfred-scheerer.de\\\/shop\\\/#\\\/schema\\\/logo\\\/image\\\/\"},\"sameAs\":[\"https:\\\/\\\/www.instagram.com\\\/alfredscheerer\\\/\"]}]}<\/script>\n<!-- \/ Yoast SEO plugin. -->","yoast_head_json":{"title":"Messer 29 cm 8-Stern Ambrogio Wiper Techline 200Z05300A Nachbauteil - Gartentechnik Scheerer","robots":{"index":"index","follow":"follow","max-snippet":"max-snippet:-1","max-image-preview":"max-image-preview:large","max-video-preview":"max-video-preview:-1"},"canonical":"https:\/\/www.alfred-scheerer.de\/shop\/product\/messer-29-cm-8-stern-200z05300a\/","og_locale":"de_DE","og_type":"article","og_title":"Messer 29 cm 8-Stern Ambrogio Wiper Techline 200Z05300A Nachbauteil - Gartentechnik Scheerer","og_description":"8 Stern Messer aus Federstahl, Durchmesser 29cm Nachbauteil in Erstausr\u00fcster Qualit\u00e4t  passend f\u00fcr: Ambrogio: Twenty 29, L85 Elite, L200, L210, L250, L400 Stiga Autoclip: 325, 328S, 520, 522, 523, 524S, 525, 525S, 527, 527S, 528S, 530 SG Techline: L25, S25i, DX2.9, LX2.9, B40i, D40i Wiper: i350S, Runner, Joy, Walker, F28, F35S, F50S, Yard  Referenznummer: Ambrogio, Techline, Wiper, ZCS: 200Z05300A, 200_Z0530_0A Stiga: 1126-9111-01 Ratioparts: 26-702","og_url":"https:\/\/www.alfred-scheerer.de\/shop\/product\/messer-29-cm-8-stern-200z05300a\/","og_site_name":"Gartentechnik Scheerer","article_modified_time":"2026-04-08T11:24:36+00:00","og_image":[{"width":2304,"height":2304,"url":"https:\/\/www.alfred-scheerer.de\/shop\/wp-content\/uploads\/2023\/03\/8-Stern-Messer-200Z05300A.jpg","type":"image\/jpeg"}],"twitter_card":"summary_large_image","schema":{"@context":"https:\/\/schema.org","@graph":[{"@type":"WebPage","@id":"https:\/\/www.alfred-scheerer.de\/shop\/product\/messer-29-cm-8-stern-200z05300a\/","url":"https:\/\/www.alfred-scheerer.de\/shop\/product\/messer-29-cm-8-stern-200z05300a\/","name":"Messer 29 cm 8-Stern Ambrogio Wiper Techline 200Z05300A Nachbauteil - Gartentechnik Scheerer","isPartOf":{"@id":"https:\/\/www.alfred-scheerer.de\/shop\/#website"},"primaryImageOfPage":{"@id":"https:\/\/www.alfred-scheerer.de\/shop\/product\/messer-29-cm-8-stern-200z05300a\/#primaryimage"},"image":{"@id":"https:\/\/www.alfred-scheerer.de\/shop\/product\/messer-29-cm-8-stern-200z05300a\/#primaryimage"},"thumbnailUrl":"https:\/\/www.alfred-scheerer.de\/shop\/wp-content\/uploads\/2023\/03\/8-Stern-Messer-200Z05300A.jpg","datePublished":"2023-03-30T18:11:50+00:00","dateModified":"2026-04-08T11:24:36+00:00","breadcrumb":{"@id":"https:\/\/www.alfred-scheerer.de\/shop\/product\/messer-29-cm-8-stern-200z05300a\/#breadcrumb"},"inLanguage":"de","potentialAction":[{"@type":"ReadAction","target":["https:\/\/www.alfred-scheerer.de\/shop\/product\/messer-29-cm-8-stern-200z05300a\/"]}]},{"@type":"ImageObject","inLanguage":"de","@id":"https:\/\/www.alfred-scheerer.de\/shop\/product\/messer-29-cm-8-stern-200z05300a\/#primaryimage","url":"https:\/\/www.alfred-scheerer.de\/shop\/wp-content\/uploads\/2023\/03\/8-Stern-Messer-200Z05300A.jpg","contentUrl":"https:\/\/www.alfred-scheerer.de\/shop\/wp-content\/uploads\/2023\/03\/8-Stern-Messer-200Z05300A.jpg","width":2304,"height":2304,"caption":"Ersatzmesser Ambrogio"},{"@type":"BreadcrumbList","@id":"https:\/\/www.alfred-scheerer.de\/shop\/product\/messer-29-cm-8-stern-200z05300a\/#breadcrumb","itemListElement":[{"@type":"ListItem","position":1,"name":"Startseite","item":"https:\/\/www.alfred-scheerer.de\/shop\/"},{"@type":"ListItem","position":2,"name":"Gartentechnik Scheerer &#8211; Der Online Shop f\u00fcr M\u00e4hroboter und Zubeh\u00f6r","item":"https:\/\/www.alfred-scheerer.de\/shop\/"},{"@type":"ListItem","position":3,"name":"Messer 29 cm 8-Stern Ambrogio Wiper Techline 200Z05300A Nachbauteil"}]},{"@type":"WebSite","@id":"https:\/\/www.alfred-scheerer.de\/shop\/#website","url":"https:\/\/www.alfred-scheerer.de\/shop\/","name":"Scheerer GmbH (ehem. Alfred Scheerer e.K.)","description":"Der Online Shop aus Wermelskirchen f\u00fcr M\u00e4hroboter, Akku Gartenger\u00e4te, Ersatzteile und Zubeh\u00f6r","publisher":{"@id":"https:\/\/www.alfred-scheerer.de\/shop\/#organization"},"potentialAction":[{"@type":"SearchAction","target":{"@type":"EntryPoint","urlTemplate":"https:\/\/www.alfred-scheerer.de\/shop\/?s={search_term_string}"},"query-input":{"@type":"PropertyValueSpecification","valueRequired":true,"valueName":"search_term_string"}}],"inLanguage":"de"},{"@type":"Organization","@id":"https:\/\/www.alfred-scheerer.de\/shop\/#organization","name":"Scheerer GmbH","url":"https:\/\/www.alfred-scheerer.de\/shop\/","logo":{"@type":"ImageObject","inLanguage":"de","@id":"https:\/\/www.alfred-scheerer.de\/shop\/#\/schema\/logo\/image\/","url":"https:\/\/alfred-scheerer.de\/shop\/wp-content\/uploads\/2024\/05\/baum.jpg","contentUrl":"https:\/\/alfred-scheerer.de\/shop\/wp-content\/uploads\/2024\/05\/baum.jpg","width":512,"height":512,"caption":"Scheerer GmbH"},"image":{"@id":"https:\/\/www.alfred-scheerer.de\/shop\/#\/schema\/logo\/image\/"},"sameAs":["https:\/\/www.instagram.com\/alfredscheerer\/"]}]}},"_links":{"self":[{"href":"https:\/\/www.alfred-scheerer.de\/shop\/wp-json\/wp\/v2\/product\/7506","targetHints":{"allow":["GET"]}}],"collection":[{"href":"https:\/\/www.alfred-scheerer.de\/shop\/wp-json\/wp\/v2\/product"}],"about":[{"href":"https:\/\/www.alfred-scheerer.de\/shop\/wp-json\/wp\/v2\/types\/product"}],"wp:featuredmedia":[{"embeddable":true,"href":"https:\/\/www.alfred-scheerer.de\/shop\/wp-json\/wp\/v2\/media\/7507"}],"wp:attachment":[{"href":"https:\/\/www.alfred-scheerer.de\/shop\/wp-json\/wp\/v2\/media?parent=7506"}],"wp:term":[{"taxonomy":"product_brand","embeddable":true,"href":"https:\/\/www.alfred-scheerer.de\/shop\/wp-json\/wp\/v2\/product_brand?post=7506"},{"taxonomy":"product_cat","embeddable":true,"href":"https:\/\/www.alfred-scheerer.de\/shop\/wp-json\/wp\/v2\/product_cat?post=7506"},{"taxonomy":"product_tag","embeddable":true,"href":"https:\/\/www.alfred-scheerer.de\/shop\/wp-json\/wp\/v2\/product_tag?post=7506"}],"curies":[{"name":"wp","href":"https:\/\/api.w.org\/{rel}","templated":true}]}}