{"id":9277,"date":"2023-08-31T16:54:59","date_gmt":"2023-08-31T14:54:59","guid":{"rendered":"https:\/\/alfred-scheerer.de\/shop\/?post_type=product&#038;p=9277"},"modified":"2025-04-09T16:47:00","modified_gmt":"2025-04-09T14:47:00","slug":"vorderrad-links-kpl-ambrogio-4-0-4-36-ab-2021-042z14700c_r","status":"publish","type":"product","link":"https:\/\/www.alfred-scheerer.de\/shop\/product\/vorderrad-links-kpl-ambrogio-4-0-4-36-ab-2021-042z14700c_r\/","title":{"rendered":"Vorderrad links kpl. Ambrogio 4.0 4.36 ab 2021 042Z14700C_R"},"content":{"rendered":"<p>Komplettes Vorderrad links mit Radgabel u. Kunststoff Radschutzb\u00fcgel<\/p>\n<p>passend f\u00fcr:<br \/>\nAmbrogio: 4.0, 4.36<\/p>\n","protected":false},"excerpt":{"rendered":"<p>Komplettes Vorderrad links mit Radgabel u. Kunststoff Radschutzb\u00fcgel<\/p>\n<p>passend f\u00fcr:<br \/>\nAmbrogio: 4.0, 4.36<\/p>\n","protected":false},"featured_media":9276,"template":"","meta":[],"product_brand":[1756],"product_cat":[305,1432,1433],"product_tag":[],"class_list":{"0":"post-9277","1":"product","2":"type-product","3":"status-publish","4":"has-post-thumbnail","6":"product_brand-ambrogio","7":"product_cat-4-0-basic","8":"product_cat-4-36","9":"product_cat-4-0-elite","11":"first","12":"instock","13":"taxable","14":"shipping-taxable","15":"purchasable","16":"product-type-simple"},"yoast_head":"<!-- This site is optimized with the Yoast SEO plugin v27.4 - https:\/\/yoast.com\/product\/yoast-seo-wordpress\/ -->\n<title>Vorderrad links kpl. Ambrogio 4.0 4.36 ab 2021 042Z14700C_R - Gartentechnik Scheerer<\/title>\n<meta name=\"robots\" content=\"index, follow, max-snippet:-1, max-image-preview:large, max-video-preview:-1\" \/>\n<link rel=\"canonical\" href=\"https:\/\/www.alfred-scheerer.de\/shop\/product\/vorderrad-links-kpl-ambrogio-4-0-4-36-ab-2021-042z14700c_r\/\" \/>\n<meta property=\"og:locale\" content=\"de_DE\" \/>\n<meta property=\"og:type\" content=\"article\" \/>\n<meta property=\"og:title\" content=\"Vorderrad links kpl. Ambrogio 4.0 4.36 ab 2021 042Z14700C_R - Gartentechnik Scheerer\" \/>\n<meta property=\"og:description\" content=\"Komplettes Vorderrad links mit Radgabel u. Kunststoff Radschutzb\u00fcgel  passend f\u00fcr: Ambrogio: 4.0, 4.36\" \/>\n<meta property=\"og:url\" content=\"https:\/\/www.alfred-scheerer.de\/shop\/product\/vorderrad-links-kpl-ambrogio-4-0-4-36-ab-2021-042z14700c_r\/\" \/>\n<meta property=\"og:site_name\" content=\"Gartentechnik Scheerer\" \/>\n<meta property=\"article:modified_time\" content=\"2025-04-09T14:47:00+00:00\" \/>\n<meta property=\"og:image\" content=\"https:\/\/www.alfred-scheerer.de\/shop\/wp-content\/uploads\/2023\/04\/Vorderrad-links-4.0-4.36-042Z14700C_R.jpg\" \/>\n\t<meta property=\"og:image:width\" content=\"1920\" \/>\n\t<meta property=\"og:image:height\" content=\"2560\" \/>\n\t<meta property=\"og:image:type\" content=\"image\/jpeg\" \/>\n<meta name=\"twitter:card\" content=\"summary_large_image\" \/>\n<script type=\"application\/ld+json\" class=\"yoast-schema-graph\">{\"@context\":\"https:\\\/\\\/schema.org\",\"@graph\":[{\"@type\":\"WebPage\",\"@id\":\"https:\\\/\\\/www.alfred-scheerer.de\\\/shop\\\/product\\\/vorderrad-links-kpl-ambrogio-4-0-4-36-ab-2021-042z14700c_r\\\/\",\"url\":\"https:\\\/\\\/www.alfred-scheerer.de\\\/shop\\\/product\\\/vorderrad-links-kpl-ambrogio-4-0-4-36-ab-2021-042z14700c_r\\\/\",\"name\":\"Vorderrad links kpl. Ambrogio 4.0 4.36 ab 2021 042Z14700C_R - Gartentechnik Scheerer\",\"isPartOf\":{\"@id\":\"https:\\\/\\\/www.alfred-scheerer.de\\\/shop\\\/#website\"},\"primaryImageOfPage\":{\"@id\":\"https:\\\/\\\/www.alfred-scheerer.de\\\/shop\\\/product\\\/vorderrad-links-kpl-ambrogio-4-0-4-36-ab-2021-042z14700c_r\\\/#primaryimage\"},\"image\":{\"@id\":\"https:\\\/\\\/www.alfred-scheerer.de\\\/shop\\\/product\\\/vorderrad-links-kpl-ambrogio-4-0-4-36-ab-2021-042z14700c_r\\\/#primaryimage\"},\"thumbnailUrl\":\"https:\\\/\\\/www.alfred-scheerer.de\\\/shop\\\/wp-content\\\/uploads\\\/2023\\\/04\\\/Vorderrad-links-4.0-4.36-042Z14700C_R.jpg\",\"datePublished\":\"2023-08-31T14:54:59+00:00\",\"dateModified\":\"2025-04-09T14:47:00+00:00\",\"breadcrumb\":{\"@id\":\"https:\\\/\\\/www.alfred-scheerer.de\\\/shop\\\/product\\\/vorderrad-links-kpl-ambrogio-4-0-4-36-ab-2021-042z14700c_r\\\/#breadcrumb\"},\"inLanguage\":\"de\",\"potentialAction\":[{\"@type\":\"ReadAction\",\"target\":[\"https:\\\/\\\/www.alfred-scheerer.de\\\/shop\\\/product\\\/vorderrad-links-kpl-ambrogio-4-0-4-36-ab-2021-042z14700c_r\\\/\"]}]},{\"@type\":\"ImageObject\",\"inLanguage\":\"de\",\"@id\":\"https:\\\/\\\/www.alfred-scheerer.de\\\/shop\\\/product\\\/vorderrad-links-kpl-ambrogio-4-0-4-36-ab-2021-042z14700c_r\\\/#primaryimage\",\"url\":\"https:\\\/\\\/www.alfred-scheerer.de\\\/shop\\\/wp-content\\\/uploads\\\/2023\\\/04\\\/Vorderrad-links-4.0-4.36-042Z14700C_R.jpg\",\"contentUrl\":\"https:\\\/\\\/www.alfred-scheerer.de\\\/shop\\\/wp-content\\\/uploads\\\/2023\\\/04\\\/Vorderrad-links-4.0-4.36-042Z14700C_R.jpg\",\"width\":1920,\"height\":2560},{\"@type\":\"BreadcrumbList\",\"@id\":\"https:\\\/\\\/www.alfred-scheerer.de\\\/shop\\\/product\\\/vorderrad-links-kpl-ambrogio-4-0-4-36-ab-2021-042z14700c_r\\\/#breadcrumb\",\"itemListElement\":[{\"@type\":\"ListItem\",\"position\":1,\"name\":\"Startseite\",\"item\":\"https:\\\/\\\/www.alfred-scheerer.de\\\/shop\\\/\"},{\"@type\":\"ListItem\",\"position\":2,\"name\":\"Gartentechnik Scheerer &#8211; Der Online Shop f\u00fcr M\u00e4hroboter und Zubeh\u00f6r\",\"item\":\"https:\\\/\\\/www.alfred-scheerer.de\\\/shop\\\/\"},{\"@type\":\"ListItem\",\"position\":3,\"name\":\"Vorderrad links kpl. Ambrogio 4.0 4.36 ab 2021 042Z14700C_R\"}]},{\"@type\":\"WebSite\",\"@id\":\"https:\\\/\\\/www.alfred-scheerer.de\\\/shop\\\/#website\",\"url\":\"https:\\\/\\\/www.alfred-scheerer.de\\\/shop\\\/\",\"name\":\"Scheerer GmbH (ehem. Alfred Scheerer e.K.)\",\"description\":\"Der Online Shop aus Wermelskirchen f\u00fcr M\u00e4hroboter, Akku Gartenger\u00e4te, Ersatzteile und Zubeh\u00f6r\",\"publisher\":{\"@id\":\"https:\\\/\\\/www.alfred-scheerer.de\\\/shop\\\/#organization\"},\"potentialAction\":[{\"@type\":\"SearchAction\",\"target\":{\"@type\":\"EntryPoint\",\"urlTemplate\":\"https:\\\/\\\/www.alfred-scheerer.de\\\/shop\\\/?s={search_term_string}\"},\"query-input\":{\"@type\":\"PropertyValueSpecification\",\"valueRequired\":true,\"valueName\":\"search_term_string\"}}],\"inLanguage\":\"de\"},{\"@type\":\"Organization\",\"@id\":\"https:\\\/\\\/www.alfred-scheerer.de\\\/shop\\\/#organization\",\"name\":\"Scheerer GmbH\",\"url\":\"https:\\\/\\\/www.alfred-scheerer.de\\\/shop\\\/\",\"logo\":{\"@type\":\"ImageObject\",\"inLanguage\":\"de\",\"@id\":\"https:\\\/\\\/www.alfred-scheerer.de\\\/shop\\\/#\\\/schema\\\/logo\\\/image\\\/\",\"url\":\"https:\\\/\\\/alfred-scheerer.de\\\/shop\\\/wp-content\\\/uploads\\\/2024\\\/05\\\/baum.jpg\",\"contentUrl\":\"https:\\\/\\\/alfred-scheerer.de\\\/shop\\\/wp-content\\\/uploads\\\/2024\\\/05\\\/baum.jpg\",\"width\":512,\"height\":512,\"caption\":\"Scheerer GmbH\"},\"image\":{\"@id\":\"https:\\\/\\\/www.alfred-scheerer.de\\\/shop\\\/#\\\/schema\\\/logo\\\/image\\\/\"},\"sameAs\":[\"https:\\\/\\\/www.instagram.com\\\/alfredscheerer\\\/\"]}]}<\/script>\n<!-- \/ Yoast SEO plugin. -->","yoast_head_json":{"title":"Vorderrad links kpl. Ambrogio 4.0 4.36 ab 2021 042Z14700C_R - Gartentechnik Scheerer","robots":{"index":"index","follow":"follow","max-snippet":"max-snippet:-1","max-image-preview":"max-image-preview:large","max-video-preview":"max-video-preview:-1"},"canonical":"https:\/\/www.alfred-scheerer.de\/shop\/product\/vorderrad-links-kpl-ambrogio-4-0-4-36-ab-2021-042z14700c_r\/","og_locale":"de_DE","og_type":"article","og_title":"Vorderrad links kpl. Ambrogio 4.0 4.36 ab 2021 042Z14700C_R - Gartentechnik Scheerer","og_description":"Komplettes Vorderrad links mit Radgabel u. Kunststoff Radschutzb\u00fcgel  passend f\u00fcr: Ambrogio: 4.0, 4.36","og_url":"https:\/\/www.alfred-scheerer.de\/shop\/product\/vorderrad-links-kpl-ambrogio-4-0-4-36-ab-2021-042z14700c_r\/","og_site_name":"Gartentechnik Scheerer","article_modified_time":"2025-04-09T14:47:00+00:00","og_image":[{"width":1920,"height":2560,"url":"https:\/\/www.alfred-scheerer.de\/shop\/wp-content\/uploads\/2023\/04\/Vorderrad-links-4.0-4.36-042Z14700C_R.jpg","type":"image\/jpeg"}],"twitter_card":"summary_large_image","schema":{"@context":"https:\/\/schema.org","@graph":[{"@type":"WebPage","@id":"https:\/\/www.alfred-scheerer.de\/shop\/product\/vorderrad-links-kpl-ambrogio-4-0-4-36-ab-2021-042z14700c_r\/","url":"https:\/\/www.alfred-scheerer.de\/shop\/product\/vorderrad-links-kpl-ambrogio-4-0-4-36-ab-2021-042z14700c_r\/","name":"Vorderrad links kpl. Ambrogio 4.0 4.36 ab 2021 042Z14700C_R - Gartentechnik Scheerer","isPartOf":{"@id":"https:\/\/www.alfred-scheerer.de\/shop\/#website"},"primaryImageOfPage":{"@id":"https:\/\/www.alfred-scheerer.de\/shop\/product\/vorderrad-links-kpl-ambrogio-4-0-4-36-ab-2021-042z14700c_r\/#primaryimage"},"image":{"@id":"https:\/\/www.alfred-scheerer.de\/shop\/product\/vorderrad-links-kpl-ambrogio-4-0-4-36-ab-2021-042z14700c_r\/#primaryimage"},"thumbnailUrl":"https:\/\/www.alfred-scheerer.de\/shop\/wp-content\/uploads\/2023\/04\/Vorderrad-links-4.0-4.36-042Z14700C_R.jpg","datePublished":"2023-08-31T14:54:59+00:00","dateModified":"2025-04-09T14:47:00+00:00","breadcrumb":{"@id":"https:\/\/www.alfred-scheerer.de\/shop\/product\/vorderrad-links-kpl-ambrogio-4-0-4-36-ab-2021-042z14700c_r\/#breadcrumb"},"inLanguage":"de","potentialAction":[{"@type":"ReadAction","target":["https:\/\/www.alfred-scheerer.de\/shop\/product\/vorderrad-links-kpl-ambrogio-4-0-4-36-ab-2021-042z14700c_r\/"]}]},{"@type":"ImageObject","inLanguage":"de","@id":"https:\/\/www.alfred-scheerer.de\/shop\/product\/vorderrad-links-kpl-ambrogio-4-0-4-36-ab-2021-042z14700c_r\/#primaryimage","url":"https:\/\/www.alfred-scheerer.de\/shop\/wp-content\/uploads\/2023\/04\/Vorderrad-links-4.0-4.36-042Z14700C_R.jpg","contentUrl":"https:\/\/www.alfred-scheerer.de\/shop\/wp-content\/uploads\/2023\/04\/Vorderrad-links-4.0-4.36-042Z14700C_R.jpg","width":1920,"height":2560},{"@type":"BreadcrumbList","@id":"https:\/\/www.alfred-scheerer.de\/shop\/product\/vorderrad-links-kpl-ambrogio-4-0-4-36-ab-2021-042z14700c_r\/#breadcrumb","itemListElement":[{"@type":"ListItem","position":1,"name":"Startseite","item":"https:\/\/www.alfred-scheerer.de\/shop\/"},{"@type":"ListItem","position":2,"name":"Gartentechnik Scheerer &#8211; Der Online Shop f\u00fcr M\u00e4hroboter und Zubeh\u00f6r","item":"https:\/\/www.alfred-scheerer.de\/shop\/"},{"@type":"ListItem","position":3,"name":"Vorderrad links kpl. Ambrogio 4.0 4.36 ab 2021 042Z14700C_R"}]},{"@type":"WebSite","@id":"https:\/\/www.alfred-scheerer.de\/shop\/#website","url":"https:\/\/www.alfred-scheerer.de\/shop\/","name":"Scheerer GmbH (ehem. Alfred Scheerer e.K.)","description":"Der Online Shop aus Wermelskirchen f\u00fcr M\u00e4hroboter, Akku Gartenger\u00e4te, Ersatzteile und Zubeh\u00f6r","publisher":{"@id":"https:\/\/www.alfred-scheerer.de\/shop\/#organization"},"potentialAction":[{"@type":"SearchAction","target":{"@type":"EntryPoint","urlTemplate":"https:\/\/www.alfred-scheerer.de\/shop\/?s={search_term_string}"},"query-input":{"@type":"PropertyValueSpecification","valueRequired":true,"valueName":"search_term_string"}}],"inLanguage":"de"},{"@type":"Organization","@id":"https:\/\/www.alfred-scheerer.de\/shop\/#organization","name":"Scheerer GmbH","url":"https:\/\/www.alfred-scheerer.de\/shop\/","logo":{"@type":"ImageObject","inLanguage":"de","@id":"https:\/\/www.alfred-scheerer.de\/shop\/#\/schema\/logo\/image\/","url":"https:\/\/alfred-scheerer.de\/shop\/wp-content\/uploads\/2024\/05\/baum.jpg","contentUrl":"https:\/\/alfred-scheerer.de\/shop\/wp-content\/uploads\/2024\/05\/baum.jpg","width":512,"height":512,"caption":"Scheerer GmbH"},"image":{"@id":"https:\/\/www.alfred-scheerer.de\/shop\/#\/schema\/logo\/image\/"},"sameAs":["https:\/\/www.instagram.com\/alfredscheerer\/"]}]}},"_links":{"self":[{"href":"https:\/\/www.alfred-scheerer.de\/shop\/wp-json\/wp\/v2\/product\/9277","targetHints":{"allow":["GET"]}}],"collection":[{"href":"https:\/\/www.alfred-scheerer.de\/shop\/wp-json\/wp\/v2\/product"}],"about":[{"href":"https:\/\/www.alfred-scheerer.de\/shop\/wp-json\/wp\/v2\/types\/product"}],"wp:featuredmedia":[{"embeddable":true,"href":"https:\/\/www.alfred-scheerer.de\/shop\/wp-json\/wp\/v2\/media\/9276"}],"wp:attachment":[{"href":"https:\/\/www.alfred-scheerer.de\/shop\/wp-json\/wp\/v2\/media?parent=9277"}],"wp:term":[{"taxonomy":"product_brand","embeddable":true,"href":"https:\/\/www.alfred-scheerer.de\/shop\/wp-json\/wp\/v2\/product_brand?post=9277"},{"taxonomy":"product_cat","embeddable":true,"href":"https:\/\/www.alfred-scheerer.de\/shop\/wp-json\/wp\/v2\/product_cat?post=9277"},{"taxonomy":"product_tag","embeddable":true,"href":"https:\/\/www.alfred-scheerer.de\/shop\/wp-json\/wp\/v2\/product_tag?post=9277"}],"curies":[{"name":"wp","href":"https:\/\/api.w.org\/{rel}","templated":true}]}}