{"id":9380,"date":"2023-09-14T17:10:03","date_gmt":"2023-09-14T15:10:03","guid":{"rendered":"https:\/\/alfred-scheerer.de\/shop\/?post_type=product&#038;p=9380"},"modified":"2026-04-17T22:55:42","modified_gmt":"2026-04-17T20:55:42","slug":"kabel-netzteil-segway-navimow","status":"publish","type":"product","link":"https:\/\/www.alfred-scheerer.de\/shop\/product\/kabel-netzteil-segway-navimow\/","title":{"rendered":"Kabel Verl\u00e4ngerung 10 m f\u00fcr Ladestation Netzteil Segway Navimow AB.12.01.00.0218"},"content":{"rendered":"<p data-pm-slice=\"1 1 []\">Das 10 Meter lange Verbindungskabel \/ Verl\u00e4ngerungskabel f\u00fcr die Segway Navimow Ladestation ist die perfekte L\u00f6sung, um das Netzteil sicher mit dem Stromanschluss zu verbinden. Dank des wasserdichten Steckers ist es besonders witterungsbest\u00e4ndig und ideal f\u00fcr den dauerhaften Au\u00dfeneinsatz geeignet. Das robuste, 2-polige Kabel gew\u00e4hrleistet eine zuverl\u00e4ssige Stromversorgung und sorgt f\u00fcr maximale Flexibilit\u00e4t bei der Platzierung der Ladestation.<\/p>\n<p>passend f\u00fcr:<br \/>\nSegway Navimow: i-Serie, H206, H500E, H800E, H1500E, H3000E<\/p>\n","protected":false},"excerpt":{"rendered":"<p>Kabel mit wasserdichten Stecker als Verbindungskabel \/ Verl\u00e4ngerungskabel zwischen Netzteil und Stromanschluss der Segway Navimow Ladestation<br \/>\nL\u00e4nge 10 m, 2 polig<\/p>\n<p>passend f\u00fcr:<br \/>\nSegway Navimow: i-Serie, H206, H500E, H800E, H1500E, H3000E<\/p>\n","protected":false},"featured_media":7111,"template":"","meta":[],"product_brand":[1753],"product_cat":[1513],"product_tag":[1647,1648,1714,1715,1716],"class_list":{"0":"post-9380","1":"product","2":"type-product","3":"status-publish","4":"has-post-thumbnail","6":"product_brand-segway-navimow","7":"product_cat-segway-navimow-ersatzteile-u-zubehoer","8":"product_tag-ab-50-0017-27","9":"product_tag-ab-12-01-00-0218","10":"product_tag-verlaengerungskabel","11":"product_tag-ladestationkabel","12":"product_tag-ladestationkabel-segway","14":"first","15":"instock","16":"taxable","17":"shipping-taxable","18":"purchasable","19":"product-type-simple"},"yoast_head":"<!-- This site is optimized with the Yoast SEO plugin v27.4 - https:\/\/yoast.com\/product\/yoast-seo-wordpress\/ -->\n<title>Kabel Verl\u00e4ngerung 10 m f\u00fcr Ladestation Netzteil Segway Navimow AB.12.01.00.0218<\/title>\n<meta name=\"description\" content=\"Erweitern Sie die Reichweite Ihrer Segway Navimow Ladestation mit dem 10 m Verbindungskabel. Wasserdicht, 2-polig und wetterbest\u00e4ndig \u2013 f\u00fcr eine sichere Stromversorgung im Au\u00dfenbereich. AB.12.01.00.0218\" \/>\n<meta name=\"robots\" content=\"index, follow, max-snippet:-1, max-image-preview:large, max-video-preview:-1\" \/>\n<link rel=\"canonical\" href=\"https:\/\/www.alfred-scheerer.de\/shop\/product\/kabel-netzteil-segway-navimow\/\" \/>\n<meta property=\"og:locale\" content=\"de_DE\" \/>\n<meta property=\"og:type\" content=\"article\" \/>\n<meta property=\"og:title\" content=\"Kabel Verl\u00e4ngerung 10 m f\u00fcr Ladestation Netzteil Segway Navimow AB.12.01.00.0218\" \/>\n<meta property=\"og:description\" content=\"Erweitern Sie die Reichweite Ihrer Segway Navimow Ladestation mit dem 10 m Verbindungskabel. Wasserdicht, 2-polig und wetterbest\u00e4ndig \u2013 f\u00fcr eine sichere Stromversorgung im Au\u00dfenbereich. AB.12.01.00.0218\" \/>\n<meta property=\"og:url\" content=\"https:\/\/www.alfred-scheerer.de\/shop\/product\/kabel-netzteil-segway-navimow\/\" \/>\n<meta property=\"og:site_name\" content=\"Gartentechnik Scheerer\" \/>\n<meta property=\"article:modified_time\" content=\"2026-04-17T20:55:42+00:00\" \/>\n<meta property=\"og:image\" content=\"https:\/\/www.alfred-scheerer.de\/shop\/wp-content\/uploads\/2023\/02\/Verlaengerungskabel-Antenne.png\" \/>\n\t<meta property=\"og:image:width\" content=\"600\" \/>\n\t<meta property=\"og:image:height\" content=\"600\" \/>\n\t<meta property=\"og:image:type\" content=\"image\/png\" \/>\n<meta name=\"twitter:card\" content=\"summary_large_image\" \/>\n<script type=\"application\/ld+json\" class=\"yoast-schema-graph\">{\"@context\":\"https:\\\/\\\/schema.org\",\"@graph\":[{\"@type\":\"WebPage\",\"@id\":\"https:\\\/\\\/www.alfred-scheerer.de\\\/shop\\\/product\\\/kabel-netzteil-segway-navimow\\\/\",\"url\":\"https:\\\/\\\/www.alfred-scheerer.de\\\/shop\\\/product\\\/kabel-netzteil-segway-navimow\\\/\",\"name\":\"Kabel Verl\u00e4ngerung 10 m f\u00fcr Ladestation Netzteil Segway Navimow AB.12.01.00.0218\",\"isPartOf\":{\"@id\":\"https:\\\/\\\/www.alfred-scheerer.de\\\/shop\\\/#website\"},\"primaryImageOfPage\":{\"@id\":\"https:\\\/\\\/www.alfred-scheerer.de\\\/shop\\\/product\\\/kabel-netzteil-segway-navimow\\\/#primaryimage\"},\"image\":{\"@id\":\"https:\\\/\\\/www.alfred-scheerer.de\\\/shop\\\/product\\\/kabel-netzteil-segway-navimow\\\/#primaryimage\"},\"thumbnailUrl\":\"https:\\\/\\\/www.alfred-scheerer.de\\\/shop\\\/wp-content\\\/uploads\\\/2023\\\/02\\\/Verlaengerungskabel-Antenne.png\",\"datePublished\":\"2023-09-14T15:10:03+00:00\",\"dateModified\":\"2026-04-17T20:55:42+00:00\",\"description\":\"Erweitern Sie die Reichweite Ihrer Segway Navimow Ladestation mit dem 10 m Verbindungskabel. Wasserdicht, 2-polig und wetterbest\u00e4ndig \u2013 f\u00fcr eine sichere Stromversorgung im Au\u00dfenbereich. AB.12.01.00.0218\",\"breadcrumb\":{\"@id\":\"https:\\\/\\\/www.alfred-scheerer.de\\\/shop\\\/product\\\/kabel-netzteil-segway-navimow\\\/#breadcrumb\"},\"inLanguage\":\"de\",\"potentialAction\":[{\"@type\":\"ReadAction\",\"target\":[\"https:\\\/\\\/www.alfred-scheerer.de\\\/shop\\\/product\\\/kabel-netzteil-segway-navimow\\\/\"]}]},{\"@type\":\"ImageObject\",\"inLanguage\":\"de\",\"@id\":\"https:\\\/\\\/www.alfred-scheerer.de\\\/shop\\\/product\\\/kabel-netzteil-segway-navimow\\\/#primaryimage\",\"url\":\"https:\\\/\\\/www.alfred-scheerer.de\\\/shop\\\/wp-content\\\/uploads\\\/2023\\\/02\\\/Verlaengerungskabel-Antenne.png\",\"contentUrl\":\"https:\\\/\\\/www.alfred-scheerer.de\\\/shop\\\/wp-content\\\/uploads\\\/2023\\\/02\\\/Verlaengerungskabel-Antenne.png\",\"width\":600,\"height\":600},{\"@type\":\"BreadcrumbList\",\"@id\":\"https:\\\/\\\/www.alfred-scheerer.de\\\/shop\\\/product\\\/kabel-netzteil-segway-navimow\\\/#breadcrumb\",\"itemListElement\":[{\"@type\":\"ListItem\",\"position\":1,\"name\":\"Startseite\",\"item\":\"https:\\\/\\\/www.alfred-scheerer.de\\\/shop\\\/\"},{\"@type\":\"ListItem\",\"position\":2,\"name\":\"Gartentechnik Scheerer &#8211; Der Online Shop f\u00fcr M\u00e4hroboter und Zubeh\u00f6r\",\"item\":\"https:\\\/\\\/www.alfred-scheerer.de\\\/shop\\\/\"},{\"@type\":\"ListItem\",\"position\":3,\"name\":\"Kabel Verl\u00e4ngerung 10 m f\u00fcr Ladestation Netzteil Segway Navimow AB.12.01.00.0218\"}]},{\"@type\":\"WebSite\",\"@id\":\"https:\\\/\\\/www.alfred-scheerer.de\\\/shop\\\/#website\",\"url\":\"https:\\\/\\\/www.alfred-scheerer.de\\\/shop\\\/\",\"name\":\"Scheerer GmbH (ehem. Alfred Scheerer e.K.)\",\"description\":\"Der Online Shop aus Wermelskirchen f\u00fcr M\u00e4hroboter, Akku Gartenger\u00e4te, Ersatzteile und Zubeh\u00f6r\",\"publisher\":{\"@id\":\"https:\\\/\\\/www.alfred-scheerer.de\\\/shop\\\/#organization\"},\"potentialAction\":[{\"@type\":\"SearchAction\",\"target\":{\"@type\":\"EntryPoint\",\"urlTemplate\":\"https:\\\/\\\/www.alfred-scheerer.de\\\/shop\\\/?s={search_term_string}\"},\"query-input\":{\"@type\":\"PropertyValueSpecification\",\"valueRequired\":true,\"valueName\":\"search_term_string\"}}],\"inLanguage\":\"de\"},{\"@type\":\"Organization\",\"@id\":\"https:\\\/\\\/www.alfred-scheerer.de\\\/shop\\\/#organization\",\"name\":\"Scheerer GmbH\",\"url\":\"https:\\\/\\\/www.alfred-scheerer.de\\\/shop\\\/\",\"logo\":{\"@type\":\"ImageObject\",\"inLanguage\":\"de\",\"@id\":\"https:\\\/\\\/www.alfred-scheerer.de\\\/shop\\\/#\\\/schema\\\/logo\\\/image\\\/\",\"url\":\"https:\\\/\\\/alfred-scheerer.de\\\/shop\\\/wp-content\\\/uploads\\\/2024\\\/05\\\/baum.jpg\",\"contentUrl\":\"https:\\\/\\\/alfred-scheerer.de\\\/shop\\\/wp-content\\\/uploads\\\/2024\\\/05\\\/baum.jpg\",\"width\":512,\"height\":512,\"caption\":\"Scheerer GmbH\"},\"image\":{\"@id\":\"https:\\\/\\\/www.alfred-scheerer.de\\\/shop\\\/#\\\/schema\\\/logo\\\/image\\\/\"},\"sameAs\":[\"https:\\\/\\\/www.instagram.com\\\/alfredscheerer\\\/\"]}]}<\/script>\n<!-- \/ Yoast SEO plugin. -->","yoast_head_json":{"title":"Kabel Verl\u00e4ngerung 10 m f\u00fcr Ladestation Netzteil Segway Navimow AB.12.01.00.0218","description":"Erweitern Sie die Reichweite Ihrer Segway Navimow Ladestation mit dem 10 m Verbindungskabel. Wasserdicht, 2-polig und wetterbest\u00e4ndig \u2013 f\u00fcr eine sichere Stromversorgung im Au\u00dfenbereich. AB.12.01.00.0218","robots":{"index":"index","follow":"follow","max-snippet":"max-snippet:-1","max-image-preview":"max-image-preview:large","max-video-preview":"max-video-preview:-1"},"canonical":"https:\/\/www.alfred-scheerer.de\/shop\/product\/kabel-netzteil-segway-navimow\/","og_locale":"de_DE","og_type":"article","og_title":"Kabel Verl\u00e4ngerung 10 m f\u00fcr Ladestation Netzteil Segway Navimow AB.12.01.00.0218","og_description":"Erweitern Sie die Reichweite Ihrer Segway Navimow Ladestation mit dem 10 m Verbindungskabel. Wasserdicht, 2-polig und wetterbest\u00e4ndig \u2013 f\u00fcr eine sichere Stromversorgung im Au\u00dfenbereich. AB.12.01.00.0218","og_url":"https:\/\/www.alfred-scheerer.de\/shop\/product\/kabel-netzteil-segway-navimow\/","og_site_name":"Gartentechnik Scheerer","article_modified_time":"2026-04-17T20:55:42+00:00","og_image":[{"width":600,"height":600,"url":"https:\/\/www.alfred-scheerer.de\/shop\/wp-content\/uploads\/2023\/02\/Verlaengerungskabel-Antenne.png","type":"image\/png"}],"twitter_card":"summary_large_image","schema":{"@context":"https:\/\/schema.org","@graph":[{"@type":"WebPage","@id":"https:\/\/www.alfred-scheerer.de\/shop\/product\/kabel-netzteil-segway-navimow\/","url":"https:\/\/www.alfred-scheerer.de\/shop\/product\/kabel-netzteil-segway-navimow\/","name":"Kabel Verl\u00e4ngerung 10 m f\u00fcr Ladestation Netzteil Segway Navimow AB.12.01.00.0218","isPartOf":{"@id":"https:\/\/www.alfred-scheerer.de\/shop\/#website"},"primaryImageOfPage":{"@id":"https:\/\/www.alfred-scheerer.de\/shop\/product\/kabel-netzteil-segway-navimow\/#primaryimage"},"image":{"@id":"https:\/\/www.alfred-scheerer.de\/shop\/product\/kabel-netzteil-segway-navimow\/#primaryimage"},"thumbnailUrl":"https:\/\/www.alfred-scheerer.de\/shop\/wp-content\/uploads\/2023\/02\/Verlaengerungskabel-Antenne.png","datePublished":"2023-09-14T15:10:03+00:00","dateModified":"2026-04-17T20:55:42+00:00","description":"Erweitern Sie die Reichweite Ihrer Segway Navimow Ladestation mit dem 10 m Verbindungskabel. Wasserdicht, 2-polig und wetterbest\u00e4ndig \u2013 f\u00fcr eine sichere Stromversorgung im Au\u00dfenbereich. AB.12.01.00.0218","breadcrumb":{"@id":"https:\/\/www.alfred-scheerer.de\/shop\/product\/kabel-netzteil-segway-navimow\/#breadcrumb"},"inLanguage":"de","potentialAction":[{"@type":"ReadAction","target":["https:\/\/www.alfred-scheerer.de\/shop\/product\/kabel-netzteil-segway-navimow\/"]}]},{"@type":"ImageObject","inLanguage":"de","@id":"https:\/\/www.alfred-scheerer.de\/shop\/product\/kabel-netzteil-segway-navimow\/#primaryimage","url":"https:\/\/www.alfred-scheerer.de\/shop\/wp-content\/uploads\/2023\/02\/Verlaengerungskabel-Antenne.png","contentUrl":"https:\/\/www.alfred-scheerer.de\/shop\/wp-content\/uploads\/2023\/02\/Verlaengerungskabel-Antenne.png","width":600,"height":600},{"@type":"BreadcrumbList","@id":"https:\/\/www.alfred-scheerer.de\/shop\/product\/kabel-netzteil-segway-navimow\/#breadcrumb","itemListElement":[{"@type":"ListItem","position":1,"name":"Startseite","item":"https:\/\/www.alfred-scheerer.de\/shop\/"},{"@type":"ListItem","position":2,"name":"Gartentechnik Scheerer &#8211; Der Online Shop f\u00fcr M\u00e4hroboter und Zubeh\u00f6r","item":"https:\/\/www.alfred-scheerer.de\/shop\/"},{"@type":"ListItem","position":3,"name":"Kabel Verl\u00e4ngerung 10 m f\u00fcr Ladestation Netzteil Segway Navimow AB.12.01.00.0218"}]},{"@type":"WebSite","@id":"https:\/\/www.alfred-scheerer.de\/shop\/#website","url":"https:\/\/www.alfred-scheerer.de\/shop\/","name":"Scheerer GmbH (ehem. Alfred Scheerer e.K.)","description":"Der Online Shop aus Wermelskirchen f\u00fcr M\u00e4hroboter, Akku Gartenger\u00e4te, Ersatzteile und Zubeh\u00f6r","publisher":{"@id":"https:\/\/www.alfred-scheerer.de\/shop\/#organization"},"potentialAction":[{"@type":"SearchAction","target":{"@type":"EntryPoint","urlTemplate":"https:\/\/www.alfred-scheerer.de\/shop\/?s={search_term_string}"},"query-input":{"@type":"PropertyValueSpecification","valueRequired":true,"valueName":"search_term_string"}}],"inLanguage":"de"},{"@type":"Organization","@id":"https:\/\/www.alfred-scheerer.de\/shop\/#organization","name":"Scheerer GmbH","url":"https:\/\/www.alfred-scheerer.de\/shop\/","logo":{"@type":"ImageObject","inLanguage":"de","@id":"https:\/\/www.alfred-scheerer.de\/shop\/#\/schema\/logo\/image\/","url":"https:\/\/alfred-scheerer.de\/shop\/wp-content\/uploads\/2024\/05\/baum.jpg","contentUrl":"https:\/\/alfred-scheerer.de\/shop\/wp-content\/uploads\/2024\/05\/baum.jpg","width":512,"height":512,"caption":"Scheerer GmbH"},"image":{"@id":"https:\/\/www.alfred-scheerer.de\/shop\/#\/schema\/logo\/image\/"},"sameAs":["https:\/\/www.instagram.com\/alfredscheerer\/"]}]}},"_links":{"self":[{"href":"https:\/\/www.alfred-scheerer.de\/shop\/wp-json\/wp\/v2\/product\/9380","targetHints":{"allow":["GET"]}}],"collection":[{"href":"https:\/\/www.alfred-scheerer.de\/shop\/wp-json\/wp\/v2\/product"}],"about":[{"href":"https:\/\/www.alfred-scheerer.de\/shop\/wp-json\/wp\/v2\/types\/product"}],"wp:featuredmedia":[{"embeddable":true,"href":"https:\/\/www.alfred-scheerer.de\/shop\/wp-json\/wp\/v2\/media\/7111"}],"wp:attachment":[{"href":"https:\/\/www.alfred-scheerer.de\/shop\/wp-json\/wp\/v2\/media?parent=9380"}],"wp:term":[{"taxonomy":"product_brand","embeddable":true,"href":"https:\/\/www.alfred-scheerer.de\/shop\/wp-json\/wp\/v2\/product_brand?post=9380"},{"taxonomy":"product_cat","embeddable":true,"href":"https:\/\/www.alfred-scheerer.de\/shop\/wp-json\/wp\/v2\/product_cat?post=9380"},{"taxonomy":"product_tag","embeddable":true,"href":"https:\/\/www.alfred-scheerer.de\/shop\/wp-json\/wp\/v2\/product_tag?post=9380"}],"curies":[{"name":"wp","href":"https:\/\/api.w.org\/{rel}","templated":true}]}}