{"id":9731,"date":"2004-02-29T22:00:41","date_gmt":"2004-02-29T21:00:41","guid":{"rendered":"https:\/\/alfred-scheerer.de\/shop\/?post_type=product&#038;p=9731"},"modified":"2026-04-04T14:15:41","modified_gmt":"2026-04-04T12:15:41","slug":"segway-navimow-i108e","status":"publish","type":"product","link":"https:\/\/www.alfred-scheerer.de\/shop\/product\/segway-navimow-i108e\/","title":{"rendered":"Segway Navimow i108E kabelloser M\u00e4hroboter 800 m\u00b2 inkl. GPS WIFI"},"content":{"rendered":"<h2>Segway i108e \u2013 Der smarte M\u00e4hroboter f\u00fcr Ihren perfekten Rasen<\/h2>\n<p>Verabschieden Sie sich vom l\u00e4stigen Rasenm\u00e4hen und erleben Sie moderne Gartenpflege neu \u2013<strong> mit dem Segway Navimow i108e.<\/strong> Der intelligente M\u00e4hroboter bietet pr\u00e4zise Navigation, m\u00fchelose Steuerung per App und perfekte Schnittergebnisse. Ganz ohne Begrenzungskabel.<\/p>\n<h3>Kabellos m\u00e4hen \u2013 mit satellitengest\u00fctzter Navigation<\/h3>\n<p>Der <strong>Segway Navimow i108<\/strong>\u00a0nutzt hochmoderne <strong>EFLS 2.0 GNSS-Technologie<\/strong> (GPS, Galileo, Beidou, GLONASS) und die <strong>VisionFence-Kamera<\/strong>, um sich exakt durch Ihren Garten zu bewegen \u2013 selbst bei komplexen Fl\u00e4chen oder schmalen Durchg\u00e4ngen.<\/p>\n<h2>Effizient, kraftvoll, zuverl\u00e4ssig<\/h2>\n<p>Mit einer <strong>M\u00e4hleistung f\u00fcr bis zu 800\u202fm\u00b2<\/strong> und der F\u00e4higkeit, <strong>Steigungen von 30\u202f%<\/strong> zu meistern, ist der <strong>Navimow i108e<\/strong> perfekt f\u00fcr kleine bis mittelgro\u00dfe G\u00e4rten geeignet.<\/p>\n<p>Die <strong>18 cm Schnittbreite<\/strong> und die <strong>5-fach verstellbare Schnitth\u00f6he (20\u201360 mm)<\/strong> sorgen f\u00fcr einen gleichm\u00e4\u00dfigen, gepflegten Rasen \u2013 jederzeit.<\/p>\n<h3>Alles in Ihrer Hand \u2013 mit der Navimow App<\/h3>\n<p>Steuern Sie Ihren <strong>Segway i108e<\/strong> komfortabel per Smartphone-App \u2013 ob von der Terrasse oder unterwegs. Die App bietet Ihnen:<\/p>\n<ul>\n<li>Start-\/Stopp-Steuerung<\/li>\n<li>M\u00e4hzeitplanung &amp; Zonenverwaltung<\/li>\n<li>Schnitth\u00f6heneinstellung<\/li>\n<li>Einrichtung virtueller Sperrbereiche<\/li>\n<li>Wartungs- und Statusmeldungen<\/li>\n<li>Diebstahlschutz durch PIN &amp; Alarm<\/li>\n<\/ul>\n<h3>Sicher &amp; smart unterwegs<\/h3>\n<p>Der <strong>Segway Navimow i 108 e<\/strong> erkennt Hindernisse dank <strong>VisionFence-Kamera<\/strong> in Echtzeit und umf\u00e4hrt sie zuverl\u00e4ssig. Die integrierte <strong>PIN-Code-Sicherung<\/strong> und Alarmfunktion sch\u00fctzen zus\u00e4tzlich vor unbefugtem Zugriff.<\/p>\n<h3>Weitere Highlights auf einen Blick:<\/h3>\n<ul>\n<li><strong>Kein Begrenzungskabel notwendig<\/strong> \u2013 dank EFLS 2.0 Satellitennavigation<\/li>\n<li><strong>VisionFence-Kamera<\/strong> f\u00fcr pr\u00e4zise Randerkennung &amp; Objektschutz<\/li>\n<li><strong>Appsteuerung<\/strong> mit Echtzeit-Kontrolle<\/li>\n<li><strong>Leise &amp; umweltfreundlich<\/strong> durch elektrischen Direktantrieb<\/li>\n<li><strong>Wetterfest (IPX5)<\/strong> \u2013 auch bei leichtem Regen einsatzbereit<\/li>\n<li><strong>Automatische R\u00fcckkehr zur Ladestation<\/strong><\/li>\n<\/ul>\n<p><strong>Entfesseln Sie das Potenzial Ihres Gartens mit dem Segway Navimow i108 E!<\/strong><\/p>\n<p>Weitere M\u00e4hroboter findest du hier: <strong><a href=\"https:\/\/alfred-scheerer.de\/shop\/product-category\/rasenroboter-maehroboter\/\">klick<\/a><\/strong><\/p>\n","protected":false},"excerpt":{"rendered":"<ul>\n<li>Fl\u00e4chenleistung bis 800 m\u00b2 (ca. 60 m\u00b2\/Stunde)<\/li>\n<li>GNSS (GPS) gesteuert ohne Begrenzungskabel<\/li>\n<li>paralleles Bahnen M\u00e4hsystem<\/li>\n<li>Schnittbreite 18 cm<\/li>\n<li>ca. 2:00 h M\u00e4hzeit pro Akkuladung<\/li>\n<li>Bluetooth u. Wifi App Verbindung<\/li>\n<li>Hinderniserkennung durch Kamera<\/li>\n<\/ul>\n<p>Lieferumfang:<br \/>\nRoboter inkl. Ladestation<br \/>\nGNSS-Antenne<br \/>\nBefestigungsn\u00e4gel f\u00fcr Ladestation<\/p>\n<p>Zubeh\u00f6r findest Du hier: <a href=\"https:\/\/alfred-scheerer.de\/shop\/product-category\/installation-ersatzteile-u-zubehoer\/segway-navimow-ersatzteile-u-zubehoer\/\"><strong>Segway Navimow Zubeh\u00f6r<\/strong><\/a><\/p>\n<p>Kostenloser Versand innerhalb Deutschlands!<\/p>\n","protected":false},"featured_media":9733,"template":"","meta":[],"product_brand":[1753],"product_cat":[67,827,105,1333,1511],"product_tag":[1574,686,1617,1624,1213,1625,1626,1627,1573],"class_list":{"0":"post-9731","1":"product","2":"type-product","3":"status-publish","4":"has-post-thumbnail","6":"product_brand-segway-navimow","7":"product_cat-bis-800-m","8":"product_cat-maehroboter-rasenroboter-ohne-begrenzungskabel-perimterkabel-kabel","9":"product_cat-rasenroboter-maehroboter","10":"product_cat-maehroboter-rasenroboter-angebote","11":"product_cat-segway-navimow","12":"product_tag-navimow","13":"product_tag-ohne-begrenzungskabel","14":"product_tag-i108e","15":"product_tag-segway-navimow-i108e","16":"product_tag-kabelloser-maehroboter","17":"product_tag-begrenzungskabellos","18":"product_tag-gps-gesteuert","19":"product_tag-segway-i-serie","20":"product_tag-segway","21":"product_shipping_class-kostenlos","23":"first","24":"instock","25":"sale","26":"featured","27":"taxable","28":"shipping-taxable","29":"purchasable","30":"product-type-simple"},"yoast_head":"<!-- This site is optimized with the Yoast SEO plugin v27.3 - https:\/\/yoast.com\/product\/yoast-seo-wordpress\/ -->\n<title>Segway Navimow i108E | online kaufen | Angebot<\/title>\n<meta name=\"description\" content=\"Segway Navimow i108e \u2013 Intelligenter M\u00e4hroboter mit GNSS, Kamera &amp; App-Steuerung. Kabellos m\u00e4hen bis 800\u202fm\u00b2. Jetzt Ihren Garten smart pflegen!\" \/>\n<meta name=\"robots\" content=\"index, follow, max-snippet:-1, max-image-preview:large, max-video-preview:-1\" \/>\n<link rel=\"canonical\" href=\"https:\/\/www.alfred-scheerer.de\/shop\/product\/segway-navimow-i108e\/\" \/>\n<meta property=\"og:locale\" content=\"de_DE\" \/>\n<meta property=\"og:type\" content=\"article\" \/>\n<meta property=\"og:title\" content=\"Segway Navimow i108E | online kaufen | Angebot\" \/>\n<meta property=\"og:description\" content=\"Segway Navimow i108e \u2013 Intelligenter M\u00e4hroboter mit GNSS, Kamera &amp; App-Steuerung. Kabellos m\u00e4hen bis 800\u202fm\u00b2. Jetzt Ihren Garten smart pflegen!\" \/>\n<meta property=\"og:url\" content=\"https:\/\/www.alfred-scheerer.de\/shop\/product\/segway-navimow-i108e\/\" \/>\n<meta property=\"og:site_name\" content=\"Gartentechnik Scheerer\" \/>\n<meta property=\"article:modified_time\" content=\"2026-04-04T12:15:41+00:00\" \/>\n<meta property=\"og:image\" content=\"https:\/\/www.alfred-scheerer.de\/shop\/wp-content\/uploads\/2024\/02\/452343_navimow-i-108-45-2-e1708972339370.jpg\" \/>\n\t<meta property=\"og:image:width\" content=\"676\" \/>\n\t<meta property=\"og:image:height\" content=\"675\" \/>\n\t<meta property=\"og:image:type\" content=\"image\/jpeg\" \/>\n<meta name=\"twitter:card\" content=\"summary_large_image\" \/>\n<meta name=\"twitter:label1\" content=\"Gesch\u00e4tzte Lesezeit\" \/>\n\t<meta name=\"twitter:data1\" content=\"1\u00a0Minute\" \/>\n<script type=\"application\/ld+json\" class=\"yoast-schema-graph\">{\"@context\":\"https:\\\/\\\/schema.org\",\"@graph\":[{\"@type\":\"WebPage\",\"@id\":\"https:\\\/\\\/www.alfred-scheerer.de\\\/shop\\\/product\\\/segway-navimow-i108e\\\/\",\"url\":\"https:\\\/\\\/www.alfred-scheerer.de\\\/shop\\\/product\\\/segway-navimow-i108e\\\/\",\"name\":\"Segway Navimow i108E | online kaufen | Angebot\",\"isPartOf\":{\"@id\":\"https:\\\/\\\/www.alfred-scheerer.de\\\/shop\\\/#website\"},\"primaryImageOfPage\":{\"@id\":\"https:\\\/\\\/www.alfred-scheerer.de\\\/shop\\\/product\\\/segway-navimow-i108e\\\/#primaryimage\"},\"image\":{\"@id\":\"https:\\\/\\\/www.alfred-scheerer.de\\\/shop\\\/product\\\/segway-navimow-i108e\\\/#primaryimage\"},\"thumbnailUrl\":\"https:\\\/\\\/www.alfred-scheerer.de\\\/shop\\\/wp-content\\\/uploads\\\/2024\\\/02\\\/452343_navimow-i-108-45-2-e1708972339370.jpg\",\"datePublished\":\"2004-02-29T21:00:41+00:00\",\"dateModified\":\"2026-04-04T12:15:41+00:00\",\"description\":\"Segway Navimow i108e \u2013 Intelligenter M\u00e4hroboter mit GNSS, Kamera & App-Steuerung. Kabellos m\u00e4hen bis 800\u202fm\u00b2. Jetzt Ihren Garten smart pflegen!\",\"breadcrumb\":{\"@id\":\"https:\\\/\\\/www.alfred-scheerer.de\\\/shop\\\/product\\\/segway-navimow-i108e\\\/#breadcrumb\"},\"inLanguage\":\"de\",\"potentialAction\":[{\"@type\":\"ReadAction\",\"target\":[\"https:\\\/\\\/www.alfred-scheerer.de\\\/shop\\\/product\\\/segway-navimow-i108e\\\/\"]}]},{\"@type\":\"ImageObject\",\"inLanguage\":\"de\",\"@id\":\"https:\\\/\\\/www.alfred-scheerer.de\\\/shop\\\/product\\\/segway-navimow-i108e\\\/#primaryimage\",\"url\":\"https:\\\/\\\/www.alfred-scheerer.de\\\/shop\\\/wp-content\\\/uploads\\\/2024\\\/02\\\/452343_navimow-i-108-45-2-e1708972339370.jpg\",\"contentUrl\":\"https:\\\/\\\/www.alfred-scheerer.de\\\/shop\\\/wp-content\\\/uploads\\\/2024\\\/02\\\/452343_navimow-i-108-45-2-e1708972339370.jpg\",\"width\":676,\"height\":675,\"caption\":\"Segway Navimow i108e\"},{\"@type\":\"BreadcrumbList\",\"@id\":\"https:\\\/\\\/www.alfred-scheerer.de\\\/shop\\\/product\\\/segway-navimow-i108e\\\/#breadcrumb\",\"itemListElement\":[{\"@type\":\"ListItem\",\"position\":1,\"name\":\"Startseite\",\"item\":\"https:\\\/\\\/www.alfred-scheerer.de\\\/shop\\\/\"},{\"@type\":\"ListItem\",\"position\":2,\"name\":\"Gartentechnik Scheerer &#8211; Der Online Shop f\u00fcr M\u00e4hroboter und Zubeh\u00f6r\",\"item\":\"https:\\\/\\\/www.alfred-scheerer.de\\\/shop\\\/\"},{\"@type\":\"ListItem\",\"position\":3,\"name\":\"Segway Navimow i108E kabelloser M\u00e4hroboter 800 m\u00b2 inkl. GPS WIFI\"}]},{\"@type\":\"WebSite\",\"@id\":\"https:\\\/\\\/www.alfred-scheerer.de\\\/shop\\\/#website\",\"url\":\"https:\\\/\\\/www.alfred-scheerer.de\\\/shop\\\/\",\"name\":\"Scheerer GmbH (ehem. Alfred Scheerer e.K.)\",\"description\":\"Der Online Shop aus Wermelskirchen f\u00fcr M\u00e4hroboter, Akku Gartenger\u00e4te, Ersatzteile und Zubeh\u00f6r\",\"publisher\":{\"@id\":\"https:\\\/\\\/www.alfred-scheerer.de\\\/shop\\\/#organization\"},\"potentialAction\":[{\"@type\":\"SearchAction\",\"target\":{\"@type\":\"EntryPoint\",\"urlTemplate\":\"https:\\\/\\\/www.alfred-scheerer.de\\\/shop\\\/?s={search_term_string}\"},\"query-input\":{\"@type\":\"PropertyValueSpecification\",\"valueRequired\":true,\"valueName\":\"search_term_string\"}}],\"inLanguage\":\"de\"},{\"@type\":\"Organization\",\"@id\":\"https:\\\/\\\/www.alfred-scheerer.de\\\/shop\\\/#organization\",\"name\":\"Scheerer GmbH\",\"url\":\"https:\\\/\\\/www.alfred-scheerer.de\\\/shop\\\/\",\"logo\":{\"@type\":\"ImageObject\",\"inLanguage\":\"de\",\"@id\":\"https:\\\/\\\/www.alfred-scheerer.de\\\/shop\\\/#\\\/schema\\\/logo\\\/image\\\/\",\"url\":\"https:\\\/\\\/alfred-scheerer.de\\\/shop\\\/wp-content\\\/uploads\\\/2024\\\/05\\\/baum.jpg\",\"contentUrl\":\"https:\\\/\\\/alfred-scheerer.de\\\/shop\\\/wp-content\\\/uploads\\\/2024\\\/05\\\/baum.jpg\",\"width\":512,\"height\":512,\"caption\":\"Scheerer GmbH\"},\"image\":{\"@id\":\"https:\\\/\\\/www.alfred-scheerer.de\\\/shop\\\/#\\\/schema\\\/logo\\\/image\\\/\"},\"sameAs\":[\"https:\\\/\\\/www.instagram.com\\\/alfredscheerer\\\/\"]}]}<\/script>\n<!-- \/ Yoast SEO plugin. -->","yoast_head_json":{"title":"Segway Navimow i108E | online kaufen | Angebot","description":"Segway Navimow i108e \u2013 Intelligenter M\u00e4hroboter mit GNSS, Kamera & App-Steuerung. Kabellos m\u00e4hen bis 800\u202fm\u00b2. Jetzt Ihren Garten smart pflegen!","robots":{"index":"index","follow":"follow","max-snippet":"max-snippet:-1","max-image-preview":"max-image-preview:large","max-video-preview":"max-video-preview:-1"},"canonical":"https:\/\/www.alfred-scheerer.de\/shop\/product\/segway-navimow-i108e\/","og_locale":"de_DE","og_type":"article","og_title":"Segway Navimow i108E | online kaufen | Angebot","og_description":"Segway Navimow i108e \u2013 Intelligenter M\u00e4hroboter mit GNSS, Kamera & App-Steuerung. Kabellos m\u00e4hen bis 800\u202fm\u00b2. Jetzt Ihren Garten smart pflegen!","og_url":"https:\/\/www.alfred-scheerer.de\/shop\/product\/segway-navimow-i108e\/","og_site_name":"Gartentechnik Scheerer","article_modified_time":"2026-04-04T12:15:41+00:00","og_image":[{"width":676,"height":675,"url":"https:\/\/www.alfred-scheerer.de\/shop\/wp-content\/uploads\/2024\/02\/452343_navimow-i-108-45-2-e1708972339370.jpg","type":"image\/jpeg"}],"twitter_card":"summary_large_image","twitter_misc":{"Gesch\u00e4tzte Lesezeit":"1\u00a0Minute"},"schema":{"@context":"https:\/\/schema.org","@graph":[{"@type":"WebPage","@id":"https:\/\/www.alfred-scheerer.de\/shop\/product\/segway-navimow-i108e\/","url":"https:\/\/www.alfred-scheerer.de\/shop\/product\/segway-navimow-i108e\/","name":"Segway Navimow i108E | online kaufen | Angebot","isPartOf":{"@id":"https:\/\/www.alfred-scheerer.de\/shop\/#website"},"primaryImageOfPage":{"@id":"https:\/\/www.alfred-scheerer.de\/shop\/product\/segway-navimow-i108e\/#primaryimage"},"image":{"@id":"https:\/\/www.alfred-scheerer.de\/shop\/product\/segway-navimow-i108e\/#primaryimage"},"thumbnailUrl":"https:\/\/www.alfred-scheerer.de\/shop\/wp-content\/uploads\/2024\/02\/452343_navimow-i-108-45-2-e1708972339370.jpg","datePublished":"2004-02-29T21:00:41+00:00","dateModified":"2026-04-04T12:15:41+00:00","description":"Segway Navimow i108e \u2013 Intelligenter M\u00e4hroboter mit GNSS, Kamera & App-Steuerung. Kabellos m\u00e4hen bis 800\u202fm\u00b2. Jetzt Ihren Garten smart pflegen!","breadcrumb":{"@id":"https:\/\/www.alfred-scheerer.de\/shop\/product\/segway-navimow-i108e\/#breadcrumb"},"inLanguage":"de","potentialAction":[{"@type":"ReadAction","target":["https:\/\/www.alfred-scheerer.de\/shop\/product\/segway-navimow-i108e\/"]}]},{"@type":"ImageObject","inLanguage":"de","@id":"https:\/\/www.alfred-scheerer.de\/shop\/product\/segway-navimow-i108e\/#primaryimage","url":"https:\/\/www.alfred-scheerer.de\/shop\/wp-content\/uploads\/2024\/02\/452343_navimow-i-108-45-2-e1708972339370.jpg","contentUrl":"https:\/\/www.alfred-scheerer.de\/shop\/wp-content\/uploads\/2024\/02\/452343_navimow-i-108-45-2-e1708972339370.jpg","width":676,"height":675,"caption":"Segway Navimow i108e"},{"@type":"BreadcrumbList","@id":"https:\/\/www.alfred-scheerer.de\/shop\/product\/segway-navimow-i108e\/#breadcrumb","itemListElement":[{"@type":"ListItem","position":1,"name":"Startseite","item":"https:\/\/www.alfred-scheerer.de\/shop\/"},{"@type":"ListItem","position":2,"name":"Gartentechnik Scheerer &#8211; Der Online Shop f\u00fcr M\u00e4hroboter und Zubeh\u00f6r","item":"https:\/\/www.alfred-scheerer.de\/shop\/"},{"@type":"ListItem","position":3,"name":"Segway Navimow i108E kabelloser M\u00e4hroboter 800 m\u00b2 inkl. GPS WIFI"}]},{"@type":"WebSite","@id":"https:\/\/www.alfred-scheerer.de\/shop\/#website","url":"https:\/\/www.alfred-scheerer.de\/shop\/","name":"Scheerer GmbH (ehem. Alfred Scheerer e.K.)","description":"Der Online Shop aus Wermelskirchen f\u00fcr M\u00e4hroboter, Akku Gartenger\u00e4te, Ersatzteile und Zubeh\u00f6r","publisher":{"@id":"https:\/\/www.alfred-scheerer.de\/shop\/#organization"},"potentialAction":[{"@type":"SearchAction","target":{"@type":"EntryPoint","urlTemplate":"https:\/\/www.alfred-scheerer.de\/shop\/?s={search_term_string}"},"query-input":{"@type":"PropertyValueSpecification","valueRequired":true,"valueName":"search_term_string"}}],"inLanguage":"de"},{"@type":"Organization","@id":"https:\/\/www.alfred-scheerer.de\/shop\/#organization","name":"Scheerer GmbH","url":"https:\/\/www.alfred-scheerer.de\/shop\/","logo":{"@type":"ImageObject","inLanguage":"de","@id":"https:\/\/www.alfred-scheerer.de\/shop\/#\/schema\/logo\/image\/","url":"https:\/\/alfred-scheerer.de\/shop\/wp-content\/uploads\/2024\/05\/baum.jpg","contentUrl":"https:\/\/alfred-scheerer.de\/shop\/wp-content\/uploads\/2024\/05\/baum.jpg","width":512,"height":512,"caption":"Scheerer GmbH"},"image":{"@id":"https:\/\/www.alfred-scheerer.de\/shop\/#\/schema\/logo\/image\/"},"sameAs":["https:\/\/www.instagram.com\/alfredscheerer\/"]}]}},"_links":{"self":[{"href":"https:\/\/www.alfred-scheerer.de\/shop\/wp-json\/wp\/v2\/product\/9731","targetHints":{"allow":["GET"]}}],"collection":[{"href":"https:\/\/www.alfred-scheerer.de\/shop\/wp-json\/wp\/v2\/product"}],"about":[{"href":"https:\/\/www.alfred-scheerer.de\/shop\/wp-json\/wp\/v2\/types\/product"}],"wp:featuredmedia":[{"embeddable":true,"href":"https:\/\/www.alfred-scheerer.de\/shop\/wp-json\/wp\/v2\/media\/9733"}],"wp:attachment":[{"href":"https:\/\/www.alfred-scheerer.de\/shop\/wp-json\/wp\/v2\/media?parent=9731"}],"wp:term":[{"taxonomy":"product_brand","embeddable":true,"href":"https:\/\/www.alfred-scheerer.de\/shop\/wp-json\/wp\/v2\/product_brand?post=9731"},{"taxonomy":"product_cat","embeddable":true,"href":"https:\/\/www.alfred-scheerer.de\/shop\/wp-json\/wp\/v2\/product_cat?post=9731"},{"taxonomy":"product_tag","embeddable":true,"href":"https:\/\/www.alfred-scheerer.de\/shop\/wp-json\/wp\/v2\/product_tag?post=9731"}],"curies":[{"name":"wp","href":"https:\/\/api.w.org\/{rel}","templated":true}]}}