{"id":987,"date":"2019-11-27T18:15:13","date_gmt":"2019-11-27T17:15:13","guid":{"rendered":"http:\/\/alfred-scheerer.de\/shop\/?post_type=product&#038;p=987"},"modified":"2025-08-11T08:49:21","modified_gmt":"2025-08-11T06:49:21","slug":"umbausatz-gelaendeausgleich-federung-vorderachse-fuer-l250-bj-vor-sept-2018","status":"publish","type":"product","link":"https:\/\/www.alfred-scheerer.de\/shop\/product\/umbausatz-gelaendeausgleich-federung-vorderachse-fuer-l250-bj-vor-sept-2018\/","title":{"rendered":"Umbausatz Gel\u00e4ndeausgleich Federung Vorderachse f\u00fcr L250 Bj. vor Sept. 2018"},"content":{"rendered":"<p>Umbausatz f\u00fcr Ambrogio L250 Modelle, die vor September 2018 produziert worden sind, f\u00fcr die Federung der Vorderachse\/Gel\u00e4ndeausgleich.<!--more--><\/p>\n<p>Problembeschreibung:<br \/>\nDie H\u00f6he des Roboters an der Frontseite reduziert sich durch eine starke Belastung bei unebenem Gel\u00e4nde und<br \/>\ndadurch kann die Haube mit den St\u00fctzr\u00e4dern vorne in Ber\u00fchrung kommen, w\u00e4hrend diese sich drehen.<\/p>\n<p>Ursache:<br \/>\nBei intensiven Langzeittests wurde festgestellt, dass sich nach etwa 1.000 Betriebsstunden die L\u00e4nge des<br \/>\nGummis (B) zwischen den beiden Armen des Gel\u00e4ndeausgleichsystems verk\u00fcrzt.<br \/>\nDaraus resultierend sinkt die H\u00f6he der Aufh\u00e4ngung des Roboters an der Frontseite.<\/p>\n<p>L\u00f6sung:<br \/>\nDurch diesen Umbausatz wird das vorhandene Gummi (B) zwischen den beiden Armen des Gel\u00e4ndeausgleichsystems erneuert und mit 5 zus\u00e4tzlichen Gummischeiben (A) verst\u00e4rkt.<\/p>\n<p>Lieferumfang:<br \/>\n1 St\u00fcck Gummielement 110Z36100A<br \/>\n5 St\u00fcck Gummiringe 110A00130A<\/p>\n","protected":false},"excerpt":{"rendered":"<p>Umbausatz f\u00fcr Ambrogio L250 Modelle, die vor September 2018 produziert worden sind, f\u00fcr die Federung der Vorderachse\/Gel\u00e4ndeausgleich.<!--more--><\/p>\n<p>Problembeschreibung:<br \/>\nDie H\u00f6he des Roboters an der Frontseite reduziert sich durch eine starke Belastung bei unebenem Gel\u00e4nde und<br \/>\ndadurch kann die Haube mit den St\u00fctzr\u00e4dern vorne in Ber\u00fchrung kommen, w\u00e4hrend diese sich drehen.<\/p>\n<p>Ursache:<br \/>\nBei intensiven Langzeittests wurde festgestellt, dass sich nach etwa 1.000 Betriebsstunden die L\u00e4nge des<br \/>\nGummis (B) zwischen den beiden Armen des Gel\u00e4ndeausgleichsystems verk\u00fcrzt.<br \/>\nDaraus resultierend sinkt die H\u00f6he der Aufh\u00e4ngung des Roboters an der Frontseite.<\/p>\n<p>L\u00f6sung:<br \/>\nDurch diesen Umbausatz wird das vorhandene Gummi (B) zwischen den beiden Armen des Gel\u00e4ndeausgleichsystems erneuert und mit 5 zus\u00e4tzlichen Gummischeiben (A) verst\u00e4rkt.<\/p>\n<p>Lieferumfang:<br \/>\n1 St\u00fcck Gummielement 110Z36100A<br \/>\n5 St\u00fcck Gummiringe 110A00130A<\/p>\n","protected":false},"featured_media":989,"template":"","meta":[],"product_brand":[1756],"product_cat":[100],"product_tag":[1233,1234,53,1235,84,428,1230,1231,1232],"class_list":{"0":"post-987","1":"product","2":"type-product","3":"status-publish","4":"has-post-thumbnail","6":"product_brand-ambrogio","7":"product_cat-l250-l250i","8":"product_tag-wiper-gummi","9":"product_tag-110z36100a","10":"product_tag-ambrogio","11":"product_tag-110a00130a","12":"product_tag-l250","13":"product_tag-ersatzteile","14":"product_tag-ambrogio-vorderachse-gummi","15":"product_tag-wiper-vorderachse-gummi","16":"product_tag-ambrogio-gummi","18":"first","19":"instock","20":"taxable","21":"shipping-taxable","22":"purchasable","23":"product-type-woosb"},"yoast_head":"<!-- This site is optimized with the Yoast SEO plugin v27.4 - https:\/\/yoast.com\/product\/yoast-seo-wordpress\/ -->\n<title>Umbausatz Gel\u00e4ndeausgleich Federung Vorderachse f\u00fcr L250 Bj. vor Sept. 2018 - Gartentechnik Scheerer<\/title>\n<meta name=\"robots\" content=\"index, follow, max-snippet:-1, max-image-preview:large, max-video-preview:-1\" \/>\n<link rel=\"canonical\" href=\"https:\/\/www.alfred-scheerer.de\/shop\/product\/umbausatz-gelaendeausgleich-federung-vorderachse-fuer-l250-bj-vor-sept-2018\/\" \/>\n<meta property=\"og:locale\" content=\"de_DE\" \/>\n<meta property=\"og:type\" content=\"article\" \/>\n<meta property=\"og:title\" content=\"Umbausatz Gel\u00e4ndeausgleich Federung Vorderachse f\u00fcr L250 Bj. vor Sept. 2018 - Gartentechnik Scheerer\" \/>\n<meta property=\"og:description\" content=\"Umbausatz f\u00fcr Ambrogio L250 Modelle, die vor September 2018 produziert worden sind, f\u00fcr die Federung der Vorderachse\/Gel\u00e4ndeausgleich.  Problembeschreibung: Die H\u00f6he des Roboters an der Frontseite reduziert sich durch eine starke Belastung bei unebenem Gel\u00e4nde und dadurch kann die Haube mit den St\u00fctzr\u00e4dern vorne in Ber\u00fchrung kommen, w\u00e4hrend diese sich drehen.  Ursache: Bei intensiven Langzeittests wurde festgestellt, dass sich nach etwa 1.000 Betriebsstunden die L\u00e4nge des Gummis (B) zwischen den beiden Armen des Gel\u00e4ndeausgleichsystems verk\u00fcrzt. Daraus resultierend sinkt die H\u00f6he der Aufh\u00e4ngung des Roboters an der Frontseite.  L\u00f6sung: Durch diesen Umbausatz wird das vorhandene Gummi (B) zwischen den beiden Armen des Gel\u00e4ndeausgleichsystems erneuert und mit 5 zus\u00e4tzlichen Gummischeiben (A) verst\u00e4rkt.  Lieferumfang: 1 St\u00fcck Gummielement 110Z36100A 5 St\u00fcck Gummiringe 110A00130A\" \/>\n<meta property=\"og:url\" content=\"https:\/\/www.alfred-scheerer.de\/shop\/product\/umbausatz-gelaendeausgleich-federung-vorderachse-fuer-l250-bj-vor-sept-2018\/\" \/>\n<meta property=\"og:site_name\" content=\"Gartentechnik Scheerer\" \/>\n<meta property=\"article:modified_time\" content=\"2025-08-11T06:49:21+00:00\" \/>\n<meta property=\"og:image\" content=\"https:\/\/www.alfred-scheerer.de\/shop\/wp-content\/uploads\/2019\/11\/IMG_20191126_174349-1.jpg\" \/>\n\t<meta property=\"og:image:width\" content=\"1033\" \/>\n\t<meta property=\"og:image:height\" content=\"1033\" \/>\n\t<meta property=\"og:image:type\" content=\"image\/jpeg\" \/>\n<meta name=\"twitter:card\" content=\"summary_large_image\" \/>\n<meta name=\"twitter:label1\" content=\"Gesch\u00e4tzte Lesezeit\" \/>\n\t<meta name=\"twitter:data1\" content=\"1\u00a0Minute\" \/>\n<script type=\"application\/ld+json\" class=\"yoast-schema-graph\">{\"@context\":\"https:\\\/\\\/schema.org\",\"@graph\":[{\"@type\":\"WebPage\",\"@id\":\"https:\\\/\\\/www.alfred-scheerer.de\\\/shop\\\/product\\\/umbausatz-gelaendeausgleich-federung-vorderachse-fuer-l250-bj-vor-sept-2018\\\/\",\"url\":\"https:\\\/\\\/www.alfred-scheerer.de\\\/shop\\\/product\\\/umbausatz-gelaendeausgleich-federung-vorderachse-fuer-l250-bj-vor-sept-2018\\\/\",\"name\":\"Umbausatz Gel\u00e4ndeausgleich Federung Vorderachse f\u00fcr L250 Bj. vor Sept. 2018 - Gartentechnik Scheerer\",\"isPartOf\":{\"@id\":\"https:\\\/\\\/www.alfred-scheerer.de\\\/shop\\\/#website\"},\"primaryImageOfPage\":{\"@id\":\"https:\\\/\\\/www.alfred-scheerer.de\\\/shop\\\/product\\\/umbausatz-gelaendeausgleich-federung-vorderachse-fuer-l250-bj-vor-sept-2018\\\/#primaryimage\"},\"image\":{\"@id\":\"https:\\\/\\\/www.alfred-scheerer.de\\\/shop\\\/product\\\/umbausatz-gelaendeausgleich-federung-vorderachse-fuer-l250-bj-vor-sept-2018\\\/#primaryimage\"},\"thumbnailUrl\":\"https:\\\/\\\/www.alfred-scheerer.de\\\/shop\\\/wp-content\\\/uploads\\\/2019\\\/11\\\/IMG_20191126_174349-1.jpg\",\"datePublished\":\"2019-11-27T17:15:13+00:00\",\"dateModified\":\"2025-08-11T06:49:21+00:00\",\"breadcrumb\":{\"@id\":\"https:\\\/\\\/www.alfred-scheerer.de\\\/shop\\\/product\\\/umbausatz-gelaendeausgleich-federung-vorderachse-fuer-l250-bj-vor-sept-2018\\\/#breadcrumb\"},\"inLanguage\":\"de\",\"potentialAction\":[{\"@type\":\"ReadAction\",\"target\":[\"https:\\\/\\\/www.alfred-scheerer.de\\\/shop\\\/product\\\/umbausatz-gelaendeausgleich-federung-vorderachse-fuer-l250-bj-vor-sept-2018\\\/\"]}]},{\"@type\":\"ImageObject\",\"inLanguage\":\"de\",\"@id\":\"https:\\\/\\\/www.alfred-scheerer.de\\\/shop\\\/product\\\/umbausatz-gelaendeausgleich-federung-vorderachse-fuer-l250-bj-vor-sept-2018\\\/#primaryimage\",\"url\":\"https:\\\/\\\/www.alfred-scheerer.de\\\/shop\\\/wp-content\\\/uploads\\\/2019\\\/11\\\/IMG_20191126_174349-1.jpg\",\"contentUrl\":\"https:\\\/\\\/www.alfred-scheerer.de\\\/shop\\\/wp-content\\\/uploads\\\/2019\\\/11\\\/IMG_20191126_174349-1.jpg\",\"width\":1033,\"height\":1033,\"caption\":\"Umbausatz Ambrogio L250 Vorderachse Gel\u00e4ndeausgleich\"},{\"@type\":\"BreadcrumbList\",\"@id\":\"https:\\\/\\\/www.alfred-scheerer.de\\\/shop\\\/product\\\/umbausatz-gelaendeausgleich-federung-vorderachse-fuer-l250-bj-vor-sept-2018\\\/#breadcrumb\",\"itemListElement\":[{\"@type\":\"ListItem\",\"position\":1,\"name\":\"Startseite\",\"item\":\"https:\\\/\\\/www.alfred-scheerer.de\\\/shop\\\/\"},{\"@type\":\"ListItem\",\"position\":2,\"name\":\"Gartentechnik Scheerer &#8211; Der Online Shop f\u00fcr M\u00e4hroboter und Zubeh\u00f6r\",\"item\":\"https:\\\/\\\/www.alfred-scheerer.de\\\/shop\\\/\"},{\"@type\":\"ListItem\",\"position\":3,\"name\":\"Umbausatz Gel\u00e4ndeausgleich Federung Vorderachse f\u00fcr L250 Bj. vor Sept. 2018\"}]},{\"@type\":\"WebSite\",\"@id\":\"https:\\\/\\\/www.alfred-scheerer.de\\\/shop\\\/#website\",\"url\":\"https:\\\/\\\/www.alfred-scheerer.de\\\/shop\\\/\",\"name\":\"Scheerer GmbH (ehem. Alfred Scheerer e.K.)\",\"description\":\"Der Online Shop aus Wermelskirchen f\u00fcr M\u00e4hroboter, Akku Gartenger\u00e4te, Ersatzteile und Zubeh\u00f6r\",\"publisher\":{\"@id\":\"https:\\\/\\\/www.alfred-scheerer.de\\\/shop\\\/#organization\"},\"potentialAction\":[{\"@type\":\"SearchAction\",\"target\":{\"@type\":\"EntryPoint\",\"urlTemplate\":\"https:\\\/\\\/www.alfred-scheerer.de\\\/shop\\\/?s={search_term_string}\"},\"query-input\":{\"@type\":\"PropertyValueSpecification\",\"valueRequired\":true,\"valueName\":\"search_term_string\"}}],\"inLanguage\":\"de\"},{\"@type\":\"Organization\",\"@id\":\"https:\\\/\\\/www.alfred-scheerer.de\\\/shop\\\/#organization\",\"name\":\"Scheerer GmbH\",\"url\":\"https:\\\/\\\/www.alfred-scheerer.de\\\/shop\\\/\",\"logo\":{\"@type\":\"ImageObject\",\"inLanguage\":\"de\",\"@id\":\"https:\\\/\\\/www.alfred-scheerer.de\\\/shop\\\/#\\\/schema\\\/logo\\\/image\\\/\",\"url\":\"https:\\\/\\\/alfred-scheerer.de\\\/shop\\\/wp-content\\\/uploads\\\/2024\\\/05\\\/baum.jpg\",\"contentUrl\":\"https:\\\/\\\/alfred-scheerer.de\\\/shop\\\/wp-content\\\/uploads\\\/2024\\\/05\\\/baum.jpg\",\"width\":512,\"height\":512,\"caption\":\"Scheerer GmbH\"},\"image\":{\"@id\":\"https:\\\/\\\/www.alfred-scheerer.de\\\/shop\\\/#\\\/schema\\\/logo\\\/image\\\/\"},\"sameAs\":[\"https:\\\/\\\/www.instagram.com\\\/alfredscheerer\\\/\"]}]}<\/script>\n<!-- \/ Yoast SEO plugin. -->","yoast_head_json":{"title":"Umbausatz Gel\u00e4ndeausgleich Federung Vorderachse f\u00fcr L250 Bj. vor Sept. 2018 - Gartentechnik Scheerer","robots":{"index":"index","follow":"follow","max-snippet":"max-snippet:-1","max-image-preview":"max-image-preview:large","max-video-preview":"max-video-preview:-1"},"canonical":"https:\/\/www.alfred-scheerer.de\/shop\/product\/umbausatz-gelaendeausgleich-federung-vorderachse-fuer-l250-bj-vor-sept-2018\/","og_locale":"de_DE","og_type":"article","og_title":"Umbausatz Gel\u00e4ndeausgleich Federung Vorderachse f\u00fcr L250 Bj. vor Sept. 2018 - Gartentechnik Scheerer","og_description":"Umbausatz f\u00fcr Ambrogio L250 Modelle, die vor September 2018 produziert worden sind, f\u00fcr die Federung der Vorderachse\/Gel\u00e4ndeausgleich.  Problembeschreibung: Die H\u00f6he des Roboters an der Frontseite reduziert sich durch eine starke Belastung bei unebenem Gel\u00e4nde und dadurch kann die Haube mit den St\u00fctzr\u00e4dern vorne in Ber\u00fchrung kommen, w\u00e4hrend diese sich drehen.  Ursache: Bei intensiven Langzeittests wurde festgestellt, dass sich nach etwa 1.000 Betriebsstunden die L\u00e4nge des Gummis (B) zwischen den beiden Armen des Gel\u00e4ndeausgleichsystems verk\u00fcrzt. Daraus resultierend sinkt die H\u00f6he der Aufh\u00e4ngung des Roboters an der Frontseite.  L\u00f6sung: Durch diesen Umbausatz wird das vorhandene Gummi (B) zwischen den beiden Armen des Gel\u00e4ndeausgleichsystems erneuert und mit 5 zus\u00e4tzlichen Gummischeiben (A) verst\u00e4rkt.  Lieferumfang: 1 St\u00fcck Gummielement 110Z36100A 5 St\u00fcck Gummiringe 110A00130A","og_url":"https:\/\/www.alfred-scheerer.de\/shop\/product\/umbausatz-gelaendeausgleich-federung-vorderachse-fuer-l250-bj-vor-sept-2018\/","og_site_name":"Gartentechnik Scheerer","article_modified_time":"2025-08-11T06:49:21+00:00","og_image":[{"width":1033,"height":1033,"url":"https:\/\/www.alfred-scheerer.de\/shop\/wp-content\/uploads\/2019\/11\/IMG_20191126_174349-1.jpg","type":"image\/jpeg"}],"twitter_card":"summary_large_image","twitter_misc":{"Gesch\u00e4tzte Lesezeit":"1\u00a0Minute"},"schema":{"@context":"https:\/\/schema.org","@graph":[{"@type":"WebPage","@id":"https:\/\/www.alfred-scheerer.de\/shop\/product\/umbausatz-gelaendeausgleich-federung-vorderachse-fuer-l250-bj-vor-sept-2018\/","url":"https:\/\/www.alfred-scheerer.de\/shop\/product\/umbausatz-gelaendeausgleich-federung-vorderachse-fuer-l250-bj-vor-sept-2018\/","name":"Umbausatz Gel\u00e4ndeausgleich Federung Vorderachse f\u00fcr L250 Bj. vor Sept. 2018 - Gartentechnik Scheerer","isPartOf":{"@id":"https:\/\/www.alfred-scheerer.de\/shop\/#website"},"primaryImageOfPage":{"@id":"https:\/\/www.alfred-scheerer.de\/shop\/product\/umbausatz-gelaendeausgleich-federung-vorderachse-fuer-l250-bj-vor-sept-2018\/#primaryimage"},"image":{"@id":"https:\/\/www.alfred-scheerer.de\/shop\/product\/umbausatz-gelaendeausgleich-federung-vorderachse-fuer-l250-bj-vor-sept-2018\/#primaryimage"},"thumbnailUrl":"https:\/\/www.alfred-scheerer.de\/shop\/wp-content\/uploads\/2019\/11\/IMG_20191126_174349-1.jpg","datePublished":"2019-11-27T17:15:13+00:00","dateModified":"2025-08-11T06:49:21+00:00","breadcrumb":{"@id":"https:\/\/www.alfred-scheerer.de\/shop\/product\/umbausatz-gelaendeausgleich-federung-vorderachse-fuer-l250-bj-vor-sept-2018\/#breadcrumb"},"inLanguage":"de","potentialAction":[{"@type":"ReadAction","target":["https:\/\/www.alfred-scheerer.de\/shop\/product\/umbausatz-gelaendeausgleich-federung-vorderachse-fuer-l250-bj-vor-sept-2018\/"]}]},{"@type":"ImageObject","inLanguage":"de","@id":"https:\/\/www.alfred-scheerer.de\/shop\/product\/umbausatz-gelaendeausgleich-federung-vorderachse-fuer-l250-bj-vor-sept-2018\/#primaryimage","url":"https:\/\/www.alfred-scheerer.de\/shop\/wp-content\/uploads\/2019\/11\/IMG_20191126_174349-1.jpg","contentUrl":"https:\/\/www.alfred-scheerer.de\/shop\/wp-content\/uploads\/2019\/11\/IMG_20191126_174349-1.jpg","width":1033,"height":1033,"caption":"Umbausatz Ambrogio L250 Vorderachse Gel\u00e4ndeausgleich"},{"@type":"BreadcrumbList","@id":"https:\/\/www.alfred-scheerer.de\/shop\/product\/umbausatz-gelaendeausgleich-federung-vorderachse-fuer-l250-bj-vor-sept-2018\/#breadcrumb","itemListElement":[{"@type":"ListItem","position":1,"name":"Startseite","item":"https:\/\/www.alfred-scheerer.de\/shop\/"},{"@type":"ListItem","position":2,"name":"Gartentechnik Scheerer &#8211; Der Online Shop f\u00fcr M\u00e4hroboter und Zubeh\u00f6r","item":"https:\/\/www.alfred-scheerer.de\/shop\/"},{"@type":"ListItem","position":3,"name":"Umbausatz Gel\u00e4ndeausgleich Federung Vorderachse f\u00fcr L250 Bj. vor Sept. 2018"}]},{"@type":"WebSite","@id":"https:\/\/www.alfred-scheerer.de\/shop\/#website","url":"https:\/\/www.alfred-scheerer.de\/shop\/","name":"Scheerer GmbH (ehem. Alfred Scheerer e.K.)","description":"Der Online Shop aus Wermelskirchen f\u00fcr M\u00e4hroboter, Akku Gartenger\u00e4te, Ersatzteile und Zubeh\u00f6r","publisher":{"@id":"https:\/\/www.alfred-scheerer.de\/shop\/#organization"},"potentialAction":[{"@type":"SearchAction","target":{"@type":"EntryPoint","urlTemplate":"https:\/\/www.alfred-scheerer.de\/shop\/?s={search_term_string}"},"query-input":{"@type":"PropertyValueSpecification","valueRequired":true,"valueName":"search_term_string"}}],"inLanguage":"de"},{"@type":"Organization","@id":"https:\/\/www.alfred-scheerer.de\/shop\/#organization","name":"Scheerer GmbH","url":"https:\/\/www.alfred-scheerer.de\/shop\/","logo":{"@type":"ImageObject","inLanguage":"de","@id":"https:\/\/www.alfred-scheerer.de\/shop\/#\/schema\/logo\/image\/","url":"https:\/\/alfred-scheerer.de\/shop\/wp-content\/uploads\/2024\/05\/baum.jpg","contentUrl":"https:\/\/alfred-scheerer.de\/shop\/wp-content\/uploads\/2024\/05\/baum.jpg","width":512,"height":512,"caption":"Scheerer GmbH"},"image":{"@id":"https:\/\/www.alfred-scheerer.de\/shop\/#\/schema\/logo\/image\/"},"sameAs":["https:\/\/www.instagram.com\/alfredscheerer\/"]}]}},"_links":{"self":[{"href":"https:\/\/www.alfred-scheerer.de\/shop\/wp-json\/wp\/v2\/product\/987","targetHints":{"allow":["GET"]}}],"collection":[{"href":"https:\/\/www.alfred-scheerer.de\/shop\/wp-json\/wp\/v2\/product"}],"about":[{"href":"https:\/\/www.alfred-scheerer.de\/shop\/wp-json\/wp\/v2\/types\/product"}],"wp:featuredmedia":[{"embeddable":true,"href":"https:\/\/www.alfred-scheerer.de\/shop\/wp-json\/wp\/v2\/media\/989"}],"wp:attachment":[{"href":"https:\/\/www.alfred-scheerer.de\/shop\/wp-json\/wp\/v2\/media?parent=987"}],"wp:term":[{"taxonomy":"product_brand","embeddable":true,"href":"https:\/\/www.alfred-scheerer.de\/shop\/wp-json\/wp\/v2\/product_brand?post=987"},{"taxonomy":"product_cat","embeddable":true,"href":"https:\/\/www.alfred-scheerer.de\/shop\/wp-json\/wp\/v2\/product_cat?post=987"},{"taxonomy":"product_tag","embeddable":true,"href":"https:\/\/www.alfred-scheerer.de\/shop\/wp-json\/wp\/v2\/product_tag?post=987"}],"curies":[{"name":"wp","href":"https:\/\/api.w.org\/{rel}","templated":true}]}}