{"id":993,"date":"2019-11-27T18:34:09","date_gmt":"2019-11-27T17:34:09","guid":{"rendered":"http:\/\/alfred-scheerer.de\/shop\/?post_type=product&#038;p=993"},"modified":"2025-04-15T16:39:27","modified_gmt":"2025-04-15T14:39:27","slug":"umbaukit-upgrade-verstaerkungswinkel-radmotor-sturz-radaufhaengung-ambrogio-l250-wiper-f-110a00090a","status":"publish","type":"product","link":"https:\/\/www.alfred-scheerer.de\/shop\/product\/umbaukit-upgrade-verstaerkungswinkel-radmotor-sturz-radaufhaengung-ambrogio-l250-wiper-f-110a00090a\/","title":{"rendered":"Umbaukit Upgrade Verst\u00e4rkungswinkel Radmotor Sturz Radaufh\u00e4ngung Ambrogio L250 Wiper F 110A00090A"},"content":{"rendered":"<p>Umbausatz f\u00fcr Ambrogio L250, Wiper F Modelle, die vor September 2018 produziert worden sind, zur Verst\u00e4rkung der Radmotoraufnahme\/Radaufh\u00e4ngung im inneren des Robotergeh\u00e4uses.<br \/>\nDurch das Upgrade Kit wird der Sturz der Antriebsr\u00e4der vermindert, die R\u00e4der stehen wieder senkrecht und das Robotergeh\u00e4use wird durch die Winkel verst\u00e4rkt.<br \/>\nWird der Umbaussatz nicht eingebaut, kann es passieren, dass das Geh\u00e4use vom Roboter im Bereich der Motoraufnahme bricht!<\/p>\n<p>Lieferumfang:<br \/>\nEinbauanleitung als PDF<br \/>\n2 St\u00fcck Verst\u00e4rkungswinkel (Nr.49) 110Z63300A<br \/>\n8 St\u00fcck Schrauben f\u00fcr Winkel\/Radmotor (Nr.47) C01465<br \/>\n2 St\u00fcck Radnarben Sechskant inkl. Madenschrauben (Nr.9) 110Z63400A<\/p>\n","protected":false},"excerpt":{"rendered":"<p>Umbausatz f\u00fcr Ambrogio L250, Wiper F Modelle, die vor September 2018 produziert worden sind, zur Verst\u00e4rkung der Radmotoraufnahme\/Radaufh\u00e4ngung im inneren des Robotergeh\u00e4uses.<br \/>\nDurch das Upgrade Kit wird der Sturz der Antriebsr\u00e4der vermindert, die R\u00e4der stehen wieder senkrecht und das Robotergeh\u00e4use wird durch die Winkel verst\u00e4rkt.<br \/>\nWird der Umbaussatz nicht eingebaut, kann es passieren, dass das Geh\u00e4use vom Roboter im Bereich der Motoraufnahme bricht!<\/p>\n<p>Lieferumfang:<br \/>\nEinbauanleitung als PDF<br \/>\n2 St\u00fcck Verst\u00e4rkungswinkel (Nr.49) 110Z63300A<br \/>\n8 St\u00fcck Schrauben f\u00fcr Winkel\/Radmotor (Nr.47) C01465<br \/>\n2 St\u00fcck Radnarben Sechskant inkl. Madenschrauben (Nr.9) 110Z63400A<\/p>\n","protected":false},"featured_media":995,"template":"","meta":[],"product_brand":[1756],"product_cat":[100],"product_tag":[793,53,84,787,788,789,790,460,791,461,792],"class_list":{"0":"post-993","1":"product","2":"type-product","3":"status-publish","4":"has-post-thumbnail","6":"product_brand-ambrogio","7":"product_cat-l250-l250i","8":"product_tag-110z63400a","9":"product_tag-ambrogio","10":"product_tag-l250","11":"product_tag-110a00090a","12":"product_tag-upgrade-kit-l250","13":"product_tag-sturz-raeder-l250","14":"product_tag-radsturz-l250","15":"product_tag-ambrogio-ersatzteile","16":"product_tag-110z63300a","17":"product_tag-ersatzteile-l250","18":"product_tag-c01465","19":"product_shipping_class-bis-10-kg-u-bezug","21":"first","22":"instock","23":"downloadable","24":"taxable","25":"shipping-taxable","26":"purchasable","27":"product-type-simple"},"yoast_head":"<!-- This site is optimized with the Yoast SEO plugin v27.4 - https:\/\/yoast.com\/product\/yoast-seo-wordpress\/ -->\n<title>Umbaukit Upgrade Verst\u00e4rkungswinkel Radmotor Sturz Radaufh\u00e4ngung Ambrogio L250 Wiper F 110A00090A - Gartentechnik Scheerer<\/title>\n<meta name=\"robots\" content=\"index, follow, max-snippet:-1, max-image-preview:large, max-video-preview:-1\" \/>\n<link rel=\"canonical\" href=\"https:\/\/www.alfred-scheerer.de\/shop\/product\/umbaukit-upgrade-verstaerkungswinkel-radmotor-sturz-radaufhaengung-ambrogio-l250-wiper-f-110a00090a\/\" \/>\n<meta property=\"og:locale\" content=\"de_DE\" \/>\n<meta property=\"og:type\" content=\"article\" \/>\n<meta property=\"og:title\" content=\"Umbaukit Upgrade Verst\u00e4rkungswinkel Radmotor Sturz Radaufh\u00e4ngung Ambrogio L250 Wiper F 110A00090A - Gartentechnik Scheerer\" \/>\n<meta property=\"og:description\" content=\"Umbausatz f\u00fcr Ambrogio L250, Wiper F Modelle, die vor September 2018 produziert worden sind, zur Verst\u00e4rkung der Radmotoraufnahme\/Radaufh\u00e4ngung im inneren des Robotergeh\u00e4uses. Durch das Upgrade Kit wird der Sturz der Antriebsr\u00e4der vermindert, die R\u00e4der stehen wieder senkrecht und das Robotergeh\u00e4use wird durch die Winkel verst\u00e4rkt. Wird der Umbaussatz nicht eingebaut, kann es passieren, dass das Geh\u00e4use vom Roboter im Bereich der Motoraufnahme bricht!  Lieferumfang: Einbauanleitung als PDF 2 St\u00fcck Verst\u00e4rkungswinkel (Nr.49) 110Z63300A 8 St\u00fcck Schrauben f\u00fcr Winkel\/Radmotor (Nr.47) C01465 2 St\u00fcck Radnarben Sechskant inkl. Madenschrauben (Nr.9) 110Z63400A\" \/>\n<meta property=\"og:url\" content=\"https:\/\/www.alfred-scheerer.de\/shop\/product\/umbaukit-upgrade-verstaerkungswinkel-radmotor-sturz-radaufhaengung-ambrogio-l250-wiper-f-110a00090a\/\" \/>\n<meta property=\"og:site_name\" content=\"Gartentechnik Scheerer\" \/>\n<meta property=\"article:modified_time\" content=\"2025-04-15T14:39:27+00:00\" \/>\n<meta property=\"og:image\" content=\"https:\/\/www.alfred-scheerer.de\/shop\/wp-content\/uploads\/2019\/11\/winkel-schraube-l250.jpg\" \/>\n\t<meta property=\"og:image:width\" content=\"504\" \/>\n\t<meta property=\"og:image:height\" content=\"419\" \/>\n\t<meta property=\"og:image:type\" content=\"image\/jpeg\" \/>\n<meta name=\"twitter:card\" content=\"summary_large_image\" \/>\n<meta name=\"twitter:label1\" content=\"Gesch\u00e4tzte Lesezeit\" \/>\n\t<meta name=\"twitter:data1\" content=\"1\u00a0Minute\" \/>\n<script type=\"application\/ld+json\" class=\"yoast-schema-graph\">{\"@context\":\"https:\\\/\\\/schema.org\",\"@graph\":[{\"@type\":\"WebPage\",\"@id\":\"https:\\\/\\\/www.alfred-scheerer.de\\\/shop\\\/product\\\/umbaukit-upgrade-verstaerkungswinkel-radmotor-sturz-radaufhaengung-ambrogio-l250-wiper-f-110a00090a\\\/\",\"url\":\"https:\\\/\\\/www.alfred-scheerer.de\\\/shop\\\/product\\\/umbaukit-upgrade-verstaerkungswinkel-radmotor-sturz-radaufhaengung-ambrogio-l250-wiper-f-110a00090a\\\/\",\"name\":\"Umbaukit Upgrade Verst\u00e4rkungswinkel Radmotor Sturz Radaufh\u00e4ngung Ambrogio L250 Wiper F 110A00090A - Gartentechnik Scheerer\",\"isPartOf\":{\"@id\":\"https:\\\/\\\/www.alfred-scheerer.de\\\/shop\\\/#website\"},\"primaryImageOfPage\":{\"@id\":\"https:\\\/\\\/www.alfred-scheerer.de\\\/shop\\\/product\\\/umbaukit-upgrade-verstaerkungswinkel-radmotor-sturz-radaufhaengung-ambrogio-l250-wiper-f-110a00090a\\\/#primaryimage\"},\"image\":{\"@id\":\"https:\\\/\\\/www.alfred-scheerer.de\\\/shop\\\/product\\\/umbaukit-upgrade-verstaerkungswinkel-radmotor-sturz-radaufhaengung-ambrogio-l250-wiper-f-110a00090a\\\/#primaryimage\"},\"thumbnailUrl\":\"https:\\\/\\\/www.alfred-scheerer.de\\\/shop\\\/wp-content\\\/uploads\\\/2019\\\/11\\\/winkel-schraube-l250.jpg\",\"datePublished\":\"2019-11-27T17:34:09+00:00\",\"dateModified\":\"2025-04-15T14:39:27+00:00\",\"breadcrumb\":{\"@id\":\"https:\\\/\\\/www.alfred-scheerer.de\\\/shop\\\/product\\\/umbaukit-upgrade-verstaerkungswinkel-radmotor-sturz-radaufhaengung-ambrogio-l250-wiper-f-110a00090a\\\/#breadcrumb\"},\"inLanguage\":\"de\",\"potentialAction\":[{\"@type\":\"ReadAction\",\"target\":[\"https:\\\/\\\/www.alfred-scheerer.de\\\/shop\\\/product\\\/umbaukit-upgrade-verstaerkungswinkel-radmotor-sturz-radaufhaengung-ambrogio-l250-wiper-f-110a00090a\\\/\"]}]},{\"@type\":\"ImageObject\",\"inLanguage\":\"de\",\"@id\":\"https:\\\/\\\/www.alfred-scheerer.de\\\/shop\\\/product\\\/umbaukit-upgrade-verstaerkungswinkel-radmotor-sturz-radaufhaengung-ambrogio-l250-wiper-f-110a00090a\\\/#primaryimage\",\"url\":\"https:\\\/\\\/www.alfred-scheerer.de\\\/shop\\\/wp-content\\\/uploads\\\/2019\\\/11\\\/winkel-schraube-l250.jpg\",\"contentUrl\":\"https:\\\/\\\/www.alfred-scheerer.de\\\/shop\\\/wp-content\\\/uploads\\\/2019\\\/11\\\/winkel-schraube-l250.jpg\",\"width\":504,\"height\":419},{\"@type\":\"BreadcrumbList\",\"@id\":\"https:\\\/\\\/www.alfred-scheerer.de\\\/shop\\\/product\\\/umbaukit-upgrade-verstaerkungswinkel-radmotor-sturz-radaufhaengung-ambrogio-l250-wiper-f-110a00090a\\\/#breadcrumb\",\"itemListElement\":[{\"@type\":\"ListItem\",\"position\":1,\"name\":\"Startseite\",\"item\":\"https:\\\/\\\/www.alfred-scheerer.de\\\/shop\\\/\"},{\"@type\":\"ListItem\",\"position\":2,\"name\":\"Gartentechnik Scheerer &#8211; Der Online Shop f\u00fcr M\u00e4hroboter und Zubeh\u00f6r\",\"item\":\"https:\\\/\\\/www.alfred-scheerer.de\\\/shop\\\/\"},{\"@type\":\"ListItem\",\"position\":3,\"name\":\"Umbaukit Upgrade Verst\u00e4rkungswinkel Radmotor Sturz Radaufh\u00e4ngung Ambrogio L250 Wiper F 110A00090A\"}]},{\"@type\":\"WebSite\",\"@id\":\"https:\\\/\\\/www.alfred-scheerer.de\\\/shop\\\/#website\",\"url\":\"https:\\\/\\\/www.alfred-scheerer.de\\\/shop\\\/\",\"name\":\"Scheerer GmbH (ehem. Alfred Scheerer e.K.)\",\"description\":\"Der Online Shop aus Wermelskirchen f\u00fcr M\u00e4hroboter, Akku Gartenger\u00e4te, Ersatzteile und Zubeh\u00f6r\",\"publisher\":{\"@id\":\"https:\\\/\\\/www.alfred-scheerer.de\\\/shop\\\/#organization\"},\"potentialAction\":[{\"@type\":\"SearchAction\",\"target\":{\"@type\":\"EntryPoint\",\"urlTemplate\":\"https:\\\/\\\/www.alfred-scheerer.de\\\/shop\\\/?s={search_term_string}\"},\"query-input\":{\"@type\":\"PropertyValueSpecification\",\"valueRequired\":true,\"valueName\":\"search_term_string\"}}],\"inLanguage\":\"de\"},{\"@type\":\"Organization\",\"@id\":\"https:\\\/\\\/www.alfred-scheerer.de\\\/shop\\\/#organization\",\"name\":\"Scheerer GmbH\",\"url\":\"https:\\\/\\\/www.alfred-scheerer.de\\\/shop\\\/\",\"logo\":{\"@type\":\"ImageObject\",\"inLanguage\":\"de\",\"@id\":\"https:\\\/\\\/www.alfred-scheerer.de\\\/shop\\\/#\\\/schema\\\/logo\\\/image\\\/\",\"url\":\"https:\\\/\\\/alfred-scheerer.de\\\/shop\\\/wp-content\\\/uploads\\\/2024\\\/05\\\/baum.jpg\",\"contentUrl\":\"https:\\\/\\\/alfred-scheerer.de\\\/shop\\\/wp-content\\\/uploads\\\/2024\\\/05\\\/baum.jpg\",\"width\":512,\"height\":512,\"caption\":\"Scheerer GmbH\"},\"image\":{\"@id\":\"https:\\\/\\\/www.alfred-scheerer.de\\\/shop\\\/#\\\/schema\\\/logo\\\/image\\\/\"},\"sameAs\":[\"https:\\\/\\\/www.instagram.com\\\/alfredscheerer\\\/\"]}]}<\/script>\n<!-- \/ Yoast SEO plugin. -->","yoast_head_json":{"title":"Umbaukit Upgrade Verst\u00e4rkungswinkel Radmotor Sturz Radaufh\u00e4ngung Ambrogio L250 Wiper F 110A00090A - Gartentechnik Scheerer","robots":{"index":"index","follow":"follow","max-snippet":"max-snippet:-1","max-image-preview":"max-image-preview:large","max-video-preview":"max-video-preview:-1"},"canonical":"https:\/\/www.alfred-scheerer.de\/shop\/product\/umbaukit-upgrade-verstaerkungswinkel-radmotor-sturz-radaufhaengung-ambrogio-l250-wiper-f-110a00090a\/","og_locale":"de_DE","og_type":"article","og_title":"Umbaukit Upgrade Verst\u00e4rkungswinkel Radmotor Sturz Radaufh\u00e4ngung Ambrogio L250 Wiper F 110A00090A - Gartentechnik Scheerer","og_description":"Umbausatz f\u00fcr Ambrogio L250, Wiper F Modelle, die vor September 2018 produziert worden sind, zur Verst\u00e4rkung der Radmotoraufnahme\/Radaufh\u00e4ngung im inneren des Robotergeh\u00e4uses. Durch das Upgrade Kit wird der Sturz der Antriebsr\u00e4der vermindert, die R\u00e4der stehen wieder senkrecht und das Robotergeh\u00e4use wird durch die Winkel verst\u00e4rkt. Wird der Umbaussatz nicht eingebaut, kann es passieren, dass das Geh\u00e4use vom Roboter im Bereich der Motoraufnahme bricht!  Lieferumfang: Einbauanleitung als PDF 2 St\u00fcck Verst\u00e4rkungswinkel (Nr.49) 110Z63300A 8 St\u00fcck Schrauben f\u00fcr Winkel\/Radmotor (Nr.47) C01465 2 St\u00fcck Radnarben Sechskant inkl. Madenschrauben (Nr.9) 110Z63400A","og_url":"https:\/\/www.alfred-scheerer.de\/shop\/product\/umbaukit-upgrade-verstaerkungswinkel-radmotor-sturz-radaufhaengung-ambrogio-l250-wiper-f-110a00090a\/","og_site_name":"Gartentechnik Scheerer","article_modified_time":"2025-04-15T14:39:27+00:00","og_image":[{"width":504,"height":419,"url":"https:\/\/www.alfred-scheerer.de\/shop\/wp-content\/uploads\/2019\/11\/winkel-schraube-l250.jpg","type":"image\/jpeg"}],"twitter_card":"summary_large_image","twitter_misc":{"Gesch\u00e4tzte Lesezeit":"1\u00a0Minute"},"schema":{"@context":"https:\/\/schema.org","@graph":[{"@type":"WebPage","@id":"https:\/\/www.alfred-scheerer.de\/shop\/product\/umbaukit-upgrade-verstaerkungswinkel-radmotor-sturz-radaufhaengung-ambrogio-l250-wiper-f-110a00090a\/","url":"https:\/\/www.alfred-scheerer.de\/shop\/product\/umbaukit-upgrade-verstaerkungswinkel-radmotor-sturz-radaufhaengung-ambrogio-l250-wiper-f-110a00090a\/","name":"Umbaukit Upgrade Verst\u00e4rkungswinkel Radmotor Sturz Radaufh\u00e4ngung Ambrogio L250 Wiper F 110A00090A - Gartentechnik Scheerer","isPartOf":{"@id":"https:\/\/www.alfred-scheerer.de\/shop\/#website"},"primaryImageOfPage":{"@id":"https:\/\/www.alfred-scheerer.de\/shop\/product\/umbaukit-upgrade-verstaerkungswinkel-radmotor-sturz-radaufhaengung-ambrogio-l250-wiper-f-110a00090a\/#primaryimage"},"image":{"@id":"https:\/\/www.alfred-scheerer.de\/shop\/product\/umbaukit-upgrade-verstaerkungswinkel-radmotor-sturz-radaufhaengung-ambrogio-l250-wiper-f-110a00090a\/#primaryimage"},"thumbnailUrl":"https:\/\/www.alfred-scheerer.de\/shop\/wp-content\/uploads\/2019\/11\/winkel-schraube-l250.jpg","datePublished":"2019-11-27T17:34:09+00:00","dateModified":"2025-04-15T14:39:27+00:00","breadcrumb":{"@id":"https:\/\/www.alfred-scheerer.de\/shop\/product\/umbaukit-upgrade-verstaerkungswinkel-radmotor-sturz-radaufhaengung-ambrogio-l250-wiper-f-110a00090a\/#breadcrumb"},"inLanguage":"de","potentialAction":[{"@type":"ReadAction","target":["https:\/\/www.alfred-scheerer.de\/shop\/product\/umbaukit-upgrade-verstaerkungswinkel-radmotor-sturz-radaufhaengung-ambrogio-l250-wiper-f-110a00090a\/"]}]},{"@type":"ImageObject","inLanguage":"de","@id":"https:\/\/www.alfred-scheerer.de\/shop\/product\/umbaukit-upgrade-verstaerkungswinkel-radmotor-sturz-radaufhaengung-ambrogio-l250-wiper-f-110a00090a\/#primaryimage","url":"https:\/\/www.alfred-scheerer.de\/shop\/wp-content\/uploads\/2019\/11\/winkel-schraube-l250.jpg","contentUrl":"https:\/\/www.alfred-scheerer.de\/shop\/wp-content\/uploads\/2019\/11\/winkel-schraube-l250.jpg","width":504,"height":419},{"@type":"BreadcrumbList","@id":"https:\/\/www.alfred-scheerer.de\/shop\/product\/umbaukit-upgrade-verstaerkungswinkel-radmotor-sturz-radaufhaengung-ambrogio-l250-wiper-f-110a00090a\/#breadcrumb","itemListElement":[{"@type":"ListItem","position":1,"name":"Startseite","item":"https:\/\/www.alfred-scheerer.de\/shop\/"},{"@type":"ListItem","position":2,"name":"Gartentechnik Scheerer &#8211; Der Online Shop f\u00fcr M\u00e4hroboter und Zubeh\u00f6r","item":"https:\/\/www.alfred-scheerer.de\/shop\/"},{"@type":"ListItem","position":3,"name":"Umbaukit Upgrade Verst\u00e4rkungswinkel Radmotor Sturz Radaufh\u00e4ngung Ambrogio L250 Wiper F 110A00090A"}]},{"@type":"WebSite","@id":"https:\/\/www.alfred-scheerer.de\/shop\/#website","url":"https:\/\/www.alfred-scheerer.de\/shop\/","name":"Scheerer GmbH (ehem. Alfred Scheerer e.K.)","description":"Der Online Shop aus Wermelskirchen f\u00fcr M\u00e4hroboter, Akku Gartenger\u00e4te, Ersatzteile und Zubeh\u00f6r","publisher":{"@id":"https:\/\/www.alfred-scheerer.de\/shop\/#organization"},"potentialAction":[{"@type":"SearchAction","target":{"@type":"EntryPoint","urlTemplate":"https:\/\/www.alfred-scheerer.de\/shop\/?s={search_term_string}"},"query-input":{"@type":"PropertyValueSpecification","valueRequired":true,"valueName":"search_term_string"}}],"inLanguage":"de"},{"@type":"Organization","@id":"https:\/\/www.alfred-scheerer.de\/shop\/#organization","name":"Scheerer GmbH","url":"https:\/\/www.alfred-scheerer.de\/shop\/","logo":{"@type":"ImageObject","inLanguage":"de","@id":"https:\/\/www.alfred-scheerer.de\/shop\/#\/schema\/logo\/image\/","url":"https:\/\/alfred-scheerer.de\/shop\/wp-content\/uploads\/2024\/05\/baum.jpg","contentUrl":"https:\/\/alfred-scheerer.de\/shop\/wp-content\/uploads\/2024\/05\/baum.jpg","width":512,"height":512,"caption":"Scheerer GmbH"},"image":{"@id":"https:\/\/www.alfred-scheerer.de\/shop\/#\/schema\/logo\/image\/"},"sameAs":["https:\/\/www.instagram.com\/alfredscheerer\/"]}]}},"_links":{"self":[{"href":"https:\/\/www.alfred-scheerer.de\/shop\/wp-json\/wp\/v2\/product\/993","targetHints":{"allow":["GET"]}}],"collection":[{"href":"https:\/\/www.alfred-scheerer.de\/shop\/wp-json\/wp\/v2\/product"}],"about":[{"href":"https:\/\/www.alfred-scheerer.de\/shop\/wp-json\/wp\/v2\/types\/product"}],"wp:featuredmedia":[{"embeddable":true,"href":"https:\/\/www.alfred-scheerer.de\/shop\/wp-json\/wp\/v2\/media\/995"}],"wp:attachment":[{"href":"https:\/\/www.alfred-scheerer.de\/shop\/wp-json\/wp\/v2\/media?parent=993"}],"wp:term":[{"taxonomy":"product_brand","embeddable":true,"href":"https:\/\/www.alfred-scheerer.de\/shop\/wp-json\/wp\/v2\/product_brand?post=993"},{"taxonomy":"product_cat","embeddable":true,"href":"https:\/\/www.alfred-scheerer.de\/shop\/wp-json\/wp\/v2\/product_cat?post=993"},{"taxonomy":"product_tag","embeddable":true,"href":"https:\/\/www.alfred-scheerer.de\/shop\/wp-json\/wp\/v2\/product_tag?post=993"}],"curies":[{"name":"wp","href":"https:\/\/api.w.org\/{rel}","templated":true}]}}